{"id":5632,"date":"2013-03-27T22:39:22","date_gmt":"2013-03-27T21:39:22","guid":{"rendered":"http:\/\/www.packpapierverlag.de\/?p=5632"},"modified":"2017-05-02T18:55:50","modified_gmt":"2017-05-02T16:55:50","slug":"ulrich-holbein-omnipax-zwischen-obstparadies-und-fleischfabrik-p157","status":"publish","type":"product","link":"https:\/\/www.packpapierverlag.de\/?product=ulrich-holbein-omnipax-zwischen-obstparadies-und-fleischfabrik-p157","title":{"rendered":"Ulrich Holbein : Omnipax. Zwischen Obstparadies und Fleischfabrik  &#8211; vegan &#8211; (p157)"},"content":{"rendered":"<p><a href=\"https:\/\/www.packpapierverlag.de\/wp-content\/uploads\/2011\/12\/omnipax-doppel.jpg\"><img loading=\"lazy\" decoding=\"async\" class=\"alignleft size-medium wp-image-5629\" title=\"omnipax doppel\" src=\"https:\/\/www.packpapierverlag.de\/wp-content\/uploads\/2011\/12\/omnipax-doppel-300x218.jpg\" alt=\"\" width=\"300\" height=\"218\" srcset=\"https:\/\/www.packpapierverlag.de\/wp-content\/uploads\/2011\/12\/omnipax-doppel-300x218.jpg 300w, https:\/\/www.packpapierverlag.de\/wp-content\/uploads\/2011\/12\/omnipax-doppel-1024x744.jpg 1024w\" sizes=\"auto, (max-width: 300px) 100vw, 300px\" \/><\/a><small style=\"color: #034103;\"><big style=\"color: #057e05;\"><span style=\"font-family: Helvetica,Arial,sans-serif; font-weight: bold;\">Ulrich Holbein:<\/span><\/big><\/small><\/p>\n<p><small style=\"color: #034103;\"><big style=\"color: #057e05;\"><span style=\"font-family: Helvetica,Arial,sans-serif; font-weight: bold;\">Omnipax. Zwischen Obstparadies und Fleischfabrik<\/span><\/big><br style=\"font-family: Helvetica,Arial,sans-serif;\" \/><span style=\"font-family: Helvetica,Arial,sans-serif;\">Bibliophile Doppelausgabe zum W\u00e4hlen: Schafgabe (links) oder Skabiose (rechts). <\/span><span style=\"font-family: Helvetica,Arial,sans-serif;\">176 Seiten, DIN A6, D\u00fcnndruck, mit zahlreichen Bildern und Collagen. ISBN 978-3-931504-03-8<\/span><br style=\"font-family: Helvetica,Arial,sans-serif;\" \/><span style=\"font-family: Helvetica,Arial,sans-serif;\"><span style=\"font-weight: bold;\">INHALTSVERZEICHNIS<\/span>:<br \/>\nErschr\u00f6ckliche Statistik * K\u00f6rnerfresser und Aasvertilger * Wie ich wiederholt Vegetarier wurde und dann auch blieb * Er ewige Kampf ums Schwein der Erkenntnis. Aus einer \u00f6ffentlichen Vegetarismus-Debatte * Verkehrte Welt: Dante-H\u00f6lle im Neandertal * KZs mit H\u00fchner-KZs vergleichen- darf man das? Oder mu\u00df man das sogar? * Schafskopfeintopf, B\u00fcffelpenissuppe, Placentapastete * Verzehr von Thierleichenfleisch, das uns gottun\u00e4hnlich macht (\u00fcber den Lebensreformer und K\u00fcnstler Diefenbach) * K\u00fcssen bitte auch Sie deine Feinde! Endlich f\u00fcr immer vers\u00f6hnt! * Literaturempfehlungen * Namhafte Vegetarier (l\u00fcckenhaft) * Dezidierte Nicht-Vegetarier (extrem inkomplett) * Der Autor*<\/span><br style=\"font-family: Helvetica,Arial,sans-serif;\" \/><span style=\"font-family: Helvetica,Arial,sans-serif; font-weight: bold;\">KLAPPENTEXT:<\/span> <br style=\"font-family: Helvetica,Arial,sans-serif;\" \/><span style=\"font-family: Helvetica,Arial,sans-serif;\">Heute kann der vegane K\u00fcchenchef im Supermarkt jede Menge Fertiggerichte und Spezialit\u00e4ten kaufen und tut das auch flei\u00dfig. Bei der kritischen Auseinandersetzung mit der fleischessenden Mehrheit ist er dagegen nicht so flei\u00dfig und begn\u00fcgt sich oft damit, sie M\u00f6rder zu nennen. Hin und wieder verfa\u00dft er gemeinsam mit seiner Tierrechtsgruppe informative Protestschreiben oder moralische Kurzgeschichten. Das ist nat\u00fcrlich alles richtig, aber literarisch und kulturell etwas wenig.<\/span><br style=\"font-family: Helvetica,Arial,sans-serif;\" \/><span style=\"font-family: Helvetica,Arial,sans-serif;\">Da\u00df es auch anders geht, zeigt Ulrich Holbein in \u201eOmnipax\u201c. Auf seinen Streifz\u00fcgen durch das Neandertal des 21. Jahrhunderts begegnet er Gourmetk\u00f6chen und Survivalisten, die von tranchierten Geb\u00e4rmutterh\u00e4lsen in gekrusteter Kuddelso\u00dfe schw\u00e4rmen, und sinnsuchenden Neuzeitschamaninnen, die mit dem Flugzeug zum animistischen Tieropfer pilgern, um im Einklang mit der Natur zu leben. Der Autor wandert durch die von Schmei\u00dffliegen bedeckten Eingeweidem\u00e4rkte Bombays und disputiert mit seinem wurstbrotessenden Vater und einer dazuzitierten Runde von Gelehrten, K\u00fcnstlern, \u00c4rzten, Politikern und Propheten unterschiedlicher Zeiten und Kulturkreise die ethischen und \u00e4sthetischen Nebenwirkungen \u201etierverwertender\u201c Gesellschaften. <\/span><span style=\"font-family: Helvetica,Arial,sans-serif;\">Neben ironisch-bei\u00dfenden Texten, in denen Ulrich den Zivilisationsschlachthof in ebenso schonungslosen wie opulenten Sprachbildern nachzeichnet, stehen immer wieder Passagen, die von der Machbarkeit eines spezies\u00fcbergreifenden Friedens k\u00fcnden, und sei es nur, indem zwei G\u00e4ste einer Hochzeitsgesellschaft die ihnen zugedachten Forellen, statt sie t\u00f6ten zu lassen, dabei beobachten, wie sie im Teich ihre Bahnen ziehen und schlie\u00dflich vorsichtig heranschwimmen, um ihre Lebensretter zu begr\u00fc\u00dfen. Das liest sich r\u00fchrend, aber kitschig wird es nicht- denn schon hat die n\u00e4chste Busladung menschlicher G\u00e4ste am \u201eForellenhof\u201c halt gemacht. <\/span><span style=\"font-family: Helvetica,Arial,sans-serif;\">Die Frage ist, ob der Veganer emanzipierter ist als der Fleischesser und sich, wie etwa der Maler und Lebensreformer Diefenbach hoffte, spirituell weiterentwickelt hat. Nicht nur der verspottete \u201eKohlrabi- Apostel\u201c wurde eines besseren belehrt, auch Ulrich Holbein stie\u00df in den Kreisen der Nicht- Karnivoren keineswegs auf eintr\u00e4chtig zusammenlebende Artgenossen, sondern auf verkniffene Fr\u00e4uleins mit aufgestecktem Haardutt und innigst miteinander verstrittene Vegetarier und Veganer (Ist Milchkonsum Beihilfe zum Mord?), Tabubef\u00fcrworter- und Ver\u00e4chter (Darf man H\u00fchner-KZ sagen oder nicht?) und auf Buddhisten, die \u201ewie plem-plem f\u00fcr Hitlers Erl\u00f6sung beten\u201c.<\/span><br style=\"font-family: Helvetica,Arial,sans-serif;\" \/><span style=\"font-family: Helvetica,Arial,sans-serif;\">Omnipax, so scheint es, gibt es nur im K\u00f6lner Karneval und in den Werbeprospekten der Mormonen, wo das L\u00e4mmlein beim L\u00f6wen liegt und die Erwachsenen z\u00fcchtig verh\u00fcllt l\u00e4cheln.<\/span><\/small><\/p>\n","protected":false},"excerpt":{"rendered":"<p>Ulrich Holbein: Omnipax. Zwischen Obstparadies und FleischfabrikBibliophile Doppelausgabe zum W\u00e4hlen: [&hellip;] &hellip; <a href=\"https:\/\/www.packpapierverlag.de\/?product=ulrich-holbein-omnipax-zwischen-obstparadies-und-fleischfabrik-p157\">Weiterlesen <span class=\"meta-nav\">&rarr;<\/span><\/a><\/p>\n","protected":false},"featured_media":5629,"template":"","meta":[],"product_brand":[],"product_cat":[15,18,3],"product_tag":[],"class_list":{"0":"post-5632","1":"product","2":"type-product","3":"status-publish","4":"has-post-thumbnail","6":"product_cat-kochbucher-ernahrung-bewusstsein","7":"product_cat-literatur","8":"product_cat-produkte","10":"first","11":"instock","12":"shipping-taxable","13":"purchasable","14":"product-type-simple"},"_links":{"self":[{"href":"https:\/\/www.packpapierverlag.de\/index.php?rest_route=\/wp\/v2\/product\/5632","targetHints":{"allow":["GET"]}}],"collection":[{"href":"https:\/\/www.packpapierverlag.de\/index.php?rest_route=\/wp\/v2\/product"}],"about":[{"href":"https:\/\/www.packpapierverlag.de\/index.php?rest_route=\/wp\/v2\/types\/product"}],"wp:featuredmedia":[{"embeddable":true,"href":"https:\/\/www.packpapierverlag.de\/index.php?rest_route=\/wp\/v2\/media\/5629"}],"wp:attachment":[{"href":"https:\/\/www.packpapierverlag.de\/index.php?rest_route=%2Fwp%2Fv2%2Fmedia&parent=5632"}],"wp:term":[{"taxonomy":"product_brand","embeddable":true,"href":"https:\/\/www.packpapierverlag.de\/index.php?rest_route=%2Fwp%2Fv2%2Fproduct_brand&post=5632"},{"taxonomy":"product_cat","embeddable":true,"href":"https:\/\/www.packpapierverlag.de\/index.php?rest_route=%2Fwp%2Fv2%2Fproduct_cat&post=5632"},{"taxonomy":"product_tag","embeddable":true,"href":"https:\/\/www.packpapierverlag.de\/index.php?rest_route=%2Fwp%2Fv2%2Fproduct_tag&post=5632"}],"curies":[{"name":"wp","href":"https:\/\/api.w.org\/{rel}","templated":true}]}}