{"id":565,"date":"2010-12-12T19:35:17","date_gmt":"2010-12-12T18:35:17","guid":{"rendered":"http:\/\/www.packpapierverlag.de\/neu\/?p=565"},"modified":"2025-10-28T12:53:12","modified_gmt":"2025-10-28T11:53:12","slug":"windkraft-echt-stark","status":"publish","type":"product","link":"https:\/\/www.packpapierverlag.de\/?product=windkraft-echt-stark","title":{"rendered":"EsA Windkraft? Echt stark! (c19)"},"content":{"rendered":"<p><a href=\"https:\/\/www.packpapierverlag.de\/wp-content\/uploads\/2010\/12\/Wind-stark.jpg\"><img loading=\"lazy\" decoding=\"async\" class=\"alignleft size-medium wp-image-3942\" title=\"Wind stark\" src=\"https:\/\/www.packpapierverlag.de\/wp-content\/uploads\/2010\/12\/Wind-stark-210x300.jpg\" alt=\"\" width=\"210\" height=\"300\" srcset=\"https:\/\/www.packpapierverlag.de\/wp-content\/uploads\/2010\/12\/Wind-stark-210x300.jpg 210w, https:\/\/www.packpapierverlag.de\/wp-content\/uploads\/2010\/12\/Wind-stark-300x428.jpg 300w, https:\/\/www.packpapierverlag.de\/wp-content\/uploads\/2010\/12\/Wind-stark-718x1024.jpg 718w, https:\/\/www.packpapierverlag.de\/wp-content\/uploads\/2010\/12\/Wind-stark.jpg 1024w\" sizes=\"auto, (max-width: 210px) 100vw, 210px\" \/><\/a><small style=\"color: #1d3d3d;\"><big style=\"color: #326b6b; font-weight: bold;\"><span style=\"font-family: Helvetica,Arial,sans-serif;\">Windkraft? Echt stark! Anleitung f\u00fcr sehr einfache, stabile Bauweisen aus Schrott.<\/span><\/big><br style=\"font-family: Helvetica,Arial,sans-serif;\" \/><span style=\"font-family: Helvetica,Arial,sans-serif;\">Windkraft- Heft Nr. 3 der Reihe \u201eEinf\u00e4lle statt Abf\u00e4lle\u201c.<\/span><br style=\"font-family: Helvetica,Arial,sans-serif;\" \/><span style=\"font-family: Helvetica,Arial,sans-serif;\">F\u00fcr Windr\u00e4der von 2,5 \u2013 4 Meter im Durchmesser und 500 Watt- 4 Kilo- Watt, 12- 400 Volt Leistung. <strong>Neuausgabe 2025, jetzt 96 Seiten<\/strong> mit Batterie- Reparatur- Fachkunde.<\/span><br style=\"font-family: Helvetica,Arial,sans-serif;\" \/><span style=\"font-family: Helvetica,Arial,sans-serif;\">Reich bebilderte (Zeichnungen, Schaubilder, Tabellen, Photos,&#8230;) Brosch\u00fcre mit 81 Seiten, DIN A 5, auf Umweltpapier gedruckt.<\/span><br style=\"font-family: Helvetica,Arial,sans-serif;\" \/><span style=\"font-family: Helvetica,Arial,sans-serif;\">Die Brosch\u00fcre enth\u00e4lt Anleitungen f\u00fcr sehr zuverl\u00e4ssig und ruhig laufende, starke Windr\u00e4der, f\u00fcr die man noch keine Baugenehmigung braucht. Wie auch bei den anderen Heften der Reihe lassen sich alle ben\u00f6tigten Materialien auf dem Schrottplatz oder kosteng\u00fcnstig im Handel erwerben. Dank ausf\u00fchrlicher Illustrationen und einer Schritt- f\u00fcr- Schritt- Anleitung kann sich auch der Laie nach dieser Brosch\u00fcre ein Windrad zusammenbauen.<\/span><br style=\"font-family: Helvetica,Arial,sans-serif;\" \/><span style=\"font-family: Helvetica,Arial,sans-serif;\"><span style=\"font-weight: bold;\">INHALT: <\/span>* Zur Bauweise des Windrades * Planung Was soll das Windrad bringen? * Standort, Repeller- Gr\u00f6\u00dfe und Leistung *\u00a0Welcher Generator passt dazu? Anpassung, praktische Beispiele * <\/span><span style=\"font-weight: bold; font-family: Helvetica,Arial,sans-serif;\">Bau des Windrades: Der Repeller<\/span><span style=\"font-family: Helvetica,Arial,sans-serif;\"> * Vereinfachter Repeller f\u00fcr die Praxis\u00a0* Die Werkzeuge und der Umgang damit *\u00a0Gutes Holz erkennen *\u00a0Bau des 3- Fl\u00fcgel- \u201eEdel\u201c \u2013 Repellers *\u00a0Auswuchten *\u00a0 Repeller- Lager vorbereiten zum Auswuchten *\u00a0Repeller schmirgeln, Hagelschutz und Lack *\u00a0Befestigung des Repeller am Lager * <\/span><span style=\"font-weight: bold; font-family: Helvetica,Arial,sans-serif;\">Bau des Getriebes:<\/span><span style=\"font-family: Helvetica,Arial,sans-serif;\"> * Flachriemenantrieb f\u00fcr den Selbstbau \u00a0* Riemen- Selbstspann \u2013 Automatik *\u00a0Bau- Beispiel: LiMa- Aufh\u00e4ngung mit Spann- Automatik und Aussichtsm\u00f6glichkeit * <\/span><span style=\"font-weight: bold; font-family: Helvetica,Arial,sans-serif;\">Das \u00fcbrige Windrad: Mechanik:<\/span><span style=\"font-family: Helvetica,Arial,sans-serif;\"> * Ma\u00dfverh\u00e4ltnisse *\u00a0Steuerung und Sturmsicherung *\u00a0Das Azimutlager (= Lagerung auf dem Mast) *\u00a0Der Rahmen *\u00a0Die Bremsmechanik *\u00a0Kabel und Bremsseil durch den Mast f\u00fchren *\u00a0Super- sicher: zus\u00e4tzliche Fliehkraft- \u00dcberdrehzahlsicherung *\u00a0Der Windrad- Mast * \u201eFachkunde\u201c zu besonderen Bauteilen * Wie funktioniert der Repeller? *\u00a0Wie funktioniert eine Auto- Lichtmaschine (LiMa)? *\u00a0LiMas verbessern: selbsterregend, Leistungs- Umschaltautomatik, Regler raus *\u00a0Die alt- bew\u00e4hrte Gleichstrom- LiMa *\u00a0LiMas ausw\u00e4hlen und pr\u00fcfen auf dem Schrottplatz *\u00a0Drehstrom- Asynchronmotor (einfacher Kurzschlussl\u00e4ufer) als Generator f\u00fcr ca. 110- 380 Volt *\u00a0Pr\u00fcfen auf dem Schrottplatz *\u00a0Anschlussweise, Zuschalten der Last, Verbesserungen, Verbraucher * <\/span><span style=\"font-weight: bold; font-family: Helvetica,Arial,sans-serif;\">Wohin mit dem Strom?<\/span><span style=\"font-family: Helvetica,Arial,sans-serif;\"> * Batterien richtig behandeln *\u00a0Schutzschaltungen statt gef\u00e4hrlicher LiMa- Regler *\u00a0Was man mit dem Windradstrom alles kann- sogar schwei\u00dfen! * <\/span><span style=\"font-weight: bold; font-family: Helvetica,Arial,sans-serif;\">Wenn` s extra einfach sein soll&#8230;<\/span><span style=\"font-family: Helvetica,Arial,sans-serif;\"> * Windrad fast ganz aus Holz*\u00a0Zweifl\u00fcgel *\u00a0\u201ePrimitiv\u201c *\u00a0Repeller und Keilriemen *\u00a0Holzbautricks f\u00fcr` s Edel- Windrad * <\/span><span style=\"font-weight: bold; font-family: Helvetica,Arial,sans-serif;\">Spezial- Tricks<\/span><span style=\"font-family: Helvetica,Arial,sans-serif;\"> * Blitzschutz f\u00fcr Windrad und Elektrik *\u00a0Ausf\u00fchrliche Batterie- Fachkunde mit Reparatur-Tricks * N\u00fctzliche Adressen<\/span><\/small><\/p>\n","protected":false},"excerpt":{"rendered":"<p>Windkraft? Echt stark! Anleitung f\u00fcr sehr einfache, stabile Bauweisen aus [&hellip;] &hellip; <a href=\"https:\/\/www.packpapierverlag.de\/?product=windkraft-echt-stark\">Weiterlesen <span class=\"meta-nav\">&rarr;<\/span><\/a><\/p>\n","protected":false},"featured_media":3942,"template":"","meta":[],"product_brand":[],"product_cat":[3,5],"product_tag":[],"class_list":{"0":"post-565","1":"product","2":"type-product","3":"status-publish","4":"has-post-thumbnail","6":"product_cat-produkte","7":"product_cat-selbstversorgung","9":"first","10":"instock","11":"shipping-taxable","12":"purchasable","13":"product-type-simple"},"_links":{"self":[{"href":"https:\/\/www.packpapierverlag.de\/index.php?rest_route=\/wp\/v2\/product\/565","targetHints":{"allow":["GET"]}}],"collection":[{"href":"https:\/\/www.packpapierverlag.de\/index.php?rest_route=\/wp\/v2\/product"}],"about":[{"href":"https:\/\/www.packpapierverlag.de\/index.php?rest_route=\/wp\/v2\/types\/product"}],"wp:featuredmedia":[{"embeddable":true,"href":"https:\/\/www.packpapierverlag.de\/index.php?rest_route=\/wp\/v2\/media\/3942"}],"wp:attachment":[{"href":"https:\/\/www.packpapierverlag.de\/index.php?rest_route=%2Fwp%2Fv2%2Fmedia&parent=565"}],"wp:term":[{"taxonomy":"product_brand","embeddable":true,"href":"https:\/\/www.packpapierverlag.de\/index.php?rest_route=%2Fwp%2Fv2%2Fproduct_brand&post=565"},{"taxonomy":"product_cat","embeddable":true,"href":"https:\/\/www.packpapierverlag.de\/index.php?rest_route=%2Fwp%2Fv2%2Fproduct_cat&post=565"},{"taxonomy":"product_tag","embeddable":true,"href":"https:\/\/www.packpapierverlag.de\/index.php?rest_route=%2Fwp%2Fv2%2Fproduct_tag&post=565"}],"curies":[{"name":"wp","href":"https:\/\/api.w.org\/{rel}","templated":true}]}}