{"id":567,"date":"2010-12-12T19:36:01","date_gmt":"2010-12-12T18:36:01","guid":{"rendered":"http:\/\/www.packpapierverlag.de\/neu\/?p=567"},"modified":"2017-04-24T10:52:46","modified_gmt":"2017-04-24T08:52:46","slug":"twind-windmuhlen-in-danemark","status":"publish","type":"product","link":"https:\/\/www.packpapierverlag.de\/?product=twind-windmuhlen-in-danemark","title":{"rendered":"Twind: Windm\u00fchlen und mehr in D\u00e4nemark (p15)"},"content":{"rendered":"<p><a href=\"https:\/\/www.packpapierverlag.de\/wp-content\/uploads\/2010\/12\/Wir-bringens-in-Gang.jpg\"><img loading=\"lazy\" decoding=\"async\" class=\"alignleft size-medium wp-image-3946\" title=\"Wir bringens in Gang\" src=\"https:\/\/www.packpapierverlag.de\/wp-content\/uploads\/2010\/12\/Wir-bringens-in-Gang-223x300.jpg\" alt=\"\" width=\"223\" height=\"300\" srcset=\"https:\/\/www.packpapierverlag.de\/wp-content\/uploads\/2010\/12\/Wir-bringens-in-Gang-223x300.jpg 223w, https:\/\/www.packpapierverlag.de\/wp-content\/uploads\/2010\/12\/Wir-bringens-in-Gang-300x402.jpg 300w, https:\/\/www.packpapierverlag.de\/wp-content\/uploads\/2010\/12\/Wir-bringens-in-Gang-764x1024.jpg 764w, https:\/\/www.packpapierverlag.de\/wp-content\/uploads\/2010\/12\/Wir-bringens-in-Gang.jpg 1024w\" sizes=\"auto, (max-width: 223px) 100vw, 223px\" \/><\/a><small style=\"color: #1b3d3d;\"><big style=\"color: #275959;\"><span style=\"font-family: Helvetica,Arial,sans-serif; font-weight: bold;\">Wir bringen`s in Gang! Windm\u00fchlen, Sonnenenergie, Wellenkraft, Gasgewinnung, lokale Verbrennung und Geothermik in D\u00e4nemark<\/span><\/big><br style=\"font-family: Helvetica,Arial,sans-serif;\" \/><span style=\"font-family: Helvetica,Arial,sans-serif;\">Dokumentation alternativer Energien durch Sch\u00fcler der Tvind- Schule, die in den 1970ern als \u201eReisende Hochschule\u201c mit einem Bus in mehreren L\u00e4ndern unterwegs waren, unter anderem in S\u00fcdafrika, vor allem aber in D\u00e4nemark.<\/span><br style=\"font-family: Helvetica,Arial,sans-serif;\" \/><span style=\"font-family: Helvetica,Arial,sans-serif;\">Im vorliegenden B\u00fcchlein von 1979 ver\u00f6ffentlichen sie ihre Recherchen, Interviews und eigenen Experimente mit alternativen Energien. Das Buch ist eine spannend zu lesende Einf\u00fchrung und fr\u00fche sowie kritische Dokumentation alternativer Energien (Wasser, Wind, Sonne, Biogas, Geothermik,&#8230;) und umweltfreundlichen Hausbaus (Isolierung,&#8230;.). Hinten im B\u00fcchlein findet der Hobbybastler eine Anleitung zum Bau einer Sonnendusche. <\/span><span style=\"font-family: Helvetica,Arial,sans-serif;\">Erschienen ist das Buch im Packpapier-Verlag, es hat 112 Seiten (Softcover) und ist ebenso kundig wie unterhaltsam geschrieben und illustriert.<\/span><br style=\"font-family: Helvetica,Arial,sans-serif;\" \/><span style=\"font-family: Helvetica,Arial,sans-serif; font-weight: bold;\">INHALT:<\/span><br style=\"font-family: Helvetica,Arial,sans-serif;\" \/><span style=\"font-family: Helvetica,Arial,sans-serif;\">Einleitung<\/span><br style=\"font-family: Helvetica,Arial,sans-serif;\" \/><span style=\"font-family: Helvetica,Arial,sans-serif;\"><span style=\"font-weight: bold; color: #275959;\">KAPITEL 1<\/span>: Dauernde Energie im Gebrauch * Was ist dauernde Energie?<\/span><br style=\"font-family: Helvetica,Arial,sans-serif;\" \/><span style=\"font-family: Helvetica,Arial,sans-serif;\"><span style=\"font-weight: bold;\">SONNE<\/span> \u2013 Sonnenkollektoren: * Ein Sonnenkollektor im Gebrauch * Die Neigung der Sonne * In welchem Umfang k\u00f6nnen wir Sonnenkollektoren gebrauchen? * Wie gro\u00df soll der Sonnenkollektor sein? *<br \/>\nAndere Arten, Sonnenenergie zu nutzen * Sonnenfabrik in den Pyren\u00e4en * Riesensonnenkraftwerke? * Sonnen\u00f6fen * Die Sonnenzelle<\/span><br style=\"font-family: Helvetica,Arial,sans-serif;\" \/><span style=\"font-family: Helvetica,Arial,sans-serif;\"><span style=\"font-weight: bold;\">WIND <\/span>&#8211; Die Windrose * Die Klappsegelm\u00fchle * Propellerm\u00fchlen * Der Darrieus-Rotor * K\u00f6nnen wir die Elektrizit\u00e4t von den Windm\u00fchlen speichern? * Forschung in der Windenergie<\/span><br style=\"font-family: Helvetica,Arial,sans-serif;\" \/><span style=\"font-family: Helvetica,Arial,sans-serif;\"><span style=\"font-weight: bold;\">W\u00c4RMEPUMPEN <\/span>&#8211; Wie funktioniert eine W\u00e4rmepumpe? * Das Erdw\u00e4rme- Versuchshaus * Ein Haus in Nordj\u00fctland * Stallw\u00e4rme<\/span><br style=\"font-family: Helvetica,Arial,sans-serif;\" \/><span style=\"font-family: Helvetica,Arial,sans-serif;\"><span style=\"font-weight: bold;\">BIOGAS<\/span> &#8211; Biogas auf F\u00fcnen * Die Anlage von Anders Lassen * Welche M\u00f6glichkeiten gibt es mit Biogas?<\/span><br style=\"font-family: Helvetica,Arial,sans-serif;\" \/><span style=\"font-family: Helvetica,Arial,sans-serif;\"><span style=\"font-weight: bold; color: #275959;\">KAPITEL 2: <\/span>\u00dcber eine bessere Ausnutzung der jetzigen Energiequellen<\/span><br style=\"font-family: Helvetica,Arial,sans-serif;\" \/><span style=\"font-family: Helvetica,Arial,sans-serif;\"><span style=\"font-weight: bold;\">ISOLIERUNG<\/span> * Wir haben einige Menschen \u00fcber Isolierung befragt * Energieverslust in Elektrizit\u00e4tswerken und Fabriken <\/span><span style=\"font-family: Helvetica,Arial,sans-serif;\">* Wiedergebrauch von warmen K\u00fchlwasser * Warum wird das K\u00fchlwasser nicht besser ausgenutzt? <\/span><span style=\"font-family: Helvetica,Arial,sans-serif;\">* Abfallverbrennung * Skive * Abfallbrenner in Familiengr\u00f6\u00dfe<\/span><br style=\"font-family: Helvetica,Arial,sans-serif;\" \/><span style=\"font-family: Helvetica,Arial,sans-serif;\"><span style=\"font-weight: bold; color: #275959;\">KAPITEL 3<\/span>: Entwicklung von d\u00e4nischen Energiequellen auf nationaler Ebene * Wir m\u00fcssen das Erdgas nutzen * Vorteile des Erdgases<\/span><br style=\"font-family: Helvetica,Arial,sans-serif;\" \/><span style=\"font-family: Helvetica,Arial,sans-serif;\"><span style=\"font-weight: bold;\">ERDGAS<\/span> &#8211; Warum wird das Erdgas nicht im gro\u00dfen Ma\u00dfstab genutzt? * K\u00f6nnen wir Selbstversorger werden? Die Rechte \u00fcber den Nordseegrund sind in ausl\u00e4ndischen H\u00e4nden * Erling Jensen hat die Fehler nicht wieder gutgemacht * Wenn die Erdgasvorkommen verstaatlicht w\u00fcrden, hie\u00dfe das Selbstversorgung<\/span><br style=\"font-family: Helvetica,Arial,sans-serif;\" \/><span style=\"font-family: Helvetica,Arial,sans-serif;\"><span style=\"font-weight: bold;\">GEOTHERMISCHE W\u00c4RME <\/span>&#8211; Wie wird sie genutzt? * Vorteile * M\u00f6glichkeiten der Nutzung<\/span><br style=\"font-family: Helvetica,Arial,sans-serif;\" \/><span style=\"font-family: Helvetica,Arial,sans-serif;\"><span style=\"font-weight: bold;\">WELLENENERGIE<\/span> &#8211; England ist auch dabei * Wellenenrgie in D\u00e4nemark <\/span><span style=\"font-family: Helvetica,Arial,sans-serif; font-weight: bold;\">CYCLONGENERATOR<\/span><br style=\"font-family: Helvetica,Arial,sans-serif;\" \/><span style=\"font-family: Helvetica,Arial,sans-serif;\"><span style=\"font-weight: bold; color: #275959;\">KAPITEL 4<\/span>: Wie eine Stadt mit dauernder Energie versorgt werden kann * Wo die Nordseewinde wehen&#8230; ein Br\u00f6sel- \u00d6ko- Comic * Wieviel Energie wird in der Kommune Vejle gebraucht? * Isolierung, Abfallw\u00e4rme, Sonnenenergie, Der Rest, Die Stromversorgung, Berechnung von Kosten und ben\u00f6tigtem Raum f\u00fcr Sonnenenergie, M\u00fchlr\u00e4der, udgl.<\/span><br style=\"font-family: Helvetica,Arial,sans-serif;\" \/><span style=\"font-family: Helvetica,Arial,sans-serif;\"><span style=\"font-weight: bold; color: #275959;\">KAPITEL 5<\/span>: Warum Atomkraft? * Eine kontroverse Debatte! * Anti-Atomkraft- Comic <\/span><span style=\"font-family: Helvetica,Arial,sans-serif;\">* Adressenliste * Worterkl\u00e4rungen * Widerstandslied aus Brokdorf (gegen Atomkraft) * Die Sonne soll Berlins Freib\u00e4der heizen! * Eine Sonnendusche zum Selberbauen!<\/span><\/small><\/p>\n","protected":false},"excerpt":{"rendered":"<p>Wir bringen`s in Gang! Windm\u00fchlen, Sonnenenergie, Wellenkraft, Gasgewinnung, lokale Verbrennung [&hellip;] &hellip; <a href=\"https:\/\/www.packpapierverlag.de\/?product=twind-windmuhlen-in-danemark\">Weiterlesen <span class=\"meta-nav\">&rarr;<\/span><\/a><\/p>\n","protected":false},"featured_media":3946,"template":"","meta":[],"product_brand":[],"product_cat":[3,5],"product_tag":[],"class_list":{"0":"post-567","1":"product","2":"type-product","3":"status-publish","4":"has-post-thumbnail","6":"product_cat-produkte","7":"product_cat-selbstversorgung","9":"first","10":"instock","11":"shipping-taxable","12":"purchasable","13":"product-type-simple"},"_links":{"self":[{"href":"https:\/\/www.packpapierverlag.de\/index.php?rest_route=\/wp\/v2\/product\/567","targetHints":{"allow":["GET"]}}],"collection":[{"href":"https:\/\/www.packpapierverlag.de\/index.php?rest_route=\/wp\/v2\/product"}],"about":[{"href":"https:\/\/www.packpapierverlag.de\/index.php?rest_route=\/wp\/v2\/types\/product"}],"wp:featuredmedia":[{"embeddable":true,"href":"https:\/\/www.packpapierverlag.de\/index.php?rest_route=\/wp\/v2\/media\/3946"}],"wp:attachment":[{"href":"https:\/\/www.packpapierverlag.de\/index.php?rest_route=%2Fwp%2Fv2%2Fmedia&parent=567"}],"wp:term":[{"taxonomy":"product_brand","embeddable":true,"href":"https:\/\/www.packpapierverlag.de\/index.php?rest_route=%2Fwp%2Fv2%2Fproduct_brand&post=567"},{"taxonomy":"product_cat","embeddable":true,"href":"https:\/\/www.packpapierverlag.de\/index.php?rest_route=%2Fwp%2Fv2%2Fproduct_cat&post=567"},{"taxonomy":"product_tag","embeddable":true,"href":"https:\/\/www.packpapierverlag.de\/index.php?rest_route=%2Fwp%2Fv2%2Fproduct_tag&post=567"}],"curies":[{"name":"wp","href":"https:\/\/api.w.org\/{rel}","templated":true}]}}