{"id":568,"date":"2010-12-12T19:36:36","date_gmt":"2010-12-12T18:36:36","guid":{"rendered":"http:\/\/www.packpapierverlag.de\/neu\/?p=568"},"modified":"2017-04-24T10:49:48","modified_gmt":"2017-04-24T08:49:48","slug":"musli-quetsche","status":"publish","type":"product","link":"https:\/\/www.packpapierverlag.de\/?product=musli-quetsche","title":{"rendered":"EsA M\u00fcsli-Quetsche (c16)"},"content":{"rendered":"<p><a href=\"https:\/\/www.packpapierverlag.de\/wp-content\/uploads\/2010\/12\/c16muesli-1.jpg\" rel=\"attachment wp-att-7202\"><img loading=\"lazy\" decoding=\"async\" class=\"size-medium wp-image-7202 alignleft\" src=\"https:\/\/www.packpapierverlag.de\/wp-content\/uploads\/2010\/12\/c16muesli-1-217x300.jpg\" alt=\"c16muesli\" width=\"217\" height=\"300\" srcset=\"https:\/\/www.packpapierverlag.de\/wp-content\/uploads\/2010\/12\/c16muesli-1-217x300.jpg 217w, https:\/\/www.packpapierverlag.de\/wp-content\/uploads\/2010\/12\/c16muesli-1-300x415.jpg 300w, https:\/\/www.packpapierverlag.de\/wp-content\/uploads\/2010\/12\/c16muesli-1.jpg 587w\" sizes=\"auto, (max-width: 217px) 100vw, 217px\" \/><\/a>Haushalt- Heft 3 der Reihe Einf\u00e4lle statt Abf\u00e4lle.<\/p>\n<p>Die M\u00fcsli- Quetsche<br \/>\nVollkorn- Quetschen selber bauen!<\/p>\n<p>3 genaue Anleitungen zum Bau aus Holz-, Blech-, Eisenabf\u00e4llen mit einfachstem Werkzeug. Plus jede Menge Basteltricks!<\/p>\n<p>Reich bebilderte Brosch\u00fcre mit 44 Seiten, DIN A5.<br \/>\nISBN 3-924038-32-5.<\/p>\n<p>Aus vollem Korn werden \u201eim Handumdrehen\u201c echte Haferflocken und andere Flocken oder auch Mehlschrot hergestellt. Frischer und n\u00e4hrstoffschonender geht es nicht. In diesem Heft findet der hungrige Mensch einfache Bauanleitungen, mithilfe derer er sich selbst eine Quetsche bauen kann. Mit Zuschnittmuster 1:1 f\u00fcr die Bauteile<\/p>\n<p>Inhalt:<\/p>\n<p>* Flocken aus der T\u00fcte? Nee danke! * Sooo viele Flocken&#8230;*<\/p>\n<p>Allgemeines zur M\u00fcsliquetsche:<br \/>\n* Die Idee&#8230; und wie was draus wird * das isses- Gesamtansicht der M\u00fcsliquetsche * Alle Regeln der Kunst des M\u00fcsliquetschen- Bauens *<\/p>\n<p>Ausf\u00fchrliche Bauanleitungen:<br \/>\n* Material- \u00dcbersicht * Bau der Walzen (Schaubild) * Materialien * Rohrst\u00fccke vorbereiten, Hieb herstellen * Achsen und Scheiben vorbereiten * Zusammenbauen mit Beton *<\/p>\n<p>Bau des Holzgestells (Schaubild):<br \/>\n* Material * Leisten bearbeiten * Zapfenverbindung * Eingepasste Verbindung *<\/p>\n<p>Bau der Blechteile (Schaubild):<br \/>\n* Dosenblech verwenden * Teile herstellen *<\/p>\n<p>Zusammenbauen der M\u00fcsliquetsche (Schaubild):<br \/>\n* Walzen und Rutsche einbauen * Trichter und Kurbelgriff anbauen *<\/p>\n<p>Details anders ausgef\u00fchrt:<br \/>\n* Trichter und Rutsche * Befestigungs- Schraubzwinge * Walzen mit Holzkern statt Beton *<\/p>\n<p>Weitere Baupl\u00e4ne:<br \/>\n* M\u00fcsliquetsche an der Wand * M\u00fcsliquetsche ganz aus Eisen * Bau gr\u00f6\u00dferer M\u00fcsliquetschen *<\/p>\n<p>Au\u00dferdem:<br \/>\n* Fertige M\u00fcsliquetschen und \u2013teile * Kleine Gebrauchsanleitung * Basteltrick- Verzeichnis *<\/p>\n","protected":false},"excerpt":{"rendered":"<p>Haushalt- Heft 3 der Reihe Einf\u00e4lle statt Abf\u00e4lle. Die M\u00fcsli- [&hellip;] &hellip; <a href=\"https:\/\/www.packpapierverlag.de\/?product=musli-quetsche\">Weiterlesen <span class=\"meta-nav\">&rarr;<\/span><\/a><\/p>\n","protected":false},"featured_media":7202,"template":"","meta":[],"product_brand":[],"product_cat":[3,5],"product_tag":[],"class_list":{"0":"post-568","1":"product","2":"type-product","3":"status-publish","4":"has-post-thumbnail","6":"product_cat-produkte","7":"product_cat-selbstversorgung","9":"first","10":"instock","11":"shipping-taxable","12":"purchasable","13":"product-type-simple"},"_links":{"self":[{"href":"https:\/\/www.packpapierverlag.de\/index.php?rest_route=\/wp\/v2\/product\/568","targetHints":{"allow":["GET"]}}],"collection":[{"href":"https:\/\/www.packpapierverlag.de\/index.php?rest_route=\/wp\/v2\/product"}],"about":[{"href":"https:\/\/www.packpapierverlag.de\/index.php?rest_route=\/wp\/v2\/types\/product"}],"wp:featuredmedia":[{"embeddable":true,"href":"https:\/\/www.packpapierverlag.de\/index.php?rest_route=\/wp\/v2\/media\/7202"}],"wp:attachment":[{"href":"https:\/\/www.packpapierverlag.de\/index.php?rest_route=%2Fwp%2Fv2%2Fmedia&parent=568"}],"wp:term":[{"taxonomy":"product_brand","embeddable":true,"href":"https:\/\/www.packpapierverlag.de\/index.php?rest_route=%2Fwp%2Fv2%2Fproduct_brand&post=568"},{"taxonomy":"product_cat","embeddable":true,"href":"https:\/\/www.packpapierverlag.de\/index.php?rest_route=%2Fwp%2Fv2%2Fproduct_cat&post=568"},{"taxonomy":"product_tag","embeddable":true,"href":"https:\/\/www.packpapierverlag.de\/index.php?rest_route=%2Fwp%2Fv2%2Fproduct_tag&post=568"}],"curies":[{"name":"wp","href":"https:\/\/api.w.org\/{rel}","templated":true}]}}