{"id":5753,"date":"2013-10-27T21:29:50","date_gmt":"2013-10-27T20:29:50","guid":{"rendered":"http:\/\/www.packpapierverlag.de\/?p=5753"},"modified":"2022-01-16T11:52:37","modified_gmt":"2022-01-16T10:52:37","slug":"eta-hoffmannst-mart-meister-floh-herrmann-cropp-gerechtigkeit-ein-marchen","status":"publish","type":"product","link":"https:\/\/www.packpapierverlag.de\/?product=eta-hoffmannst-mart-meister-floh-herrmann-cropp-gerechtigkeit-ein-marchen","title":{"rendered":"ETA Hoffmann: Meister Floh +H.Cropp: Gerechtigkeit 3,- (l26)"},"content":{"rendered":"<p><a href=\"https:\/\/www.packpapierverlag.de\/wp-content\/uploads\/2013\/08\/Meister-Floh.jpg\"><img loading=\"lazy\" decoding=\"async\" class=\"alignleft size-medium wp-image-5751\" title=\"Meister Floh\" src=\"https:\/\/www.packpapierverlag.de\/wp-content\/uploads\/2013\/08\/Meister-Floh-213x300.jpg\" alt=\"\" width=\"213\" height=\"300\" srcset=\"https:\/\/www.packpapierverlag.de\/wp-content\/uploads\/2013\/08\/Meister-Floh-213x300.jpg 213w, https:\/\/www.packpapierverlag.de\/wp-content\/uploads\/2013\/08\/Meister-Floh-300x422.jpg 300w, https:\/\/www.packpapierverlag.de\/wp-content\/uploads\/2013\/08\/Meister-Floh-728x1024.jpg 728w, https:\/\/www.packpapierverlag.de\/wp-content\/uploads\/2013\/08\/Meister-Floh.jpg 1024w\" sizes=\"auto, (max-width: 213px) 100vw, 213px\" \/><\/a><small style=\"color: #214343;\"><big style=\"font-weight: bold; color: #112626;\"><span style=\"font-family: Helvetica,Arial,sans-serif;\"><span style=\"color: #2c520c;\">ETA Hoffmann\/St. Mart: &#8222;Meister Floh&#8220;<br \/>\nHerrmann Cropp: &#8222;Gerechtigkeit, ein M\u00e4rchen&#8220; <\/span><\/span><\/big>32 Seiten, illustriert, Kartonumschlag (Kunstdruck), <\/small><\/p>\n<p><small style=\"color: #214343;\"><span style=\"font-family: Helvetica,Arial,sans-serif; color: #182d07;\">Der Justizskandal, den dieses M\u00e4rchen in der Originalfassung ETA Hoffmanns vor 200 Jahren ausl\u00f6ste, soda\u00df es 100 Jahre lang verboten blieb, und nur in einer zensierten, entstellten Fassung gedruckt wurde, zeigt, das Recht immer in Gefahr ist, Unrecht zu werden. ETA Hoffmann war Jurist und Richter, er wu\u00dfte das genau. Darum schrieb er dieses sogenannte M\u00e4rchen, in das er eine f\u00fcr damalige Verh\u00e4ltnisse unerh\u00f6rte Kritik verpackte. Die Kritik an einer mit Spitzelei, Ger\u00fcchten und Anstiftung<br \/>\nzur Falschaussage arbeitenden Polizei und Justiz und an einem autorit\u00e4ren Obrigkeitsstaat, der seinen Staatsb\u00fcrgern \u201emit barbarischer H\u00e4rte\u201c ein System aufzwang, das sie \u201ebald um alle Freiheit, um allen Genu\u00df des Lebens brachte.\u201c Im gleichnamigen M\u00e4rchen gelingt es Meister Floh, sich aus dem Preu\u00dfischen Floh- und Staatszirkus zu befreien; es fehlt ihm der rechte Untertanengeist, weil Fl\u00f6he \u201egeneigt sind, sich jeder soliden Gestaltung zu entziehen durch\u00a0 fortw\u00e4hrendes H\u00fcpfen.\u201c<\/span><br style=\"font-family: Helvetica,Arial,sans-serif; color: #182d07;\" \/><span style=\"font-family: Helvetica,Arial,sans-serif; color: #182d07;\">Die hier vorliegende stark gek\u00fcrzte Fassung Stefan Marts, die er f\u00fcr die \u201eM\u00e4rchen der V\u00f6lker\u201c verfasste, wurde von Herrmann Cropp leicht \u00fcberarbeitet. Der sich anschlie\u00dfende Kommentar setzt sich mit Hoffmanns Originalversion und den justiziellen Ermittlungen gegen Hoffmann auseinander.<\/span><br style=\"font-family: Helvetica,Arial,sans-serif; color: #182d07;\" \/><span style=\"font-family: Helvetica,Arial,sans-serif; color: #182d07;\">Im Sommer 2013 sind wir mit einer Meister-Floh-Ausstellung bei diversen Festivals gewesen, um die damalige und heutige Begeisterung von Malern und Illustratoren zu zeigen, die E.T.A. Hoffmanns Texte hervorrufen- und um die Zensurma\u00dfnahmen gegen den freigeistigen Autor zu dokumentieren- die als Selbstzensur noch heute in der Literaturwissenschaft fortbesteht: nur zu gerne wird der gesellschaftspolitisch und staatsrechtlich denkende Hoffmann zugunsten des Phantasten ignoriert.<\/span><\/small><\/p>\n","protected":false},"excerpt":{"rendered":"<p>ETA Hoffmann\/St. Mart: &#8222;Meister Floh&#8220; Herrmann Cropp: &#8222;Gerechtigkeit, ein M\u00e4rchen&#8220; [&hellip;] &hellip; <a href=\"https:\/\/www.packpapierverlag.de\/?product=eta-hoffmannst-mart-meister-floh-herrmann-cropp-gerechtigkeit-ein-marchen\">Weiterlesen <span class=\"meta-nav\">&rarr;<\/span><\/a><\/p>\n","protected":false},"featured_media":5751,"template":"","meta":[],"product_brand":[],"product_cat":[18],"product_tag":[],"class_list":{"0":"post-5753","1":"product","2":"type-product","3":"status-publish","4":"has-post-thumbnail","6":"product_cat-literatur","8":"first","9":"instock","10":"shipping-taxable","11":"purchasable","12":"product-type-simple"},"_links":{"self":[{"href":"https:\/\/www.packpapierverlag.de\/index.php?rest_route=\/wp\/v2\/product\/5753","targetHints":{"allow":["GET"]}}],"collection":[{"href":"https:\/\/www.packpapierverlag.de\/index.php?rest_route=\/wp\/v2\/product"}],"about":[{"href":"https:\/\/www.packpapierverlag.de\/index.php?rest_route=\/wp\/v2\/types\/product"}],"wp:featuredmedia":[{"embeddable":true,"href":"https:\/\/www.packpapierverlag.de\/index.php?rest_route=\/wp\/v2\/media\/5751"}],"wp:attachment":[{"href":"https:\/\/www.packpapierverlag.de\/index.php?rest_route=%2Fwp%2Fv2%2Fmedia&parent=5753"}],"wp:term":[{"taxonomy":"product_brand","embeddable":true,"href":"https:\/\/www.packpapierverlag.de\/index.php?rest_route=%2Fwp%2Fv2%2Fproduct_brand&post=5753"},{"taxonomy":"product_cat","embeddable":true,"href":"https:\/\/www.packpapierverlag.de\/index.php?rest_route=%2Fwp%2Fv2%2Fproduct_cat&post=5753"},{"taxonomy":"product_tag","embeddable":true,"href":"https:\/\/www.packpapierverlag.de\/index.php?rest_route=%2Fwp%2Fv2%2Fproduct_tag&post=5753"}],"curies":[{"name":"wp","href":"https:\/\/api.w.org\/{rel}","templated":true}]}}