{"id":5832,"date":"2014-02-09T22:51:02","date_gmt":"2014-02-09T21:51:02","guid":{"rendered":"http:\/\/www.packpapierverlag.de\/?p=5832"},"modified":"2017-04-22T18:17:37","modified_gmt":"2017-04-22T16:17:37","slug":"rolf-schwendter-utopie-uberlegungen-zu-einem-zeitlosen-begriff-p160-2","status":"publish","type":"product","link":"https:\/\/www.packpapierverlag.de\/?product=rolf-schwendter-utopie-uberlegungen-zu-einem-zeitlosen-begriff-p160-2","title":{"rendered":"Rolf Schwendter: Utopie. \u00dcberlegungen zu einem zeitlosen Begriff (p160)"},"content":{"rendered":"<p><a href=\"https:\/\/www.packpapierverlag.de\/wp-content\/uploads\/2013\/12\/Schwendter-Utopie1.jpg\"><img loading=\"lazy\" decoding=\"async\" class=\"alignleft size-medium wp-image-5829\" title=\"Schwendter Utopie\" src=\"https:\/\/www.packpapierverlag.de\/wp-content\/uploads\/2013\/12\/Schwendter-Utopie1-209x300.jpg\" alt=\"\" width=\"209\" height=\"300\" srcset=\"https:\/\/www.packpapierverlag.de\/wp-content\/uploads\/2013\/12\/Schwendter-Utopie1-209x300.jpg 209w, https:\/\/www.packpapierverlag.de\/wp-content\/uploads\/2013\/12\/Schwendter-Utopie1-300x429.jpg 300w, https:\/\/www.packpapierverlag.de\/wp-content\/uploads\/2013\/12\/Schwendter-Utopie1-716x1024.jpg 716w, https:\/\/www.packpapierverlag.de\/wp-content\/uploads\/2013\/12\/Schwendter-Utopie1.jpg 1024w\" sizes=\"auto, (max-width: 209px) 100vw, 209px\" \/><\/a><br \/>\n<small style=\"font-family: Helvetica,Arial,sans-serif; color: #040b23;\"><big style=\"color: #391560;\"><span style=\"font-weight: bold;\">Rolf Schwendter<\/span><br style=\"font-weight: bold;\" \/><span style=\"font-weight: bold;\">Utopie. \u00dcberlegungen zu einem zeitlosen Begriff.<\/span><\/big><br \/>\nB\u00fcchlein in DIN A6, 144 Seiten.<br \/>\nDie \u201eUtopie\u201c von 1994 (hier in der verbesserten Neuauflage von 2013) ist noch immer ein Klassiker, wenn es um die Geschichte utopischer Entw\u00fcrfe geht. Rolf liefert einen kurzweiligen \u00dcberblick \u00fcber die Utopien verschiedener Jahrhunderte, L\u00e4nder und \u201eSysteme\u201c und den jeweiligen gesellschaftlichen Kontext, aus dem heraus sie entwickelt wurden und werden. Dabei sind Utopien nicht immer Entw\u00fcrfe von Freiheit und Selbstorganisation; einigen Utopisten erscheint eine m\u00f6glichst genormte Gesellschaft durchaus erstrebenswert, in der es zwar kaum soziale Reibungen oder Umweltzerst\u00f6rung, aber auch sonst keinen Spa\u00df gibt und die frappierende \u00c4hnlichkeit mit den zukunftsfatalistischen Dystropien (z.B. Orwells 1984) aufweist. Nat\u00fcrlich gilt Rolfs Hauptinteresse den erstgenannten Utopien, etwa pm`s \u201ebolo bolo\u201c. Nach einem \u00dcberblick \u00fcber existierende literarische Utopien entwickelt Rolf im zweiten Teil des Buches den Begriff des \u201eutopischen Denkens\u201c, der im konkreten Alltag des Einzelnen beginnt &#8211; dort, wo er direkt und unmittelbar handelt- und bei der Weltpolitik endet -dort, wo er sich mittels Protest und Vernetzung mitverantwortlich zeigen kann. Oder sogar mu\u00df; denn f\u00fcr Rolf gibt es nur zwei Alternativen: Anpassung an Konsum und Weltmarkt mit der Folge, da\u00df Natur und Kultur den Bach runtergehen und den letzten die Hunde bei\u00dfen, oder aber den Mut zur Utopie aufzubringen und einer anderen Welt zur Wirklichkeit zu verhelfen.<br \/>\n<span style=\"font-weight: bold;\">Inhalt:<\/span> Zur<br \/>\nGeschichte der Utopien * Begriff und Authentizit\u00e4t von Utopie * Einige zeitgen\u00f6ssische Utopien * Zur Demokratisierung der Konstruktion von Utopien * Fragen des Alltags, die einer Utopie bed\u00fcrfen * Schlu\u00dfbemerkungen * Literaturverzeichnis<\/small><\/p>\n","protected":false},"excerpt":{"rendered":"<p>Rolf SchwendterUtopie. \u00dcberlegungen zu einem zeitlosen Begriff. B\u00fcchlein in DIN [&hellip;] &hellip; <a href=\"https:\/\/www.packpapierverlag.de\/?product=rolf-schwendter-utopie-uberlegungen-zu-einem-zeitlosen-begriff-p160-2\">Weiterlesen <span class=\"meta-nav\">&rarr;<\/span><\/a><\/p>\n","protected":false},"featured_media":5829,"template":"","meta":[],"product_brand":[],"product_cat":[6,3,4],"product_tag":[],"class_list":{"0":"post-5832","1":"product","2":"type-product","3":"status-publish","4":"has-post-thumbnail","6":"product_cat-politik-und-geschichte","7":"product_cat-produkte","8":"product_cat-projekte-utopie-chaos","10":"first","11":"instock","12":"shipping-taxable","13":"purchasable","14":"product-type-simple"},"_links":{"self":[{"href":"https:\/\/www.packpapierverlag.de\/index.php?rest_route=\/wp\/v2\/product\/5832","targetHints":{"allow":["GET"]}}],"collection":[{"href":"https:\/\/www.packpapierverlag.de\/index.php?rest_route=\/wp\/v2\/product"}],"about":[{"href":"https:\/\/www.packpapierverlag.de\/index.php?rest_route=\/wp\/v2\/types\/product"}],"wp:featuredmedia":[{"embeddable":true,"href":"https:\/\/www.packpapierverlag.de\/index.php?rest_route=\/wp\/v2\/media\/5829"}],"wp:attachment":[{"href":"https:\/\/www.packpapierverlag.de\/index.php?rest_route=%2Fwp%2Fv2%2Fmedia&parent=5832"}],"wp:term":[{"taxonomy":"product_brand","embeddable":true,"href":"https:\/\/www.packpapierverlag.de\/index.php?rest_route=%2Fwp%2Fv2%2Fproduct_brand&post=5832"},{"taxonomy":"product_cat","embeddable":true,"href":"https:\/\/www.packpapierverlag.de\/index.php?rest_route=%2Fwp%2Fv2%2Fproduct_cat&post=5832"},{"taxonomy":"product_tag","embeddable":true,"href":"https:\/\/www.packpapierverlag.de\/index.php?rest_route=%2Fwp%2Fv2%2Fproduct_tag&post=5832"}],"curies":[{"name":"wp","href":"https:\/\/api.w.org\/{rel}","templated":true}]}}