{"id":588,"date":"2010-12-12T19:40:48","date_gmt":"2010-12-12T18:40:48","guid":{"rendered":"http:\/\/www.packpapierverlag.de\/neu\/?p=588"},"modified":"2022-10-09T09:39:23","modified_gmt":"2022-10-09T07:39:23","slug":"wiechula-lebende-holzhauser","status":"publish","type":"product","link":"https:\/\/www.packpapierverlag.de\/?product=wiechula-lebende-holzhauser","title":{"rendered":"Wiechula: Lebende Holzh\u00e4user (p104)"},"content":{"rendered":"<p><a href=\"https:\/\/www.packpapierverlag.de\/wp-content\/uploads\/2010\/12\/Wiechula-1.jpg\"><img loading=\"lazy\" decoding=\"async\" class=\"alignleft size-medium wp-image-3932\" title=\"Wiechula 1\" src=\"https:\/\/www.packpapierverlag.de\/wp-content\/uploads\/2010\/12\/Wiechula-1-210x300.jpg\" alt=\"\" width=\"210\" height=\"300\" srcset=\"https:\/\/www.packpapierverlag.de\/wp-content\/uploads\/2010\/12\/Wiechula-1-210x300.jpg 210w, https:\/\/www.packpapierverlag.de\/wp-content\/uploads\/2010\/12\/Wiechula-1-300x427.jpg 300w, https:\/\/www.packpapierverlag.de\/wp-content\/uploads\/2010\/12\/Wiechula-1-720x1024.jpg 720w, https:\/\/www.packpapierverlag.de\/wp-content\/uploads\/2010\/12\/Wiechula-1.jpg 1024w\" sizes=\"auto, (max-width: 210px) 100vw, 210px\" \/><\/a><small style=\"color: #003d00; font-family: Helvetica,Arial,sans-serif;\"><big style=\"color: #007c00;\"><span style=\"font-weight: bold;\"><small>Arthur Wiechula (Naturbau- Ingenieur):<\/small><br \/>\n<span style=\"color: #007c00;\">Wie baue ich mir selbst?<\/span><\/span><\/big><big style=\"font-weight: bold; color: #007c00;\"> Lebende Holzh\u00e4user unter Mitwirkung der Natur.<\/big><br \/>\nWasserdicht, billig und dauerhaft. (Auch f\u00fcr Zaun- Bau, Br\u00fccke, Pavillon, Laubengang,&#8230;)<br \/>\nMit 30 wunderbar inspirierenden Abbildungen. Brosch\u00fcre mit 46 Seiten, DIN A5. Druck auf Umweltpapier Neu herausgegeben von Wolfram Loch im Packpapier- Verlag (Erste Ausgabe in den 1920ern im Verlag Herm. Beyer)<br \/>\nLebende Holzh\u00e4user? M\u00f6glich, da\u00df Landschaftsarchitekten oder G\u00e4rtner etwas mit dem Begriff anfangen k\u00f6nnen, aber insgesamt d\u00fcrfte die hier dargestellte nat\u00fcrliche Bauweise den meisten unbekannt sein- und vermutlich erst einmal befremdlich. Ich soll in einem Baum- Haus wohnen? Wie soll das denn gehen? Und wie lange soll ich warten, bis aus den gepflanzten und gepflegten B\u00e4umen ein Haus wird, oder eine Scheune- und wie kann ich die B\u00e4ume am Weiterwachsen hindern, wenn die gew\u00fcnschte Bauwerksh\u00f6he erreicht ist? Und wenn der Baum stirbt- fault er dann nicht?- Und \u00fcberhaupt: In solch einem organischen Gebilde wirklich hausen? Ist das nicht urzeitlich? Oder doch eher utopisch oder futuristisch? Ja, tats\u00e4chlich: es geht darum, B\u00e4ume so anzupflanzen, zu beschneiden und im Wachstum zu lenken, dass sich \u00fcber die Jahre ein witterungsstabiles Haus- oder eine Scheune, eine Br\u00fccke, ein Pavillon- aufziehen l\u00e4sst. Erst einmal schwer vorstellbar, aber eigentlich auch nicht: Wenn man in alten Parkanlagen spazieren geht, kann man gut sehen, wie B\u00e4ume durch den G\u00e4rtner dazu gebracht werden, genau in diejenige Form zu wachsen, die gew\u00fcnscht wird, und dass die Pflanzen durch diese Informbringung und Beschneidung besonders gut treiben und \u00fcppiger und schneller wachsen. (Es geht nat\u00fcrlich um etwas mehr als um die ordin\u00e4re Gartenzaunhecke!) Bei der von Wichula beschriebenen Hausbau- Methode handelt es sich um eine Mischung aus Landschaftsg\u00e4rtnerei und Architektur, dazu kommt eine gute mPrise Abendteuerlust. Viel Spa\u00df!<br \/>\n<span style=\"font-weight: bold; color: #007c00;\">INHALT:<br \/>\n<\/span>* Holzh\u00e4user mit Hilfe der Natur * Die Entstehungsdauer der Naturbauwerke (Wachstumsgeschwindigkeit: ca. 2- 5 Meter j\u00e4hrlich bei gutem Boden und sachgerechter Beschneidung) * Art und Verwendung der Naturbauwerke * Schlussbetrachtung * Nachschrift des Verlegers * Einige \u00c4u\u00dferungen ma\u00dfgeblicher Pers\u00f6nlichkeiten: Gartenbau- Architekt Josef Fischer, Freiherr Dr. Georg Lanz von Liebenfels, Oberbaurat Clemens * Nachwort zur Neuherausgabe * <span style=\"font-weight: bold; color: #007c00;\">ABBILDUNGEN<\/span>: * Astlage, in der eine nat\u00fcrliche Verwachsung entsteht * Die Zwillingskiefer bei Proskau * Entwicklung von zwei fest zusammenliegenden Trieben der gleichen oder verwandten Baumart * Ein Koppelstall mit nat\u00fcrlichem Auswuchs * Ein Melkstall, bei dem der Auswuchs nur an zwei Stellen belassen bleibt * Eine Feldscheune, bei der der Auswuchs an mehreren Stellen belassen wird * Formb\u00e4ume und Bauteile aus Waldb\u00e4umen, die sich baumschulm\u00e4\u00dfig heranziehen lassen * Formb\u00e4ume und Baumteile, aus Waldb\u00e4umen, die sich baumschulm\u00e4\u00dfig heranziehen lassen * Naturzaun mit Auswuchs aus verschiedenen Baumarten hergestellt * Friedhofszaun, der eine teils geschlossene, teils durchbrochene Wand bildet * Gartenzaun mit anschlie\u00dfendem Laubengang und wasserdichtem Dach aus lebendem Holz * Eine Eisenbahn- Wartehalle mit eingewachsenem Fenster * Ein Koppelstall mit runden Ecken * Ein Gartenhaus mit teils geschlossenen, teils durchbrochenen W\u00e4nden * Ein Gartenhaus, bei dem das Vordach von vier einzelstehenden B\u00e4umen getragen wird * Querschnitt durch ein Regendach \u00fcber einem Parkweg, das in beliebiger L\u00e4nge angelegt werden kann * Querschnitt durch eine wasserdichte Allee, die in beliebiger L\u00e4nge angelegt werden kann * Querschnitt einer S\u00e4ulenhalle, bei der eine Seite aus einer geschlossenen Wand besteht * \u00dcberdachter Standplatz f\u00fcr Wagen und Maschinen * Querschnitt durch die \u00dcberdachung eines Arbeitsplatzes mit Oberlicht. * Lager- und Ger\u00e4tehaus, das auch zur Einfahrt f\u00fcr zwei beladene Erntewagen Raum bietet * Grundri\u00df zu einem vierteiligen Gefl\u00fcgelhaus, Vorderansicht und Seitenansicht des Gefl\u00fcgelhauses * Eine lebende Br\u00fccke mit einer Spannweite von acht Metern * \u00dcberf\u00fchrung einer Schlucht durch die Kronen der B\u00e4ume * Ein Hochstand mit einer bequem gewachsenen Treppe * Ein \u00dcberwinterungshaus f\u00fcr R\u00fcben, Kartoffeln, Obst, Gem\u00fcse und nicht winterharte Pflanzen * St\u00fctzwand an einem Anhang (Hinterf\u00fcllung der Wand) * Abhangsbefestigung unter gleichzeitiger Schaffung von \u00dcberwinterungsr\u00e4umen f\u00fcr R\u00fcben und Kartoffeln<\/small><\/p>\n","protected":false},"excerpt":{"rendered":"<p>Arthur Wiechula (Naturbau- Ingenieur): Wie baue ich mir selbst? Lebende [&hellip;] &hellip; <a href=\"https:\/\/www.packpapierverlag.de\/?product=wiechula-lebende-holzhauser\">Weiterlesen <span class=\"meta-nav\">&rarr;<\/span><\/a><\/p>\n","protected":false},"featured_media":3932,"template":"","meta":[],"product_brand":[],"product_cat":[3,5],"product_tag":[],"class_list":{"0":"post-588","1":"product","2":"type-product","3":"status-publish","4":"has-post-thumbnail","6":"product_cat-produkte","7":"product_cat-selbstversorgung","9":"first","10":"instock","11":"shipping-taxable","12":"purchasable","13":"product-type-simple"},"_links":{"self":[{"href":"https:\/\/www.packpapierverlag.de\/index.php?rest_route=\/wp\/v2\/product\/588","targetHints":{"allow":["GET"]}}],"collection":[{"href":"https:\/\/www.packpapierverlag.de\/index.php?rest_route=\/wp\/v2\/product"}],"about":[{"href":"https:\/\/www.packpapierverlag.de\/index.php?rest_route=\/wp\/v2\/types\/product"}],"wp:featuredmedia":[{"embeddable":true,"href":"https:\/\/www.packpapierverlag.de\/index.php?rest_route=\/wp\/v2\/media\/3932"}],"wp:attachment":[{"href":"https:\/\/www.packpapierverlag.de\/index.php?rest_route=%2Fwp%2Fv2%2Fmedia&parent=588"}],"wp:term":[{"taxonomy":"product_brand","embeddable":true,"href":"https:\/\/www.packpapierverlag.de\/index.php?rest_route=%2Fwp%2Fv2%2Fproduct_brand&post=588"},{"taxonomy":"product_cat","embeddable":true,"href":"https:\/\/www.packpapierverlag.de\/index.php?rest_route=%2Fwp%2Fv2%2Fproduct_cat&post=588"},{"taxonomy":"product_tag","embeddable":true,"href":"https:\/\/www.packpapierverlag.de\/index.php?rest_route=%2Fwp%2Fv2%2Fproduct_tag&post=588"}],"curies":[{"name":"wp","href":"https:\/\/api.w.org\/{rel}","templated":true}]}}