{"id":5902,"date":"2014-04-30T18:47:23","date_gmt":"2014-04-30T16:47:23","guid":{"rendered":"http:\/\/www.packpapierverlag.de\/?p=5902"},"modified":"2022-01-16T12:04:41","modified_gmt":"2022-01-16T11:04:41","slug":"erich-muhsam-die-wuste-l29","status":"publish","type":"product","link":"https:\/\/www.packpapierverlag.de\/?product=erich-muhsam-die-wuste-l29","title":{"rendered":"Erich M\u00fchsam : Die W\u00fcste 3,-\u20ac (l29)"},"content":{"rendered":"<p><a href=\"https:\/\/www.packpapierverlag.de\/wp-content\/uploads\/2014\/04\/M\u00fchsam-Die-W\u00fcste.jpg\"><img loading=\"lazy\" decoding=\"async\" class=\"alignleft size-medium wp-image-5903\" title=\"M\u00fchsam Die W\u00fcste\" src=\"https:\/\/www.packpapierverlag.de\/wp-content\/uploads\/2014\/04\/M\u00fchsam-Die-W\u00fcste-216x300.jpg\" alt=\"\" width=\"216\" height=\"300\" srcset=\"https:\/\/www.packpapierverlag.de\/wp-content\/uploads\/2014\/04\/M\u00fchsam-Die-W\u00fcste-216x300.jpg 216w, https:\/\/www.packpapierverlag.de\/wp-content\/uploads\/2014\/04\/M\u00fchsam-Die-W\u00fcste-300x416.jpg 300w, https:\/\/www.packpapierverlag.de\/wp-content\/uploads\/2014\/04\/M\u00fchsam-Die-W\u00fcste-737x1024.jpg 737w, https:\/\/www.packpapierverlag.de\/wp-content\/uploads\/2014\/04\/M\u00fchsam-Die-W\u00fcste.jpg 1024w\" sizes=\"auto, (max-width: 216px) 100vw, 216px\" \/><\/a><small style=\"color: #0d1a1a;\"><big style=\"font-weight: bold; color: #1f3f3f;\"><span style=\"font-family: Helvetica,Arial,sans-serif;\">Erich M\u00fchsam: Die W\u00fcste. Gedichte 1898-1903, 48 Seiten 3,-\u20ac (l29) <\/span><\/big><br style=\"font-family: Helvetica,Arial,sans-serif;\" \/>&#8211; <span style=\"font-family: Helvetica,Arial,sans-serif;\">Der erste Gedichtband Erich M\u00fchsams (inklusive kleiner Biographie). Innen-und Au\u00dfenansichten eines Bohemien zwischen freiem K\u00fcnstler- und Liebesleben und Anonymit\u00e4t und Massenelend der Gro\u00dfstadt.<\/span><\/small><\/p>\n","protected":false},"excerpt":{"rendered":"<p>Erich M\u00fchsam: Die W\u00fcste. Gedichte 1898-1903, 48 Seiten 3,-\u20ac (l29) [&hellip;] &hellip; <a href=\"https:\/\/www.packpapierverlag.de\/?product=erich-muhsam-die-wuste-l29\">Weiterlesen <span class=\"meta-nav\">&rarr;<\/span><\/a><\/p>\n","protected":false},"featured_media":5903,"template":"","meta":[],"product_brand":[],"product_cat":[7,18,3],"product_tag":[],"class_list":{"0":"post-5902","1":"product","2":"type-product","3":"status-publish","4":"has-post-thumbnail","6":"product_cat-anarchie-hefte-und-bucher","7":"product_cat-literatur","8":"product_cat-produkte","10":"first","11":"instock","12":"shipping-taxable","13":"purchasable","14":"product-type-simple"},"_links":{"self":[{"href":"https:\/\/www.packpapierverlag.de\/index.php?rest_route=\/wp\/v2\/product\/5902","targetHints":{"allow":["GET"]}}],"collection":[{"href":"https:\/\/www.packpapierverlag.de\/index.php?rest_route=\/wp\/v2\/product"}],"about":[{"href":"https:\/\/www.packpapierverlag.de\/index.php?rest_route=\/wp\/v2\/types\/product"}],"wp:featuredmedia":[{"embeddable":true,"href":"https:\/\/www.packpapierverlag.de\/index.php?rest_route=\/wp\/v2\/media\/5903"}],"wp:attachment":[{"href":"https:\/\/www.packpapierverlag.de\/index.php?rest_route=%2Fwp%2Fv2%2Fmedia&parent=5902"}],"wp:term":[{"taxonomy":"product_brand","embeddable":true,"href":"https:\/\/www.packpapierverlag.de\/index.php?rest_route=%2Fwp%2Fv2%2Fproduct_brand&post=5902"},{"taxonomy":"product_cat","embeddable":true,"href":"https:\/\/www.packpapierverlag.de\/index.php?rest_route=%2Fwp%2Fv2%2Fproduct_cat&post=5902"},{"taxonomy":"product_tag","embeddable":true,"href":"https:\/\/www.packpapierverlag.de\/index.php?rest_route=%2Fwp%2Fv2%2Fproduct_tag&post=5902"}],"curies":[{"name":"wp","href":"https:\/\/api.w.org\/{rel}","templated":true}]}}