{"id":5943,"date":"2014-06-20T00:38:11","date_gmt":"2014-06-19T22:38:11","guid":{"rendered":"http:\/\/www.packpapierverlag.de\/?p=5943"},"modified":"2017-04-22T18:28:46","modified_gmt":"2017-04-22T16:28:46","slug":"horst-stowasser-projekt-a-plan-b-u47","status":"publish","type":"product","link":"https:\/\/www.packpapierverlag.de\/?product=horst-stowasser-projekt-a-plan-b-u47","title":{"rendered":"Horst Stowasser Projekt A \/ Plan B (u47)"},"content":{"rendered":"<p><a href=\"https:\/\/www.packpapierverlag.de\/wp-content\/uploads\/2014\/06\/Stowasser-Plan-B.jpg\"><img loading=\"lazy\" decoding=\"async\" class=\"alignleft size-medium wp-image-5944\" title=\"Stowasser Plan B\" src=\"https:\/\/www.packpapierverlag.de\/wp-content\/uploads\/2014\/06\/Stowasser-Plan-B-212x300.jpg\" alt=\"\" width=\"212\" height=\"300\" srcset=\"https:\/\/www.packpapierverlag.de\/wp-content\/uploads\/2014\/06\/Stowasser-Plan-B-212x300.jpg 212w, https:\/\/www.packpapierverlag.de\/wp-content\/uploads\/2014\/06\/Stowasser-Plan-B-300x423.jpg 300w, https:\/\/www.packpapierverlag.de\/wp-content\/uploads\/2014\/06\/Stowasser-Plan-B-725x1024.jpg 725w, https:\/\/www.packpapierverlag.de\/wp-content\/uploads\/2014\/06\/Stowasser-Plan-B.jpg 1024w\" sizes=\"auto, (max-width: 212px) 100vw, 212px\" \/><\/a><big style=\"color: #200f49;\"><span style=\"font-family: Helvetica,Arial,sans-serif; font-weight: bold;\">Horst Stowasser: Projekt A \/ Plan B<\/span><\/big><br style=\"font-family: Helvetica,Arial,sans-serif;\" \/><span style=\"font-family: Helvetica,Arial,sans-serif;\">Heft mit 27 Seiten, DIN A5.<br \/>\nHier erh\u00e4lt der am Konkreten interessierte Utopist einen Einblick in Horst Stowassers letztes Wohn- und Lebens-Projekt, das sich leider nicht verwirklichen lie\u00df- aber weiter auf seine Verwirklichung wartet. Denn gut ist der am Projekt A(narchie) angelehnte Plan B noch immer; nur kann Horst keinen neuen Anlauf nehmen, da er inzwischen verstorben ist. Nun m\u00fc\u00dft Ihr selbst ran und seine Tr\u00e4ume lebbar machen.<br style=\"font-family: Helvetica,Arial,sans-serif;\" \/><\/span><span style=\"font-family: Helvetica,Arial,sans-serif; font-weight: bold;\">INHALT:<\/span><br style=\"font-family: Helvetica,Arial,sans-serif;\" \/><span style=\"font-family: Helvetica,Arial,sans-serif;\"><span style=\"font-weight: bold;\">Projekt A \/ Plan B: Ein Interview <\/span>mit Horst Stowasser (Dezember 2005) *<span style=\"font-weight: bold;\"> Projekt \u201eEilhardshof\u201c<\/span>. Generationen\u00fcbergreifendes Wohnen auf libert\u00e4re Art- ein Aufruf zum \u201eethischen Investment\u201c in die soziale Zukunft (Mai 2007): Eine ideale Immobilie \u2013 Ein soziales Projekt \u2013 Eine solidarische Finanzierung * <span style=\"font-weight: bold;\">Jetzt wird`s ernst! <\/span>(Oktober 2007): Generationen\u00fcbergreifendes Wohnen auf libert\u00e4re Art: der Finanzierungsplan f\u00fcr den \u201eEilhardshof\u201c steht \u2013 Neuland: Be(i)treten erlaubt! \u2013 Konzept Mietsh\u00e4usersyndikat \u2013 Lieber 1000 Freunde im R\u00fccken als eine Bank im Nacken \u2013 Der aktuelle Stand \u2013 Die konkreten Zahlen \u2013 Die konkrete Solidarit\u00e4t *<span style=\"font-weight: bold;\"> Endg\u00fcltiges Aus f\u00fcr den \u201eEilhardshof\u201c <\/span>: Der Eilhardshof ist gescheitert\u00a0 &#8212; Hauptfehler \u2013 Empfohlene Vorsichtsma\u00dfnahme \u2013 N\u00e4chste Fehler \u2013 Abhilfe \u2013 Drittes Problem \u2013 Gegenindikation \u2013 Vorletzter Stolperstein \u2013 Klare Sache \u2013 Und schlie\u00dflich \u2013 Bittere Pille \u2013 Genug betreut und geraten \u2013 Noch eine positive Meldung<\/span><\/p>\n","protected":false},"excerpt":{"rendered":"<p>Horst Stowasser: Projekt A \/ Plan BHeft mit 27 Seiten, [&hellip;] &hellip; <a href=\"https:\/\/www.packpapierverlag.de\/?product=horst-stowasser-projekt-a-plan-b-u47\">Weiterlesen <span class=\"meta-nav\">&rarr;<\/span><\/a><\/p>\n","protected":false},"featured_media":5944,"template":"","meta":[],"product_brand":[],"product_cat":[7,6,3,4],"product_tag":[],"class_list":{"0":"post-5943","1":"product","2":"type-product","3":"status-publish","4":"has-post-thumbnail","6":"product_cat-anarchie-hefte-und-bucher","7":"product_cat-politik-und-geschichte","8":"product_cat-produkte","9":"product_cat-projekte-utopie-chaos","11":"first","12":"instock","13":"shipping-taxable","14":"purchasable","15":"product-type-simple"},"_links":{"self":[{"href":"https:\/\/www.packpapierverlag.de\/index.php?rest_route=\/wp\/v2\/product\/5943","targetHints":{"allow":["GET"]}}],"collection":[{"href":"https:\/\/www.packpapierverlag.de\/index.php?rest_route=\/wp\/v2\/product"}],"about":[{"href":"https:\/\/www.packpapierverlag.de\/index.php?rest_route=\/wp\/v2\/types\/product"}],"wp:featuredmedia":[{"embeddable":true,"href":"https:\/\/www.packpapierverlag.de\/index.php?rest_route=\/wp\/v2\/media\/5944"}],"wp:attachment":[{"href":"https:\/\/www.packpapierverlag.de\/index.php?rest_route=%2Fwp%2Fv2%2Fmedia&parent=5943"}],"wp:term":[{"taxonomy":"product_brand","embeddable":true,"href":"https:\/\/www.packpapierverlag.de\/index.php?rest_route=%2Fwp%2Fv2%2Fproduct_brand&post=5943"},{"taxonomy":"product_cat","embeddable":true,"href":"https:\/\/www.packpapierverlag.de\/index.php?rest_route=%2Fwp%2Fv2%2Fproduct_cat&post=5943"},{"taxonomy":"product_tag","embeddable":true,"href":"https:\/\/www.packpapierverlag.de\/index.php?rest_route=%2Fwp%2Fv2%2Fproduct_tag&post=5943"}],"curies":[{"name":"wp","href":"https:\/\/api.w.org\/{rel}","templated":true}]}}