{"id":5997,"date":"2014-09-13T23:05:45","date_gmt":"2014-09-13T21:05:45","guid":{"rendered":"http:\/\/www.packpapierverlag.de\/?p=5997"},"modified":"2020-03-25T12:09:58","modified_gmt":"2020-03-25T11:09:58","slug":"gugenberger-schweidlenka-bioregionalismus-bewegung-fur-das-21-jahrhundert","status":"publish","type":"product","link":"https:\/\/www.packpapierverlag.de\/?product=gugenberger-schweidlenka-bioregionalismus-bewegung-fur-das-21-jahrhundert","title":{"rendered":"Gugenberger\/Schweidlenka : Bioregionalismus (p99)"},"content":{"rendered":"<p><a href=\"https:\/\/www.packpapierverlag.de\/wp-content\/uploads\/2010\/12\/Bioregionalismus.jpg\"><img loading=\"lazy\" decoding=\"async\" class=\"alignleft size-medium wp-image-5994\" title=\"Bioregionalismus\" src=\"https:\/\/www.packpapierverlag.de\/wp-content\/uploads\/2010\/12\/Bioregionalismus-218x300.jpg\" alt=\"\" width=\"218\" height=\"300\" srcset=\"https:\/\/www.packpapierverlag.de\/wp-content\/uploads\/2010\/12\/Bioregionalismus-218x300.jpg 218w, https:\/\/www.packpapierverlag.de\/wp-content\/uploads\/2010\/12\/Bioregionalismus-300x412.jpg 300w, https:\/\/www.packpapierverlag.de\/wp-content\/uploads\/2010\/12\/Bioregionalismus-745x1024.jpg 745w, https:\/\/www.packpapierverlag.de\/wp-content\/uploads\/2010\/12\/Bioregionalismus.jpg 1024w\" sizes=\"auto, (max-width: 218px) 100vw, 218px\" \/><\/a><small style=\"color: #0c2307;\"><big style=\"color: #18480e;\"><span style=\"font-family: Helvetica,Arial,sans-serif; font-weight: bold;\">Eduard Gugenberger \/ Roman Schweidlenka<\/span><br style=\"font-family: Helvetica,Arial,sans-serif; font-weight: bold;\" \/><span style=\"font-family: Helvetica,Arial,sans-serif; font-weight: bold;\">Bioregionalismus<\/span><br style=\"font-family: Helvetica,Arial,sans-serif; font-weight: bold;\" \/><span style=\"font-family: Helvetica,Arial,sans-serif; font-weight: bold;\">Bewegung f\u00fcr das 21. Jahrhundert<\/span><\/big><br style=\"font-family: Helvetica,Arial,sans-serif;\" \/><span style=\"font-family: Helvetica,Arial,sans-serif;\">Buch mit 238 Seiten, Packpapier Verlag Osnabr\u00fcck, 2. Auflage 1996. ISBN 978-3-931504-07-6<\/span><br style=\"font-family: Helvetica,Arial,sans-serif;\" \/><span style=\"font-family: Helvetica,Arial,sans-serif;\">Die Autoren beschreiben und untersuchen in ihrer umfangreichen Studie die Bioregionalismus- Bewegung in den USA unter dem Gesichtspunkt globaler Perspektiven und \u00dcbertragbarkeit auf Europa. <\/span><span style=\"font-family: Helvetica,Arial,sans-serif;\">Dabei kommen neben den vielen politisch, sozialen und \u00f6kologisch positiven Aspekten eines regionalen Erzeuger- und Verbraucher &#8211; Netzwerkes auch kritische Aspekte zur Sprache, wie etwa die Gefahr des xenophoben Regional-Biologismus. Jutta Ditfurth, erkl\u00e4rte Gegnerin des Bioregionalismus aus eben diesem Grund, griff die vorliegende Publikation aufgrund des Titels (sic!) massiv \u00f6ffentlich an- da\u00df sie weder das Buch gelesen hatte, noch die Autoren, die sich seit Jahrzehnten gegen eine Unterwanderung der \u00d6ko- und Alternativszene durch braunes Gedankengut engagieren (z.B. als Historiker, in der Jugendarbeit, etc.), kannte, mag ein erhellendes Licht auf ihre Art publizistischen Aktionismus werfen,&#8230; Da\u00df zum Zeitpunkt der Studie der Bioregionalismus in den USA eindeutig links (mit hippieskem Einschlag) war und eben nichts mit der heutigen, bewaffneten Autarkie- und Survival-Ideologie, die sich auch in Europa gef\u00e4hrlich ausbreitet, zu tun hatte, zeigt zum einen, da\u00df Regionalismus und Weltoffenheit sich nicht ausschlie\u00dfen, und sollte zum anderen Ansporn sein, die guten Ideen einer Kreislaufwirtschaft wieder in einem \u00f6kologisch-solidarischen Umfeld zu etablieren.<\/span><br style=\"font-family: Helvetica,Arial,sans-serif;\" \/><span style=\"font-family: Helvetica,Arial,sans-serif; font-weight: bold;\">INHALT:<\/span><br style=\"font-family: Helvetica,Arial,sans-serif;\" \/><span style=\"font-family: Helvetica,Arial,sans-serif;\">Einleitung: The Movement is back * Die Begriffswelt des Bioregionalismus * Die bioregionalistische Weltsicht- Urspr\u00fcnge und Verwurzelungen * Der Bioregionalismus und sein geschichtliches Erscheinungsbild * Im Westen nichts Neues- bioregionale Wirtschaftsexperimente * Die neuen gr\u00fcne Schamanen &#8211; \u00d6kologie und Spiritualit\u00e4t*, Anarchie und Bomben &#8211; bioregionaler Polit-Pluralismus * Bioregionale Gemeinschaften &#8211; das R\u00fcckgrat der Bewegung * Unter dem Pflaster liegt der Strand- bioregionalistische Gro\u00dfst\u00e4dte * Welcome home- eine Heimat f\u00fcr Einwanderer und Farbige? * Der gro\u00dfe Geist als Bioregionalist- das Verh\u00e4ltnis zur nordamerikanischen Indianerbewegung * Allianzen und Wachstumsm\u00f6glichkeiten * Global denken &#8212; die bioregionalistische Weltrevolution * Ausblick: Europa * Interview mit Peter Berg und Judy Goldhaft * ANHANG: Kleine bioregionalistische Sprachkunde &#8211; Anmerkungen &#8211; Bunt gemischte Hinweise<\/span><\/small><\/p>\n","protected":false},"excerpt":{"rendered":"<p>Eduard Gugenberger \/ Roman SchweidlenkaBioregionalismusBewegung f\u00fcr das 21. JahrhundertBuch mit [&hellip;] &hellip; <a href=\"https:\/\/www.packpapierverlag.de\/?product=gugenberger-schweidlenka-bioregionalismus-bewegung-fur-das-21-jahrhundert\">Weiterlesen <span class=\"meta-nav\">&rarr;<\/span><\/a><\/p>\n","protected":false},"featured_media":5994,"template":"","meta":[],"product_brand":[],"product_cat":[17,6,3],"product_tag":[],"class_list":{"0":"post-5997","1":"product","2":"type-product","3":"status-publish","4":"has-post-thumbnail","6":"product_cat-land-garten-anders-leben","7":"product_cat-politik-und-geschichte","8":"product_cat-produkte","10":"first","11":"instock","12":"shipping-taxable","13":"purchasable","14":"product-type-simple"},"_links":{"self":[{"href":"https:\/\/www.packpapierverlag.de\/index.php?rest_route=\/wp\/v2\/product\/5997","targetHints":{"allow":["GET"]}}],"collection":[{"href":"https:\/\/www.packpapierverlag.de\/index.php?rest_route=\/wp\/v2\/product"}],"about":[{"href":"https:\/\/www.packpapierverlag.de\/index.php?rest_route=\/wp\/v2\/types\/product"}],"wp:featuredmedia":[{"embeddable":true,"href":"https:\/\/www.packpapierverlag.de\/index.php?rest_route=\/wp\/v2\/media\/5994"}],"wp:attachment":[{"href":"https:\/\/www.packpapierverlag.de\/index.php?rest_route=%2Fwp%2Fv2%2Fmedia&parent=5997"}],"wp:term":[{"taxonomy":"product_brand","embeddable":true,"href":"https:\/\/www.packpapierverlag.de\/index.php?rest_route=%2Fwp%2Fv2%2Fproduct_brand&post=5997"},{"taxonomy":"product_cat","embeddable":true,"href":"https:\/\/www.packpapierverlag.de\/index.php?rest_route=%2Fwp%2Fv2%2Fproduct_cat&post=5997"},{"taxonomy":"product_tag","embeddable":true,"href":"https:\/\/www.packpapierverlag.de\/index.php?rest_route=%2Fwp%2Fv2%2Fproduct_tag&post=5997"}],"curies":[{"name":"wp","href":"https:\/\/api.w.org\/{rel}","templated":true}]}}