{"id":602,"date":"2010-12-12T19:44:16","date_gmt":"2010-12-12T18:44:16","guid":{"rendered":"http:\/\/www.packpapierverlag.de\/neu\/?p=602"},"modified":"2020-08-13T11:59:13","modified_gmt":"2020-08-13T09:59:13","slug":"natur-erlebnis-mappe","status":"publish","type":"product","link":"https:\/\/www.packpapierverlag.de\/?product=natur-erlebnis-mappe","title":{"rendered":"Natur-Erlebnis-Mappe (s14)"},"content":{"rendered":"<p><a href=\"https:\/\/www.packpapierverlag.de\/wp-content\/uploads\/2010\/12\/Naturerlebnismappe.jpg\"><img loading=\"lazy\" decoding=\"async\" class=\"alignleft size-medium wp-image-5672\" title=\"Naturerlebnismappe\" src=\"https:\/\/www.packpapierverlag.de\/wp-content\/uploads\/2010\/12\/Naturerlebnismappe-229x300.jpg\" alt=\"\" width=\"229\" height=\"300\" srcset=\"https:\/\/www.packpapierverlag.de\/wp-content\/uploads\/2010\/12\/Naturerlebnismappe-229x300.jpg 229w, https:\/\/www.packpapierverlag.de\/wp-content\/uploads\/2010\/12\/Naturerlebnismappe-300x392.jpg 300w, https:\/\/www.packpapierverlag.de\/wp-content\/uploads\/2010\/12\/Naturerlebnismappe-783x1024.jpg 783w, https:\/\/www.packpapierverlag.de\/wp-content\/uploads\/2010\/12\/Naturerlebnismappe.jpg 1024w\" sizes=\"auto, (max-width: 229px) 100vw, 229px\" \/><\/a><br \/>\nTips und Ratschl\u00e4ge f\u00fcr Freizeit, Ausflug, Gruppentreffen, Experimente in, mit und f\u00fcr die Natur, 160 farbige Seiten, DinA4 im erweiterbaren Ringbuchordner- Nr.s14<\/p>\n","protected":false},"excerpt":{"rendered":"<p>Tips und Ratschl\u00e4ge f\u00fcr Freizeit, Ausflug, Gruppentreffen, Experimente in, mit [&hellip;] &hellip; <a href=\"https:\/\/www.packpapierverlag.de\/?product=natur-erlebnis-mappe\">Weiterlesen <span class=\"meta-nav\">&rarr;<\/span><\/a><\/p>\n","protected":false},"featured_media":0,"template":"","meta":[],"product_brand":[],"product_cat":[12,3],"product_tag":[],"class_list":{"0":"post-602","1":"product","2":"type-product","3":"status-publish","5":"product_cat-jugend-umwelt","6":"product_cat-produkte","8":"first","9":"instock","10":"shipping-taxable","11":"purchasable","12":"product-type-simple"},"_links":{"self":[{"href":"https:\/\/www.packpapierverlag.de\/index.php?rest_route=\/wp\/v2\/product\/602","targetHints":{"allow":["GET"]}}],"collection":[{"href":"https:\/\/www.packpapierverlag.de\/index.php?rest_route=\/wp\/v2\/product"}],"about":[{"href":"https:\/\/www.packpapierverlag.de\/index.php?rest_route=\/wp\/v2\/types\/product"}],"wp:attachment":[{"href":"https:\/\/www.packpapierverlag.de\/index.php?rest_route=%2Fwp%2Fv2%2Fmedia&parent=602"}],"wp:term":[{"taxonomy":"product_brand","embeddable":true,"href":"https:\/\/www.packpapierverlag.de\/index.php?rest_route=%2Fwp%2Fv2%2Fproduct_brand&post=602"},{"taxonomy":"product_cat","embeddable":true,"href":"https:\/\/www.packpapierverlag.de\/index.php?rest_route=%2Fwp%2Fv2%2Fproduct_cat&post=602"},{"taxonomy":"product_tag","embeddable":true,"href":"https:\/\/www.packpapierverlag.de\/index.php?rest_route=%2Fwp%2Fv2%2Fproduct_tag&post=602"}],"curies":[{"name":"wp","href":"https:\/\/api.w.org\/{rel}","templated":true}]}}