{"id":614,"date":"2010-12-12T19:48:46","date_gmt":"2010-12-12T18:48:46","guid":{"rendered":"http:\/\/www.packpapierverlag.de\/neu\/?p=614"},"modified":"2025-06-21T12:49:06","modified_gmt":"2025-06-21T10:49:06","slug":"die-wundermauer","status":"publish","type":"product","link":"https:\/\/www.packpapierverlag.de\/?product=die-wundermauer","title":{"rendered":"Hermynia zur M\u00fchlen : Die Wundermauer (a21)"},"content":{"rendered":"<p><a href=\"https:\/\/www.packpapierverlag.de\/wp-content\/uploads\/2010\/12\/Die-Wundermauer.jpg\"><img loading=\"lazy\" decoding=\"async\" class=\"alignleft size-medium wp-image-5242\" title=\"Die Wundermauer\" src=\"https:\/\/www.packpapierverlag.de\/wp-content\/uploads\/2010\/12\/Die-Wundermauer-215x300.jpg\" alt=\"\" width=\"215\" height=\"300\" srcset=\"https:\/\/www.packpapierverlag.de\/wp-content\/uploads\/2010\/12\/Die-Wundermauer-215x300.jpg 215w, https:\/\/www.packpapierverlag.de\/wp-content\/uploads\/2010\/12\/Die-Wundermauer-300x417.jpg 300w, https:\/\/www.packpapierverlag.de\/wp-content\/uploads\/2010\/12\/Die-Wundermauer-735x1024.jpg 735w, https:\/\/www.packpapierverlag.de\/wp-content\/uploads\/2010\/12\/Die-Wundermauer.jpg 1024w\" sizes=\"auto, (max-width: 215px) 100vw, 215px\" \/><\/a>Die Wundermauer ist eine Schaufesterscheibe, kein Eintritt f\u00fcr Arme &#8230; doch dann geht sie kaputt &#8230; es krachte laut, die Wundermauer zerbrach, weil es nicht mal besonders festes Glas war, und zersplitterte in tausend St\u00fccke! Vor die Kinder rollten Brot und Wurst, K\u00e4se und Butter, Kuchen und Kekse und viele, viele Leckerbissen. 20 Seiten illustriert, DinA5 auf geripptem K\u00fcnstlerpapier &#8211; Nr.a21<\/p>\n","protected":false},"excerpt":{"rendered":"<p>Die Wundermauer ist eine Schaufesterscheibe, kein Eintritt f\u00fcr Arme &#8230; [&hellip;] &hellip; <a href=\"https:\/\/www.packpapierverlag.de\/?product=die-wundermauer\">Weiterlesen <span class=\"meta-nav\">&rarr;<\/span><\/a><\/p>\n","protected":false},"featured_media":5242,"template":"","meta":[],"product_brand":[],"product_cat":[10,13,3],"product_tag":[],"class_list":{"0":"post-614","1":"product","2":"type-product","3":"status-publish","4":"has-post-thumbnail","6":"product_cat-erziehung","7":"product_cat-kinderbucher-spiele","8":"product_cat-produkte","10":"first","11":"instock","12":"shipping-taxable","13":"purchasable","14":"product-type-simple"},"_links":{"self":[{"href":"https:\/\/www.packpapierverlag.de\/index.php?rest_route=\/wp\/v2\/product\/614","targetHints":{"allow":["GET"]}}],"collection":[{"href":"https:\/\/www.packpapierverlag.de\/index.php?rest_route=\/wp\/v2\/product"}],"about":[{"href":"https:\/\/www.packpapierverlag.de\/index.php?rest_route=\/wp\/v2\/types\/product"}],"wp:featuredmedia":[{"embeddable":true,"href":"https:\/\/www.packpapierverlag.de\/index.php?rest_route=\/wp\/v2\/media\/5242"}],"wp:attachment":[{"href":"https:\/\/www.packpapierverlag.de\/index.php?rest_route=%2Fwp%2Fv2%2Fmedia&parent=614"}],"wp:term":[{"taxonomy":"product_brand","embeddable":true,"href":"https:\/\/www.packpapierverlag.de\/index.php?rest_route=%2Fwp%2Fv2%2Fproduct_brand&post=614"},{"taxonomy":"product_cat","embeddable":true,"href":"https:\/\/www.packpapierverlag.de\/index.php?rest_route=%2Fwp%2Fv2%2Fproduct_cat&post=614"},{"taxonomy":"product_tag","embeddable":true,"href":"https:\/\/www.packpapierverlag.de\/index.php?rest_route=%2Fwp%2Fv2%2Fproduct_tag&post=614"}],"curies":[{"name":"wp","href":"https:\/\/api.w.org\/{rel}","templated":true}]}}