{"id":617,"date":"2010-12-12T19:50:04","date_gmt":"2010-12-12T18:50:04","guid":{"rendered":"http:\/\/www.packpapierverlag.de\/neu\/?p=617"},"modified":"2017-04-24T11:33:11","modified_gmt":"2017-04-24T09:33:11","slug":"die-wunderbienen","status":"publish","type":"product","link":"https:\/\/www.packpapierverlag.de\/?product=die-wunderbienen","title":{"rendered":"G\u00fcnter Flach Die Wunderbienen (p65)"},"content":{"rendered":"<p><a href=\"https:\/\/www.packpapierverlag.de\/wp-content\/uploads\/2010\/12\/wunderbienen.jpg\"><img loading=\"lazy\" decoding=\"async\" class=\"alignleft size-medium wp-image-3885\" title=\"wunderbienen\" src=\"https:\/\/www.packpapierverlag.de\/wp-content\/uploads\/2010\/12\/wunderbienen-217x300.jpg\" alt=\"\" width=\"217\" height=\"300\" srcset=\"https:\/\/www.packpapierverlag.de\/wp-content\/uploads\/2010\/12\/wunderbienen-217x300.jpg 217w, https:\/\/www.packpapierverlag.de\/wp-content\/uploads\/2010\/12\/wunderbienen-300x414.jpg 300w, https:\/\/www.packpapierverlag.de\/wp-content\/uploads\/2010\/12\/wunderbienen-741x1024.jpg 741w, https:\/\/www.packpapierverlag.de\/wp-content\/uploads\/2010\/12\/wunderbienen.jpg 1024w\" sizes=\"auto, (max-width: 217px) 100vw, 217px\" \/><\/a><span style=\"font-weight: bold; color: #9a3300; font-family: Helvetica,Arial,sans-serif;\">G\u00fcnter Flach: Die Wunder- Bienen. Ein alternatives M\u00e4rchen<\/span><small style=\"color: #6c2400; font-family: Helvetica,Arial,sans-serif;\"><br \/>\nGewidmet allen Lebenssch\u00fctzern, Alternativlingen und vor allem unseren Kindern, die einmal unseren Planeten Erde erben werden Packpapier- Verlag, 2. Auflage von 2002 (1. Auflage: 1986). 80 Seiten, Druck auf Umweltschutzpapier, mit 9 Zeichnungen<br \/>\n<span style=\"font-weight: bold;\">Aus dem Vorwort <\/span>des Autors zur 2. Auflage: \u201eDie Geschichte entstand Anfang der 80er Jahre des 20. Jahrhunderts, als wir Umweltfreaks noch als weltfremde Spinner galten, (&#8230;). Etliche der im Buch angesprochenen Problematiken wurden inzwischen angepackt, Umweltschutz ist heute Gesetz. Damals wagten wir nicht, davon zu tr\u00e4umen. All denen, die mit uns f\u00fcr die Erhaltung unserer Erde gek\u00e4mpft haben und dies noch tun, unseren herzlichen Dank. Ich w\u00fcnsche viel Spa\u00df bei der Lekt\u00fcre (&#8230;)!\u201c<br \/>\nEin angenehm geschriebenes B\u00fcchlein, das auf gute Weise die Phantasie- mit der wirklichen Welt zu verbinden wei\u00df. Da\u00df Kinder gesellschaftliche, pers\u00f6nliche, politische und \u00f6kologische Zusammenh\u00e4nge verstehen k\u00f6nnen, wenn sie kindgerecht vermittelt werden, beweist dieses Buch. Ein leicht esoterischer Touch (es waren die 80er) ist allerdings nicht zu \u00fcbersehen &#8211; verzichtet in seiner verspielten Art aber auf Dogmatismus, und das angestrebte Engagement in der Welt hat nichts mit den R\u00fcckz\u00fcgen einer &#8222;Ichfindung&#8220; zu tun. Bei diesem B\u00fcchlein geht es vor allem um das Handeln zusammen mit anderen Menschen f\u00fcr die gemeinsame Welt.\u00a0 Die Geschwister Elrond und Yasmin Wagenf\u00fchr werden von ihrem resoluten, dabei jedoch b\u00e4rig- gutm\u00fctigem Opa Thalmann an die Hand genommen (manchmal m\u00fcssen allerdings auch sie ihn an die Hand nehmen) und entdecken mit ihm zusammen nicht nur die Tiere des Waldes, die Kobolde und M\u00e4rchenwesen der Natur, sondern erfahren auch, was es hei\u00dft, wenn Menschen sich gegen seltsame Beh\u00f6rden samt ihrer Vorschriften und Verbote zur Wehr setzen m\u00fcssen- da kommt die Polizei und beschlagnahmt etwa Papa Fred Wagenf\u00fchrs selbstgebauten Windgenerator und seine kleine Biogasanlage. W\u00e4hrend auf den Industriefeldern Insektizide gespritzt werden d\u00fcrfen. Aber zusammen mit dem Gott Pan (der hier als eine Art \u00d6kologielehrer auftritt), Opas schwarzen Waldameisen und nicht zuletzt den Wunderbienen und einer kleinen B\u00fcrgerinitiative wird doch alles gut&#8230; oder war das alles nur ein Traum? Und wenn- k\u00f6nnte er nicht Wirklichkeit werden?<br \/>\n<span style=\"font-weight: bold;\">INHALT:<\/span> 1.<br \/>\nKapitel: Alkohol kann Menschen in Ungeheuer verwandeln 2. Kapitel: Lernen f\u00fchrt oft zu erstaunlichen Ergebnisse 3. Kapitel: Frisch erworbenes K\u00f6nnen wird manchmal falsch angewendet 4. Kapitel: Die Kinder des Lichts lieben ihre Br\u00fcder 5. Kapitel: Mit der Natur lebt man besser als im Kampf gegen sie 6. Kapitel: Nicht jeder alte Vogel wird gefangen 7. Kapitel: Einbrecher sind auch Menschen 8. Kapitel: Alles Leben, das der Sch\u00f6pfer machte, ist heilig 9. Kapitel: Der Retter aus der Not ist oft nicht weit 10. Kapitel: Gelegentlich gewinnt man unerwartet Freunde 11. Kapitel: Gut Ding will Weile haben \u2013 und bleibt deshalb liegen 12. Kapitel: Manchmal ist der Teufel los 13. Kapitel: Wenn ein Ansto\u00df gegeben ist, klappt manches besser, als gedacht 14. Kapitel: Ein frohes Fest schlie\u00dft Freundschaftsbande Anhang 1: Erkl\u00e4rungen Anhang 2: Etwas \u00fcber Bienen<\/small><\/p>\n","protected":false},"excerpt":{"rendered":"<p>G\u00fcnter Flach: Die Wunder- Bienen. Ein alternatives M\u00e4rchen Gewidmet allen [&hellip;] &hellip; <a href=\"https:\/\/www.packpapierverlag.de\/?product=die-wunderbienen\">Weiterlesen <span class=\"meta-nav\">&rarr;<\/span><\/a><\/p>\n","protected":false},"featured_media":3885,"template":"","meta":[],"product_brand":[],"product_cat":[13,3],"product_tag":[],"class_list":{"0":"post-617","1":"product","2":"type-product","3":"status-publish","4":"has-post-thumbnail","6":"product_cat-kinderbucher-spiele","7":"product_cat-produkte","9":"first","10":"instock","11":"shipping-taxable","12":"purchasable","13":"product-type-simple"},"_links":{"self":[{"href":"https:\/\/www.packpapierverlag.de\/index.php?rest_route=\/wp\/v2\/product\/617","targetHints":{"allow":["GET"]}}],"collection":[{"href":"https:\/\/www.packpapierverlag.de\/index.php?rest_route=\/wp\/v2\/product"}],"about":[{"href":"https:\/\/www.packpapierverlag.de\/index.php?rest_route=\/wp\/v2\/types\/product"}],"wp:featuredmedia":[{"embeddable":true,"href":"https:\/\/www.packpapierverlag.de\/index.php?rest_route=\/wp\/v2\/media\/3885"}],"wp:attachment":[{"href":"https:\/\/www.packpapierverlag.de\/index.php?rest_route=%2Fwp%2Fv2%2Fmedia&parent=617"}],"wp:term":[{"taxonomy":"product_brand","embeddable":true,"href":"https:\/\/www.packpapierverlag.de\/index.php?rest_route=%2Fwp%2Fv2%2Fproduct_brand&post=617"},{"taxonomy":"product_cat","embeddable":true,"href":"https:\/\/www.packpapierverlag.de\/index.php?rest_route=%2Fwp%2Fv2%2Fproduct_cat&post=617"},{"taxonomy":"product_tag","embeddable":true,"href":"https:\/\/www.packpapierverlag.de\/index.php?rest_route=%2Fwp%2Fv2%2Fproduct_tag&post=617"}],"curies":[{"name":"wp","href":"https:\/\/api.w.org\/{rel}","templated":true}]}}