{"id":618,"date":"2010-12-12T19:50:27","date_gmt":"2010-12-12T18:50:27","guid":{"rendered":"http:\/\/www.packpapierverlag.de\/neu\/?p=618"},"modified":"2019-09-27T13:45:18","modified_gmt":"2019-09-27T11:45:18","slug":"fuchs-und-gans-im-50-stock","status":"publish","type":"product","link":"https:\/\/www.packpapierverlag.de\/?product=fuchs-und-gans-im-50-stock","title":{"rendered":"Fuchs und Gans im 50. Stock. Kinderm\u00e4rchen von Jens Uwe Ries (l11)"},"content":{"rendered":"<p><a href=\"https:\/\/www.packpapierverlag.de\/wp-content\/uploads\/2010\/12\/Ries-Fuchs-und-Gans1.jpg\"><img loading=\"lazy\" decoding=\"async\" class=\"alignleft size-medium wp-image-2919\" title=\"Ries Fuchs und Gans\" src=\"https:\/\/www.packpapierverlag.de\/wp-content\/uploads\/2010\/12\/Ries-Fuchs-und-Gans1-221x300.jpg\" alt=\"\" width=\"221\" height=\"300\" srcset=\"https:\/\/www.packpapierverlag.de\/wp-content\/uploads\/2010\/12\/Ries-Fuchs-und-Gans1-221x300.jpg 221w, https:\/\/www.packpapierverlag.de\/wp-content\/uploads\/2010\/12\/Ries-Fuchs-und-Gans1.jpg 299w\" sizes=\"auto, (max-width: 221px) 100vw, 221px\" \/><\/a><small><span style=\"font-size: small;\"><small><span style=\"color: #666600;\">Jens- Uwe Ries:<\/span><br \/>\n<\/small><\/span><\/small><\/p>\n<div style=\"text-align: left; font-family: Helvetica,Arial,sans-serif;\"><small><small><span style=\"text-decoration: underline; font-weight: bold; color: #592c59; font-size: small;\"><small>Fuchs und Gans im f\u00fcnfzigsten Stock.<\/small><\/span><br style=\"color: #006600;\" \/><small><span style=\"color: #666600; font-size: xx-small;\"><small><small>Packpapier- Verlag<\/small><\/small><\/span><\/small><span style=\"color: #666600;\">. Kinderbuchheftchen mit 30 Seiten.\u00a0Postkartenformat, mit 7 Zeichnungen von Rune S\u00f6ndergard (Rinken\u00e4s, D\u00e4nemark)<\/span><br \/>\n<br style=\"color: #006600;\" \/><span style=\"color: #592c59; font-size: xx-small;\"><small><span style=\"font-style: italic;\">\u201eNun erz\u00e4hle also auch ich euch ein M\u00e4rchen: <\/span><\/small><\/span><span style=\"font-style: italic; color: #666600;\">Es war einmal&#8230; <\/span><span style=\"font-style: italic; color: #666600;\">\u201eJa, was denn nun?! Erz\u00e4hl! Los!\u201c <\/span><span style=\"font-style: italic; color: #666600;\">\u201eKommen auch Vampire drin vor?\u201c <\/span><span style=\"font-style: italic; color: #666600;\">\u201eUnd wie geht es aus?\u201c <\/span><span style=\"font-style: italic; color: #666600;\">Hm, ich glaube, so wird das nichts. Etwas Geduld m\u00fcssen wir schon aufbringen, wenn wir etwas erfahren wollen, was nun los war und wie es dazu kam, denn so urpl\u00f6tzlich, ohne Vorgeschichte, geschieht nichts. <\/span><span style=\"font-size: xx-small;\"><small><span style=\"font-style: italic; color: #666600;\">Also: <\/span><\/small><\/span><span style=\"font-style: italic; color: #666600;\">Vor langer, langer Zeit, genauer: am 30. Januar 1991 (wie die Menschen, nach ihrer bl\u00f6den Art, alles zu z\u00e4hlen, als w\u00fcssten sie dann mehr!, jeden Tag nummerierten)&#8230; <\/span><span style=\"font-style: italic; color: #666600;\">Nein, wir beginnen noch mal von vorn, denn dieser Satz ist zu lang! <\/span><span style=\"font-style: italic; color: #666600;\">Vor langer Zeit begab es sich, da\u00df die Tiere in das Hochhaus einzogen. Gebaut wurde dieses Haus nat\u00fcrlich von Menschen. Welches Tier k\u00e4me wohl auf solch einen verr\u00fcckten Gedanken: ein Hochhaus!!<\/span><br style=\"font-style: italic; color: #006600;\" \/><span style=\"font-style: italic; color: #666600;\">Lange Zeit stand dieses leer, obwohl die Menschen immer wieder versuchten, die Tiere davon zu \u00fcberzeugen, da\u00df der Einzug f\u00fcr sie unbedingt notwendig und vorteilhaft sei. So legten sie beispielsweise Futterspuren bis ins Haus hinein und stellten Kunststofftiere in einige Fenster. Die Tiere sollten glauben, da\u00df das Haus schon von einigen ihrer Artgenossen bewohnt sei. Um diesen Eindruck zu verst\u00e4rken, wurden von Tonb\u00e4ndern Tierrufe abgespielt, die nach eitel Freude und Frohsinn klangen: wo k\u00f6nnten Tiere besser aufgehoben sein, als eben in diesem Hochhaus! <\/span><span style=\"font-style: italic; color: #666600;\">Das alles, und was es noch f\u00fcr miese Tricks gibt, setzten die Menschen zur \u00dcberlistung der Tiere ein. <\/span><span style=\"font-style: italic; color: #666600;\">Allem zum Trotz aber fielen die Tiere nicht darauf herein. Sie f\u00fcrchteten sich und es wurde ihnen ganz kalt bei dem Gedanken, in\u00a0 dem d\u00fcsteren Geb\u00e4ude wohnen zu m\u00fcssen. Sie sahen keinen Grund, die W\u00e4lder und Wiesen zu verlassen. <\/span><span style=\"font-style: italic; color: #666600;\">Und dennoch sollten sie sich eines Tages in dem Hochhaus einfinden. <\/span><span style=\"font-style: italic; color: #666600;\">Wie kam es dazu?\u201c<\/span><br \/>\n<br style=\"color: #006600;\" \/><span style=\"color: #592c59;\">Wie es dazu kam, da\u00df die Menschen die Tiere in das Hochhaus brachten (sie wollten n\u00e4mlich den Wald abholzen und Stra\u00dfen und Fabriken auf den Wiesen bauen und das Land unter sich aufteilen), davon erfahrt Ihr, wenn Ihr im Heftchen weiterlest. Und Ihr werdet auch sehen, welch listige und kluge Ideen die Tiere entwickelten, um das Hochhaus wieder zu verlassen und ihren Wald zur\u00fcckzuerobern,&#8230;<\/span><\/small><\/small><span style=\"color: #666600;\">Jens- Uwe Ries, der sich in seinen Romanen, Erz\u00e4hlungen und Aufs\u00e4tzen mit dem Zusammenleben von Menschen in Gesellschaft, Politik und Privatleben auseinandersetzt, probiert sich hier sehr gelungen am Genre Kinderm\u00e4rchen.\u00a0 Frech und mutmachend geschrieben, k\u00f6nnen die Erwachsenen dieses M\u00e4rchen auch als Fabel lesen;&#8230; wo kommen wir hin, wenn wir weitergehen wie bisher. Und ist eine \u00f6kologisch-soziale Utopie vielleicht weniger merkw\u00fcrdig, als gerade ihr Gegenteil: die hemmungslose Ausbeutung der Ressourcen der Erde und die Ignoranz gegen\u00fcber dem, was anders ist- oder anders erscheint.<\/span><\/p>\n<\/div>\n<div style=\"text-align: left; font-family: Helvetica,Arial,sans-serif;\"><small><br \/>\n<span style=\"color: #666600;\">Statt eines mahnenden Zeigefingers begegnet man eing\u00e4ngig- ulkigen Bildern&#8230; das Reh vor der Badewanne ersetzt den gesamten Zivilisationsdiskurs, und statt die Augenbrauen kritisch kr\u00e4useln zu m\u00fcssen, kann man herzhaft \u00fcber die entworfenen Bilder lachen&#8212; und auch mal ein bisschen traurig sein, wenn sich die Tiere inmitten der angepriesenen Hygiene des Hochhauses nach der Erde des Waldes sehnen.<\/span><\/small><small style=\"font-family: Helvetica,Arial,sans-serif;\"><small><\/small><\/small><\/div>\n<p>&nbsp;<\/p>\n","protected":false},"excerpt":{"rendered":"<p>Jens- Uwe Ries: Fuchs und Gans im f\u00fcnfzigsten Stock.Packpapier- Verlag. [&hellip;] &hellip; <a href=\"https:\/\/www.packpapierverlag.de\/?product=fuchs-und-gans-im-50-stock\">Weiterlesen <span class=\"meta-nav\">&rarr;<\/span><\/a><\/p>\n","protected":false},"featured_media":2919,"template":"","meta":[],"product_brand":[],"product_cat":[13,3],"product_tag":[],"class_list":{"0":"post-618","1":"product","2":"type-product","3":"status-publish","4":"has-post-thumbnail","6":"product_cat-kinderbucher-spiele","7":"product_cat-produkte","9":"first","10":"instock","11":"shipping-taxable","12":"purchasable","13":"product-type-simple"},"_links":{"self":[{"href":"https:\/\/www.packpapierverlag.de\/index.php?rest_route=\/wp\/v2\/product\/618","targetHints":{"allow":["GET"]}}],"collection":[{"href":"https:\/\/www.packpapierverlag.de\/index.php?rest_route=\/wp\/v2\/product"}],"about":[{"href":"https:\/\/www.packpapierverlag.de\/index.php?rest_route=\/wp\/v2\/types\/product"}],"wp:featuredmedia":[{"embeddable":true,"href":"https:\/\/www.packpapierverlag.de\/index.php?rest_route=\/wp\/v2\/media\/2919"}],"wp:attachment":[{"href":"https:\/\/www.packpapierverlag.de\/index.php?rest_route=%2Fwp%2Fv2%2Fmedia&parent=618"}],"wp:term":[{"taxonomy":"product_brand","embeddable":true,"href":"https:\/\/www.packpapierverlag.de\/index.php?rest_route=%2Fwp%2Fv2%2Fproduct_brand&post=618"},{"taxonomy":"product_cat","embeddable":true,"href":"https:\/\/www.packpapierverlag.de\/index.php?rest_route=%2Fwp%2Fv2%2Fproduct_cat&post=618"},{"taxonomy":"product_tag","embeddable":true,"href":"https:\/\/www.packpapierverlag.de\/index.php?rest_route=%2Fwp%2Fv2%2Fproduct_tag&post=618"}],"curies":[{"name":"wp","href":"https:\/\/api.w.org\/{rel}","templated":true}]}}