{"id":620,"date":"2010-12-12T19:51:20","date_gmt":"2010-12-12T18:51:20","guid":{"rendered":"http:\/\/www.packpapierverlag.de\/neu\/?p=620"},"modified":"2017-04-17T16:21:08","modified_gmt":"2017-04-17T14:21:08","slug":"andelgrodenspiel-iffens","status":"publish","type":"product","link":"https:\/\/www.packpapierverlag.de\/?product=andelgrodenspiel-iffens","title":{"rendered":"Andelgrodenspiel (Iffens) (s16)"},"content":{"rendered":"<p><a href=\"https:\/\/www.packpapierverlag.de\/wp-content\/uploads\/2010\/12\/iffens-salzwiese.jpg\"><img loading=\"lazy\" decoding=\"async\" class=\"alignleft size-medium wp-image-5214\" title=\"iffens salzwiese\" src=\"https:\/\/www.packpapierverlag.de\/wp-content\/uploads\/2010\/12\/iffens-salzwiese-223x300.jpg\" alt=\"\" width=\"223\" height=\"300\" srcset=\"https:\/\/www.packpapierverlag.de\/wp-content\/uploads\/2010\/12\/iffens-salzwiese-223x300.jpg 223w, https:\/\/www.packpapierverlag.de\/wp-content\/uploads\/2010\/12\/iffens-salzwiese-300x403.jpg 300w, https:\/\/www.packpapierverlag.de\/wp-content\/uploads\/2010\/12\/iffens-salzwiese-762x1024.jpg 762w, https:\/\/www.packpapierverlag.de\/wp-content\/uploads\/2010\/12\/iffens-salzwiese.jpg 1024w\" sizes=\"auto, (max-width: 223px) 100vw, 223px\" \/><\/a><small style=\"color: #1f3e3e;\"><span style=\"font-family: Helvetica,Arial,sans-serif;\">Ideen zur Umwelterziehung aus Iffens (Umwelterziehung Iffens e.V.)<\/span><br style=\"font-family: Helvetica,Arial,sans-serif;\" \/><span style=\"font-family: Helvetica,Arial,sans-serif;\"><big style=\"color: #376e6e;\"><span style=\"font-weight: bold;\">Andelgrodenspiel. Salzwiesen im Au\u00dfendeich; <\/span><\/big>3. Auflage von 2000. DIN A4.<\/span><br style=\"font-family: Helvetica,Arial,sans-serif;\" \/><span style=\"font-family: Helvetica,Arial,sans-serif;\">Mit den Materialien lassen sich verschiedene Spiele spielen, die alle dem Zweck dienen, die Salzwiesenpflanzen des Watts kennenzulernen. Man kann zum Beispiel eine Salzwiese nachbauen und die Pflanzenkarten an den richtigen Standort stellen ODER man nimmt die Karten zur Pflanzenbestimmung mit ins Watt ODER man sammelt Wattpflanzen und legt sich zusammen mit den Karten ein kleines Herbarium an ODER man spielt ein Kartenspiel mit den Karten. <span style=\"font-weight: bold;\">Folgende Pflanzen werden vorgestellt<\/span>: Stranddistel, Strandwegerich, Andelgras, Strandmelde, Strandsode, Strandflieder, Schlickgras, Milchkraut, Strand- Dreizack, Strandaster, Grasnelke, Strandbeifu\u00df, Blasentang, Meersalat, Queller, D\u00e4nisches L\u00f6ffelkraut<\/span><br style=\"font-family: Helvetica,Arial,sans-serif;\" \/><span style=\"font-family: Helvetica,Arial,sans-serif;\"><span style=\"font-weight: bold;\">Das Spiel enth\u00e4lt: <\/span>* Spielanleitung und Spielvarianten * Texte zum Ausschneiden und Lernen (Standort- und Pflanzenbeschreibungen) * Schaubild: Vereinfachte Darstellung der Salzpflanzen- Standorte (vom Wasser bis zum Deich) * 6 B\u00f6gen aus Karton mit Pflanzenkarten zum Ausschneiden mit deutschem und lateinischem Namen<\/span><\/small><\/p>\n","protected":false},"excerpt":{"rendered":"<p>Ideen zur Umwelterziehung aus Iffens (Umwelterziehung Iffens e.V.)Andelgrodenspiel. Salzwiesen im [&hellip;] &hellip; <a href=\"https:\/\/www.packpapierverlag.de\/?product=andelgrodenspiel-iffens\">Weiterlesen <span class=\"meta-nav\">&rarr;<\/span><\/a><\/p>\n","protected":false},"featured_media":5214,"template":"","meta":[],"product_brand":[],"product_cat":[13,3],"product_tag":[],"class_list":{"0":"post-620","1":"product","2":"type-product","3":"status-publish","4":"has-post-thumbnail","6":"product_cat-kinderbucher-spiele","7":"product_cat-produkte","9":"first","10":"instock","11":"shipping-taxable","12":"purchasable","13":"product-type-simple"},"_links":{"self":[{"href":"https:\/\/www.packpapierverlag.de\/index.php?rest_route=\/wp\/v2\/product\/620","targetHints":{"allow":["GET"]}}],"collection":[{"href":"https:\/\/www.packpapierverlag.de\/index.php?rest_route=\/wp\/v2\/product"}],"about":[{"href":"https:\/\/www.packpapierverlag.de\/index.php?rest_route=\/wp\/v2\/types\/product"}],"wp:featuredmedia":[{"embeddable":true,"href":"https:\/\/www.packpapierverlag.de\/index.php?rest_route=\/wp\/v2\/media\/5214"}],"wp:attachment":[{"href":"https:\/\/www.packpapierverlag.de\/index.php?rest_route=%2Fwp%2Fv2%2Fmedia&parent=620"}],"wp:term":[{"taxonomy":"product_brand","embeddable":true,"href":"https:\/\/www.packpapierverlag.de\/index.php?rest_route=%2Fwp%2Fv2%2Fproduct_brand&post=620"},{"taxonomy":"product_cat","embeddable":true,"href":"https:\/\/www.packpapierverlag.de\/index.php?rest_route=%2Fwp%2Fv2%2Fproduct_cat&post=620"},{"taxonomy":"product_tag","embeddable":true,"href":"https:\/\/www.packpapierverlag.de\/index.php?rest_route=%2Fwp%2Fv2%2Fproduct_tag&post=620"}],"curies":[{"name":"wp","href":"https:\/\/api.w.org\/{rel}","templated":true}]}}