{"id":623,"date":"2010-12-12T19:52:33","date_gmt":"2010-12-12T18:52:33","guid":{"rendered":"http:\/\/www.packpapierverlag.de\/neu\/?p=623"},"modified":"2020-04-06T00:33:35","modified_gmt":"2020-04-05T22:33:35","slug":"kichererbsen-sagefisch","status":"publish","type":"product","link":"https:\/\/www.packpapierverlag.de\/?product=kichererbsen-sagefisch","title":{"rendered":"Kichererbsen + S\u00e4gefisch (s11)"},"content":{"rendered":"<p>KICHERERBSEN UND S\u00c4GEFISCH (s11) 12,- \u20ac<\/p>\n<p>ein abendf\u00fcllendes Gesellschaftsspiel f\u00fcr 2-6 Naturfreunde und Sagefischliebhaber; Thema: Umweltschutz. Landbau und Naturkost.<\/p>\n<p>Auf dem gro\u00dfen Spielplan (DmA 2) beginnen die Spieler Ihre Umweltwanderung durch Stadt und Feld, Industriegebiet, Stra\u00dfen, Wald und Gebirge. Dabei gibts viel zu sehen und viel zu tun: B\u00e4ume und Blumen pflanzen (aus beiliegender Knete anzufertigen), Jogurtdeckel zur Sammeltonne des Bioladens bringen, und mit der Kichererbsen wirds besonders lustig.<\/p>\n<p>Ausstattung: Einfarbiger Spielplan auf Umweltkarton zum Ausmalen, P\u00e4ckchen bunte Knete, 32 Ereigniskarten, Spielanleitung, dar\u00fcberhinaus eine Anleitung zur Herstellung eines eigenen Umweltspiels &#8211; der Phantasie keine Grenzen! &#8211; Im Karton f\u00fcr 12,-\u20ac<\/p>\n<p>&nbsp;<\/p>\n<p><img loading=\"lazy\" decoding=\"async\" class=\"alignleft size-full wp-image-13620\" src=\"https:\/\/www.packpapierverlag.de\/wp-content\/uploads\/2020\/04\/s11kichererbsen.jpg\" alt=\"\" width=\"1024\" height=\"587\" srcset=\"https:\/\/www.packpapierverlag.de\/wp-content\/uploads\/2020\/04\/s11kichererbsen.jpg 1024w, https:\/\/www.packpapierverlag.de\/wp-content\/uploads\/2020\/04\/s11kichererbsen-300x172.jpg 300w\" sizes=\"auto, (max-width: 1024px) 100vw, 1024px\" \/><\/p>\n","protected":false},"excerpt":{"rendered":"<p>KICHERERBSEN UND S\u00c4GEFISCH (s11) 12,- \u20ac ein abendf\u00fcllendes Gesellschaftsspiel f\u00fcr [&hellip;] &hellip; <a href=\"https:\/\/www.packpapierverlag.de\/?product=kichererbsen-sagefisch\">Weiterlesen <span class=\"meta-nav\">&rarr;<\/span><\/a><\/p>\n","protected":false},"featured_media":13620,"template":"","meta":[],"product_brand":[],"product_cat":[13,3],"product_tag":[],"class_list":{"0":"post-623","1":"product","2":"type-product","3":"status-publish","4":"has-post-thumbnail","6":"product_cat-kinderbucher-spiele","7":"product_cat-produkte","9":"first","10":"instock","11":"shipping-taxable","12":"purchasable","13":"product-type-simple"},"_links":{"self":[{"href":"https:\/\/www.packpapierverlag.de\/index.php?rest_route=\/wp\/v2\/product\/623","targetHints":{"allow":["GET"]}}],"collection":[{"href":"https:\/\/www.packpapierverlag.de\/index.php?rest_route=\/wp\/v2\/product"}],"about":[{"href":"https:\/\/www.packpapierverlag.de\/index.php?rest_route=\/wp\/v2\/types\/product"}],"wp:featuredmedia":[{"embeddable":true,"href":"https:\/\/www.packpapierverlag.de\/index.php?rest_route=\/wp\/v2\/media\/13620"}],"wp:attachment":[{"href":"https:\/\/www.packpapierverlag.de\/index.php?rest_route=%2Fwp%2Fv2%2Fmedia&parent=623"}],"wp:term":[{"taxonomy":"product_brand","embeddable":true,"href":"https:\/\/www.packpapierverlag.de\/index.php?rest_route=%2Fwp%2Fv2%2Fproduct_brand&post=623"},{"taxonomy":"product_cat","embeddable":true,"href":"https:\/\/www.packpapierverlag.de\/index.php?rest_route=%2Fwp%2Fv2%2Fproduct_cat&post=623"},{"taxonomy":"product_tag","embeddable":true,"href":"https:\/\/www.packpapierverlag.de\/index.php?rest_route=%2Fwp%2Fv2%2Fproduct_tag&post=623"}],"curies":[{"name":"wp","href":"https:\/\/api.w.org\/{rel}","templated":true}]}}