{"id":6347,"date":"2014-11-07T23:50:44","date_gmt":"2014-11-07T22:50:44","guid":{"rendered":"http:\/\/www.packpapierverlag.de\/?p=6347"},"modified":"2022-09-25T12:38:06","modified_gmt":"2022-09-25T10:38:06","slug":"vegane-weihnachtsbackerei-palaverlag-nur-fur-kurze-zeit-im-sortiment","status":"publish","type":"product","link":"https:\/\/www.packpapierverlag.de\/?product=vegane-weihnachtsbackerei-palaverlag-nur-fur-kurze-zeit-im-sortiment","title":{"rendered":"Vegane Weihnachtsb\u00e4ckerei (PalaVerlag)"},"content":{"rendered":"<p><a href=\"https:\/\/www.packpapierverlag.de\/wp-content\/uploads\/2014\/11\/Vegane-Weihnachtsb\u00e4ckerei-Pala.jpg\"><img loading=\"lazy\" decoding=\"async\" class=\"alignleft size-medium wp-image-6348\" title=\"Vegane Weihnachtsb\u00e4ckerei Pala\" src=\"https:\/\/www.packpapierverlag.de\/wp-content\/uploads\/2014\/11\/Vegane-Weihnachtsb\u00e4ckerei-Pala-209x300.jpg\" alt=\"\" width=\"209\" height=\"300\" srcset=\"https:\/\/www.packpapierverlag.de\/wp-content\/uploads\/2014\/11\/Vegane-Weihnachtsb\u00e4ckerei-Pala-209x300.jpg 209w, https:\/\/www.packpapierverlag.de\/wp-content\/uploads\/2014\/11\/Vegane-Weihnachtsb\u00e4ckerei-Pala-300x429.jpg 300w, https:\/\/www.packpapierverlag.de\/wp-content\/uploads\/2014\/11\/Vegane-Weihnachtsb\u00e4ckerei-Pala-715x1024.jpg 715w, https:\/\/www.packpapierverlag.de\/wp-content\/uploads\/2014\/11\/Vegane-Weihnachtsb\u00e4ckerei-Pala.jpg 1024w\" sizes=\"auto, (max-width: 209px) 100vw, 209px\" \/><\/a><span style=\"font-family: Helvetica,Arial,sans-serif;\">Angelika Eckstein<\/span><br style=\"font-family: Helvetica,Arial,sans-serif;\" \/><big style=\"font-weight: bold; color: #306363;\"><span style=\"font-family: Helvetica,Arial,sans-serif;\">Vegane Weinachtsb\u00e4ckerei. Vollwertige Rezepte<\/span><\/big><br style=\"font-family: Helvetica,Arial,sans-serif;\" \/><span style=\"font-family: Helvetica,Arial,sans-serif;\">Darmstadt: Pala 2010. ISBN 978-3-89566-275-1 . Hardcoverbuch, gebunden, 158Seiten, illustriert.<\/span><br style=\"font-family: Helvetica,Arial,sans-serif;\" \/><span style=\"font-family: Helvetica,Arial,sans-serif; font-weight: bold;\">KLAPPENTEXT:<\/span><br style=\"font-family: Helvetica,Arial,sans-serif;\" \/><span style=\"font-family: Helvetica,Arial,sans-serif;\">Wenn allj\u00e4hrlich Ende November der Duft frisch gebackener Vanillekipferl durch die H\u00e4user zieht, ist es wieder so weit: Weihnachten steht vor der T\u00fcr.<\/span><br style=\"font-family: Helvetica,Arial,sans-serif;\" \/><span style=\"font-family: Helvetica,Arial,sans-serif;\">Voll Freude auf selbst gebackene Pl\u00e4tzchen beginnt allerorts die Weihnachtsb\u00e4ckerei. Auch wer sich vegan ern\u00e4hrt, darf nach Lust und Laune kneten, formen und verzieren, denn die begehrten Leckereien der Weihnachtszeit gelingen bestens auch ohne Eier, Milch &amp; Co. Wie es geht, zeigt dieses Buch.<\/span><br style=\"font-family: Helvetica,Arial,sans-serif;\" \/><span style=\"font-family: Helvetica,Arial,sans-serif;\">Rund 75 vollwertige Rezepte erkl\u00e4ren Schritt f\u00fcr Schritt, wie sich Pfefferkuchen, Stollen, Fr\u00fcchtebrot und Weihnachtstorte, eine bunte Vielfalt k\u00f6stlicher Pl\u00e4tzchen und auch Konfekt mit rein pflanzlichen Zutaten herstellen lassen. Klassiker der Weihnachtsb\u00e4ckerei wie Dominosteine oder Elisenlebkuchen gesellen sich auf dem Weihnachtsteller zu italienischen Cantucci, Limettensternen oder Mangokugeln. Auch Allergiker werden die Rezepte zu sch\u00e4tzen wissen, weil kaum Sojaprodukte zum Einsatz kommen. <\/span><span style=\"font-family: Helvetica,Arial,sans-serif;\">Tipps zum Verzieren und Verpacken machen zus\u00e4tzlich Lust auf eigene Experimente.<\/span><br style=\"font-family: Helvetica,Arial,sans-serif;\" \/><span style=\"font-family: Helvetica,Arial,sans-serif; font-weight: bold;\">INHALT:<\/span><br style=\"font-family: Helvetica,Arial,sans-serif;\" \/><span style=\"font-family: Helvetica,Arial,sans-serif;\">Liebe Leserin, lieber Leser * Hinweise zu den Rezepten * Zw\u00f6lf geliebte Leckereien f\u00fcr die Weihnachtszeit * Pfefferkuchen, Lebkuchen &amp; Co. * Kekse, Riegel, Ecken &amp; Co. * S\u00fc\u00dfe Versuchungen * Konfekt * Stollen, Striezel, Weihnachtsbrot &amp; Co.<\/span><br style=\"font-family: Helvetica,Arial,sans-serif;\" \/><span style=\"font-family: Helvetica,Arial,sans-serif; font-weight: bold;\">REZEPTINDEX:<\/span><br style=\"font-family: Helvetica,Arial,sans-serif;\" \/><span style=\"font-family: Helvetica,Arial,sans-serif;\">Aachener Printen * Ananas-Mandel-Monde * Apfelbrot * Aprikosen-Walnuss-Kugeln * Ausstecherle<\/span><br style=\"font-family: Helvetica,Arial,sans-serif;\" \/><span style=\"font-family: Helvetica,Arial,sans-serif;\">Bananen- Paranuss- Kekse * Bananenpl\u00e4tzchen mit Nu\u00dftupfen * Bananenschnitten * Bananentorte * Bananen-Weihnachtsbrot * Basler Leckerli * Biberle, St. Gallener * Blumenkinder * Brat\u00e4pfel im Teigmantel * Braune Kuchen<\/span><br style=\"font-family: Helvetica,Arial,sans-serif;\" \/><span style=\"font-family: Helvetica,Arial,sans-serif;\">Cantuccini<\/span><br style=\"font-family: Helvetica,Arial,sans-serif;\" \/><span style=\"font-family: Helvetica,Arial,sans-serif;\">Dattel- Haselnu\u00df- Lebkuchen * Dattel-Kokos-Kugeln * Dominosteine<\/span><br style=\"font-family: Helvetica,Arial,sans-serif;\" \/><span style=\"font-family: Helvetica,Arial,sans-serif;\">Elisenlebkuchen* Erdnu\u00df- Haferlocken- Cookies<\/span><br style=\"font-family: Helvetica,Arial,sans-serif;\" \/><span style=\"font-family: Helvetica,Arial,sans-serif;\">Feigen-Hanf-Riegel * Feigentaler * Florentiner * Fruchtlebkuchen<\/span><br style=\"font-family: Helvetica,Arial,sans-serif;\" \/><span style=\"font-family: Helvetica,Arial,sans-serif;\">Gebackene Nikol\u00e4use * Gef\u00fcllte Kirschkugeln * Gef\u00fcllte Mandel-Ananas-Monde * Gef\u00fcllte Schokoherzen * Gef\u00fcllte Walnu\u00dfherzen * Gef\u00fclltes Schokoladenspritzgeb\u00e4ck * Giselas Hutzelbrot * Gr\u00fcne Limettensterne<\/span><br style=\"font-family: Helvetica,Arial,sans-serif;\" \/><span style=\"font-family: Helvetica,Arial,sans-serif;\">Haferflocken-Erdnuss-Cookies * Haferflocken-Rosinen-Pl\u00e4tzchen * Hanf-Feigen-Riegel * Haselnu\u00dfcreme mit Quinoawaffeln * Haselnu\u00df- Dattel-Lebkuchen * Haselnu\u00df- M\u00f6hren-Kuchen * Haselnu\u00df- M\u00f6hren-Lebkuchen * Haselnu\u00dfstollen * Heidelbeerpunschkuchen * Hirse-Sesam-Pl\u00e4tzchen * Hutzelbrot<\/span><br style=\"font-family: Helvetica,Arial,sans-serif;\" \/><span style=\"font-family: Helvetica,Arial,sans-serif;\">Ingwerecken * Ingwersterne<\/span><br style=\"font-family: Helvetica,Arial,sans-serif;\" \/><span style=\"font-family: Helvetica,Arial,sans-serif;\">Karibisches Weihnachtsbrot* Kastanienkugeln * Kirschkugeln, gef\u00fcllt * Kokos-Dattel-Kugeln * Kuchen, braune<\/span><br style=\"font-family: Helvetica,Arial,sans-serif;\" \/><span style=\"font-family: Helvetica,Arial,sans-serif;\">Lebkuchen mit Fruchtf\u00fcllung * Lebkuchenherzen * Lebkuchenrollen * Lebkuchentaler mit Sesam * Leckerli, Basler * Limettensterne gr\u00fcne <\/span><span style=\"font-family: Helvetica,Arial,sans-serif;\">Mais-Zitronen-Kekse<br \/>\n* Mandel-Ananas-Monde * Mango-Schokoladen-Kugeln * Marzipanspritzgeb\u00e4ck * Mohn-Walnu\u00df-Striezel * M\u00f6hren-Haselnu\u00df-Kuchen * M\u00f6hren-Haselnu\u00df-Lebkuchen<\/span><br style=\"font-family: Helvetica,Arial,sans-serif;\" \/><span style=\"font-family: Helvetica,Arial,sans-serif;\">Nikol\u00e4use, gebacken * Nu\u00dfecken * Nu\u00df-Schokoladen-Kugeln * Nu\u00df-Bananen-Pl\u00e4tzchen <\/span><span style=\"font-family: Helvetica,Arial,sans-serif;\">Orangenkringel<br \/>\n* Orangenp\u00e4ckchen <\/span><span style=\"font-family: Helvetica,Arial,sans-serif;\">Panforte * Paranu\u00df-Bananen-Kekse * Pecannu\u00df-W\u00fcrfel * Pfeffern\u00fcsse * Pinienkern- Schoko-Cookies * Pistazienhalbmonde * Pistazienherzen * Pistazienkugeln * Printen, Aachener * Punschk\u00fc\u00dfchen<\/span><br style=\"font-family: Helvetica,Arial,sans-serif;\" \/><span style=\"font-family: Helvetica,Arial,sans-serif;\">Quinoawaffeln mit Haselnu\u00dfcreme * Quittenkonfekt<\/span><br style=\"font-family: Helvetica,Arial,sans-serif;\" \/><span style=\"font-family: Helvetica,Arial,sans-serif;\">Rosarote Pistazien Herzen * Rosinenkugeln im Schnee* Rosinen-Haferflocken-Pl\u00e4tzchen * Rosinenstollen<\/span><br style=\"font-family: Helvetica,Arial,sans-serif;\" \/><span style=\"font-family: Helvetica,Arial,sans-serif;\">Schokoherzen* Schokoladenkekse * Schokoladenkugeln * Schokoladenlebkuchen * Schokoladen-Mango-Kugeln * Schokoladen-Nu\u00df-Kugeln * Schokoladenspritzgeb\u00e4ck * Schoko- Pinienkern- Cookies * Schokow\u00fcrfel * Sesam-Hirse-Pl\u00e4tzchen * Sesamkonfekt * Sesam-Lebkuchen-Taler * Sonnenk\u00fcsse * Spekulatius * St. Gallener Biberle * Stollenkonfekt * Teigmantel mit Brat\u00e4pfeln<\/span><br style=\"font-family: Helvetica,Arial,sans-serif;\" \/><span style=\"font-family: Helvetica,Arial,sans-serif;\">Vanillekipferl<\/span><br style=\"font-family: Helvetica,Arial,sans-serif;\" \/><span style=\"font-family: Helvetica,Arial,sans-serif;\">Walnu\u00df-Aprikosen-Kugeln * Walnu\u00dfherzen * Walnu\u00df-Mohn-triesel * Walnu\u00df-Zimt-Riegel * Weihnachtsbrot mit Bananen<\/span><br style=\"font-family: Helvetica,Arial,sans-serif;\" \/><span style=\"font-family: Helvetica,Arial,sans-serif;\">Zimt-Walmu\u00df-Riegel * Zitronen-Mais-Kekse<\/span><\/p>\n","protected":false},"excerpt":{"rendered":"<p>Angelika EcksteinVegane Weinachtsb\u00e4ckerei. Vollwertige RezepteDarmstadt: Pala 2010. ISBN 978-3-89566-275-1 . [&hellip;] &hellip; <a href=\"https:\/\/www.packpapierverlag.de\/?product=vegane-weihnachtsbackerei-palaverlag-nur-fur-kurze-zeit-im-sortiment\">Weiterlesen <span class=\"meta-nav\">&rarr;<\/span><\/a><\/p>\n","protected":false},"featured_media":6348,"template":"","meta":[],"product_brand":[],"product_cat":[15,3],"product_tag":[],"class_list":{"0":"post-6347","1":"product","2":"type-product","3":"status-publish","4":"has-post-thumbnail","6":"product_cat-kochbucher-ernahrung-bewusstsein","7":"product_cat-produkte","9":"first","10":"instock","11":"shipping-taxable","12":"purchasable","13":"product-type-simple"},"_links":{"self":[{"href":"https:\/\/www.packpapierverlag.de\/index.php?rest_route=\/wp\/v2\/product\/6347","targetHints":{"allow":["GET"]}}],"collection":[{"href":"https:\/\/www.packpapierverlag.de\/index.php?rest_route=\/wp\/v2\/product"}],"about":[{"href":"https:\/\/www.packpapierverlag.de\/index.php?rest_route=\/wp\/v2\/types\/product"}],"wp:featuredmedia":[{"embeddable":true,"href":"https:\/\/www.packpapierverlag.de\/index.php?rest_route=\/wp\/v2\/media\/6348"}],"wp:attachment":[{"href":"https:\/\/www.packpapierverlag.de\/index.php?rest_route=%2Fwp%2Fv2%2Fmedia&parent=6347"}],"wp:term":[{"taxonomy":"product_brand","embeddable":true,"href":"https:\/\/www.packpapierverlag.de\/index.php?rest_route=%2Fwp%2Fv2%2Fproduct_brand&post=6347"},{"taxonomy":"product_cat","embeddable":true,"href":"https:\/\/www.packpapierverlag.de\/index.php?rest_route=%2Fwp%2Fv2%2Fproduct_cat&post=6347"},{"taxonomy":"product_tag","embeddable":true,"href":"https:\/\/www.packpapierverlag.de\/index.php?rest_route=%2Fwp%2Fv2%2Fproduct_tag&post=6347"}],"curies":[{"name":"wp","href":"https:\/\/api.w.org\/{rel}","templated":true}]}}