{"id":6396,"date":"2014-12-19T00:24:57","date_gmt":"2014-12-18T23:24:57","guid":{"rendered":"http:\/\/www.packpapierverlag.de\/?p=6396"},"modified":"2017-04-15T17:35:55","modified_gmt":"2017-04-15T15:35:55","slug":"iss-mal-so-vegadiko","status":"publish","type":"product","link":"https:\/\/www.packpapierverlag.de\/?product=iss-mal-so-vegadiko","title":{"rendered":"Iss mal so : VEGADIKO! Adivasi Kochbuch, vegan (p166)"},"content":{"rendered":"<p><a href=\"https:\/\/www.packpapierverlag.de\/wp-content\/uploads\/2014\/12\/Vegadiko.jpg\"><img loading=\"lazy\" decoding=\"async\" class=\"alignleft size-medium wp-image-6397\" title=\"Vegadiko\" src=\"https:\/\/www.packpapierverlag.de\/wp-content\/uploads\/2014\/12\/Vegadiko-300x219.jpg\" alt=\"\" width=\"300\" height=\"219\" srcset=\"https:\/\/www.packpapierverlag.de\/wp-content\/uploads\/2014\/12\/Vegadiko-300x219.jpg 300w, https:\/\/www.packpapierverlag.de\/wp-content\/uploads\/2014\/12\/Vegadiko-1024x747.jpg 1024w\" sizes=\"auto, (max-width: 300px) 100vw, 300px\" \/><\/a><\/p>\n<p>Vegadiko<\/p>\n<p><small style=\"color: #102222;\"><span style=\"font-family: Helvetica,Arial,sans-serif;\">Jana-Nita Raker &amp; Melanie Hunger<\/span><br style=\"font-family: Helvetica,Arial,sans-serif;\" \/><big style=\"font-weight: bold; color: #244d4d;\"><span style=\"font-family: Helvetica,Arial,sans-serif;\">Iss mal so:<\/span> <span style=\"font-family: Helvetica,Arial,sans-serif;\">VEGADIKO!<\/span><br style=\"font-family: Helvetica,Arial,sans-serif;\" \/><span style=\"font-family: Helvetica,Arial,sans-serif;\">Das solidarische, vegane Adivasi Kochbuch<\/span><\/big><br style=\"font-family: Helvetica,Arial,sans-serif;\" \/><span style=\"font-family: Helvetica,Arial,sans-serif;\">Geschichten und Gerichte der indigenen Bev\u00f6lkerung Indiens<\/span> <span style=\"font-family: Helvetica,Arial,sans-serif;\">ISBN 978-3-931504-53-3<\/span><br style=\"font-family: Helvetica,Arial,sans-serif;\" \/><span style=\"font-family: Helvetica,Arial,sans-serif;\">54 Seiten, DIN A5, bunter Farbverlaufsdruck, Kartonumschlag und Recyclingpapier.<\/span><br style=\"font-family: Helvetica,Arial,sans-serif;\" \/><span style=\"font-family: Helvetica,Arial,sans-serif;\">Mit Liebe und von Hand geschrieben und illustriert. <br style=\"font-family: Helvetica,Arial,sans-serif;\" \/><\/span><span style=\"font-family: Helvetica,Arial,sans-serif;\">Die indigene Bev\u00f6lkerung Indiens betr\u00e4gt etwa 8% der Gesamtbev\u00f6lkerung des Landes; die Adivasi werden im Zuge des \u201eFortschritts\u201c aus den wenigen ihnen noch verbliebenen Siedlungsgebieten vertrieben (etwa durch die Erschlie\u00dfung neuer Bergbaugebiete)\u00a0 und von der Mehrheitsgesellschaft sozial, politisch und rechtlich ausgegrenzt. Ihre naturverbundene Lebensweise pa\u00dft nicht zur Ideologie des Immer-schneller-immer-mehr-Konsumierens, die in Indien ebenso \u201eerfolgreich\u201c ist, wie anderswo.<\/span><br style=\"font-family: Helvetica,Arial,sans-serif;\" \/><span style=\"font-family: Helvetica,Arial,sans-serif;\">Dieses Kochb\u00fcchlein m\u00f6chte seinen Lesern die kulinarische Tradition der Adivasi nahe bringen, zugleich kommt der Erl\u00f6s des B\u00fcchleins dem NGO-Projekt Samata zugute, das sich im Bundesstaat Andhra Pradesh f\u00fcr die Rechte und Belange der Ureinwohner einsetzt.<\/span><br style=\"font-family: Helvetica,Arial,sans-serif;\" \/><span style=\"font-family: Helvetica,Arial,sans-serif;\">Noch ein Hinweis: die Gerichte sind mit Bedacht nicht \u201eeurop\u00e4isiert\u201c worden &#8211; aber selbstverst\u00e4ndlich darf mensch auch gerne ein bi\u00dfchen weniger Chilis oder Curry verwenden, als angeben.\u00a0 Au\u00dferdem kochen die Adivasi nicht mit dem Me\u00dfbecher, sondern nach Lust und Bedarf, mach es am besten genauso \ud83d\ude42<\/span><br style=\"font-family: Helvetica,Arial,sans-serif;\" \/><span style=\"font-family: Helvetica,Arial,sans-serif; font-weight: bold;\">INHALT:<\/span><br style=\"font-family: Helvetica,Arial,sans-serif;\" \/><span style=\"font-family: Helvetica,Arial,sans-serif;\">Wie Vegadiko entstanden ist * <span style=\"font-weight: bold;\">W.A.S Z.U.M L.E.S.E.N:<\/span> Adivasi * Samata * Bildungsprojekt * Vegane Ern\u00e4herung, Adivasi und Nachhaltigkeit * Eine kleine Bedienungsanleitung * Nachwort *<span style=\"font-weight: bold;\"> W.A.S Z.U.M K.O.C.H.E.N: CURRYS<\/span>: K\u00fcrbiscurry * Auberginencurry * Wei\u00dfkohlcurry * Bohnencurry * Okraschotencurry * Blumenkohlcurry * Kochbananencurry * Bratkartoffelcurry * Rote Beetecurry * Karottencurry * Pilzcurry * Spinatcurry * Curry aus jungen K\u00fcrbisbl\u00e4ttern- und St\u00e4ngeln * Kartoffelcurry f\u00fcr Biryani * Wurzeln im Tontopf * <span style=\"font-weight: bold;\">DAHL \u2013 GEKOCHTE LINSEN<\/span>: Dahl aus braunen Linsen * Dahl aus roten Linsen * Dahl aus kleinen gelben Linsen * Dickes Rassam * <span style=\"font-weight: bold;\">TIFFIN \u2013 INDISCHES FR\u00dcHST\u00dcCK<\/span>: Upma- Herzhafte Grie\u00dfspeise * Pulihora \u2013 Limetten-Erdnu\u00df-Reis * Idli \u2013 Linsen-Reisk\u00fcchlein * Bpmbay Chutney \u2013 Idliso\u00dfe * Pongal \u2013 W\u00fcrziger Pfefferreis * <span style=\"font-weight: bold;\">BROTE<\/span>: Roti \u2013 Hirsefladenbrot * Parotka \u2013 Kircherbsen-Gem\u00fcsefladen-Brot * <span style=\"font-weight: bold;\">CHUTNEYS<\/span>: Kokosnu\u00df Chutney * Tomaten Chutney * <span style=\"font-weight: bold;\">SPECIALS<\/span>: Rassam \u2013 W\u00fcrzig-scharfe Tomatenbr\u00fche * Biryani- W\u00fcrziger Gem\u00fcsereis * Tomaten Pickle * Chintallis weltbeste Masala Chai * <span style=\"font-weight: bold;\">S\u00dcSSES GEB\u00c4CK<\/span>: Arisalu \u2013 S\u00fc\u00dfe Reisfladen * Buuralu \u2013 S\u00fc\u00dfe Reis-Linsen-B\u00e4llchen<\/span><\/small><\/p>\n","protected":false},"excerpt":{"rendered":"<p>Vegadiko Jana-Nita Raker &amp; Melanie HungerIss mal so: VEGADIKO!Das solidarische, [&hellip;] &hellip; <a href=\"https:\/\/www.packpapierverlag.de\/?product=iss-mal-so-vegadiko\">Weiterlesen <span class=\"meta-nav\">&rarr;<\/span><\/a><\/p>\n","protected":false},"featured_media":6397,"template":"","meta":[],"product_brand":[],"product_cat":[15,3],"product_tag":[],"class_list":{"0":"post-6396","1":"product","2":"type-product","3":"status-publish","4":"has-post-thumbnail","6":"product_cat-kochbucher-ernahrung-bewusstsein","7":"product_cat-produkte","9":"first","10":"instock","11":"shipping-taxable","12":"purchasable","13":"product-type-simple"},"_links":{"self":[{"href":"https:\/\/www.packpapierverlag.de\/index.php?rest_route=\/wp\/v2\/product\/6396","targetHints":{"allow":["GET"]}}],"collection":[{"href":"https:\/\/www.packpapierverlag.de\/index.php?rest_route=\/wp\/v2\/product"}],"about":[{"href":"https:\/\/www.packpapierverlag.de\/index.php?rest_route=\/wp\/v2\/types\/product"}],"wp:featuredmedia":[{"embeddable":true,"href":"https:\/\/www.packpapierverlag.de\/index.php?rest_route=\/wp\/v2\/media\/6397"}],"wp:attachment":[{"href":"https:\/\/www.packpapierverlag.de\/index.php?rest_route=%2Fwp%2Fv2%2Fmedia&parent=6396"}],"wp:term":[{"taxonomy":"product_brand","embeddable":true,"href":"https:\/\/www.packpapierverlag.de\/index.php?rest_route=%2Fwp%2Fv2%2Fproduct_brand&post=6396"},{"taxonomy":"product_cat","embeddable":true,"href":"https:\/\/www.packpapierverlag.de\/index.php?rest_route=%2Fwp%2Fv2%2Fproduct_cat&post=6396"},{"taxonomy":"product_tag","embeddable":true,"href":"https:\/\/www.packpapierverlag.de\/index.php?rest_route=%2Fwp%2Fv2%2Fproduct_tag&post=6396"}],"curies":[{"name":"wp","href":"https:\/\/api.w.org\/{rel}","templated":true}]}}