{"id":6475,"date":"2015-02-18T22:44:48","date_gmt":"2015-02-18T21:44:48","guid":{"rendered":"http:\/\/www.packpapierverlag.de\/?p=6475"},"modified":"2022-01-16T11:42:30","modified_gmt":"2022-01-16T10:42:30","slug":"julius-bab-die-berliner-boheme-2","status":"publish","type":"product","link":"https:\/\/www.packpapierverlag.de\/?product=julius-bab-die-berliner-boheme-2","title":{"rendered":"Julius Bab: Die Berliner Boheme 14,90 (f60)"},"content":{"rendered":"<p><a href=\"https:\/\/www.packpapierverlag.de\/wp-content\/uploads\/2015\/02\/bab-berliner-boheme1.jpg\"><img loading=\"lazy\" decoding=\"async\" class=\"alignleft size-medium wp-image-6471\" title=\"bab berliner boheme\" src=\"https:\/\/www.packpapierverlag.de\/wp-content\/uploads\/2015\/02\/bab-berliner-boheme1-220x300.jpg\" alt=\"\" width=\"220\" height=\"300\" srcset=\"https:\/\/www.packpapierverlag.de\/wp-content\/uploads\/2015\/02\/bab-berliner-boheme1-220x300.jpg 220w, https:\/\/www.packpapierverlag.de\/wp-content\/uploads\/2015\/02\/bab-berliner-boheme1-300x408.jpg 300w, https:\/\/www.packpapierverlag.de\/wp-content\/uploads\/2015\/02\/bab-berliner-boheme1-753x1024.jpg 753w, https:\/\/www.packpapierverlag.de\/wp-content\/uploads\/2015\/02\/bab-berliner-boheme1.jpg 1024w\" sizes=\"auto, (max-width: 220px) 100vw, 220px\" \/><\/a><small style=\"color: #05190d; font-family: Helvetica,Arial,sans-serif;\"><big style=\"color: #105029;\"><span style=\"font-weight: bold;\">Julius Bab: Die Berliner Boheme, 105 Seiten, 14,90 (f60)<\/span><\/big><br \/>\nDas Buch \u201eDie Berliner Boh\u00e8me\u201c gilt als wichtigstes Zeugnis der vom Wilhelminischen B\u00fcrgertum als subversiv empfundenen Literaturszene Berlins der (vorletzten) Jahrhundertwende. Gleichzeitig dokumentiert es ihre Geschichte seit der Zeit ETA Hoffmanns. Der Verfasser Julius Bab (1880-1955) war in Berlin als Dramaturg t\u00e4tig. Er gab die \u201eDramaturgischen Bl\u00e4tter\u201c heraus und trat als Kulturkritiker und Biograph u.a. von R. Dehmel, B. Shaw, G. Landauer und F. Hebbel hervor. Als junger Mann geh\u00f6rte er verschiedenen Berliner K\u00fcnstlerzirkeln an. 19939 emigrierte er \u00fcber Frankreich in die USA.<br \/>\n<span style=\"font-weight: bold;\">INHALT:<\/span><br \/>\nVorwort * Vom Wesen der Bobeme * Die Bobeme der Romantiker (E.T.A. Hoffmann und Devrient) * Die Bobeme der Romantiker (Grabbe und Heine) * Die \u00bbFreien\u00ab bei Hippel (Stirner) * Zwischenzeit (1850-1880)* Die Br\u00fcder Hart * Literaturverein \u201eDurch\u201c * Friedrichshagen * Berliner Boh\u00e8me um 1890 * Boh\u00e8me, Sozialdemokratie und Anarchismus * Die neuromantische Boh\u00e8me (Dehmel und Przybyszewski) * Paul Scheerbart und Peter Hille * Das letzte Lustrum der Berliner Boh\u00e8me (Neue Gemeinschaft &#8211; Die Kommenden &#8211; \u00dcberbrettl) * Gegenwart * Vom Sinn der Boh\u00e8me * Abbildungsverzeichnis * Nachwort<\/small><\/p>\n","protected":false},"excerpt":{"rendered":"<p>Julius Bab: Die Berliner Boheme, 105 Seiten, 14,90 (f60) Das [&hellip;] &hellip; <a href=\"https:\/\/www.packpapierverlag.de\/?product=julius-bab-die-berliner-boheme-2\">Weiterlesen <span class=\"meta-nav\">&rarr;<\/span><\/a><\/p>\n","protected":false},"featured_media":6471,"template":"","meta":[],"product_brand":[],"product_cat":[18,6,3],"product_tag":[],"class_list":{"0":"post-6475","1":"product","2":"type-product","3":"status-publish","4":"has-post-thumbnail","6":"product_cat-literatur","7":"product_cat-politik-und-geschichte","8":"product_cat-produkte","10":"first","11":"instock","12":"shipping-taxable","13":"purchasable","14":"product-type-simple"},"_links":{"self":[{"href":"https:\/\/www.packpapierverlag.de\/index.php?rest_route=\/wp\/v2\/product\/6475","targetHints":{"allow":["GET"]}}],"collection":[{"href":"https:\/\/www.packpapierverlag.de\/index.php?rest_route=\/wp\/v2\/product"}],"about":[{"href":"https:\/\/www.packpapierverlag.de\/index.php?rest_route=\/wp\/v2\/types\/product"}],"wp:featuredmedia":[{"embeddable":true,"href":"https:\/\/www.packpapierverlag.de\/index.php?rest_route=\/wp\/v2\/media\/6471"}],"wp:attachment":[{"href":"https:\/\/www.packpapierverlag.de\/index.php?rest_route=%2Fwp%2Fv2%2Fmedia&parent=6475"}],"wp:term":[{"taxonomy":"product_brand","embeddable":true,"href":"https:\/\/www.packpapierverlag.de\/index.php?rest_route=%2Fwp%2Fv2%2Fproduct_brand&post=6475"},{"taxonomy":"product_cat","embeddable":true,"href":"https:\/\/www.packpapierverlag.de\/index.php?rest_route=%2Fwp%2Fv2%2Fproduct_cat&post=6475"},{"taxonomy":"product_tag","embeddable":true,"href":"https:\/\/www.packpapierverlag.de\/index.php?rest_route=%2Fwp%2Fv2%2Fproduct_tag&post=6475"}],"curies":[{"name":"wp","href":"https:\/\/api.w.org\/{rel}","templated":true}]}}