{"id":650,"date":"2010-12-14T16:35:48","date_gmt":"2010-12-14T15:35:48","guid":{"rendered":"http:\/\/www.packpapierverlag.de\/neu\/?p=650"},"modified":"2017-04-17T11:07:29","modified_gmt":"2017-04-17T09:07:29","slug":"didgeridoofibel","status":"publish","type":"product","link":"https:\/\/www.packpapierverlag.de\/?product=didgeridoofibel","title":{"rendered":"Die kleine Didgeridoofibel (p122)"},"content":{"rendered":"<p style=\"margin-bottom: 0cm; color: #244848; font-family: Helvetica,Arial,sans-serif;\">\n<a href=\"https:\/\/www.packpapierverlag.de\/wp-content\/uploads\/2010\/12\/Didgeridoofibel.jpg\"><img loading=\"lazy\" decoding=\"async\" class=\"alignleft size-medium wp-image-2921\" title=\"Didgeridoofibel\" src=\"https:\/\/www.packpapierverlag.de\/wp-content\/uploads\/2010\/12\/Didgeridoofibel-207x300.jpg\" alt=\"\" width=\"207\" height=\"300\" srcset=\"https:\/\/www.packpapierverlag.de\/wp-content\/uploads\/2010\/12\/Didgeridoofibel-207x300.jpg 207w, https:\/\/www.packpapierverlag.de\/wp-content\/uploads\/2010\/12\/Didgeridoofibel-300x434.jpg 300w, https:\/\/www.packpapierverlag.de\/wp-content\/uploads\/2010\/12\/Didgeridoofibel.jpg 555w\" sizes=\"auto, (max-width: 207px) 100vw, 207px\" \/><\/a><small><span style=\"font-size: medium;\"><span style=\"font-size: large;\"><small><span style=\"color: #346969;\">Michael Fromm\/ Marion Herbert:<\/span><br \/>\n<big style=\"color: #9e1b46;\"><span style=\"font-weight: bold;\">Die kleine Didgeridoofibel<\/span><\/big><\/small><\/span><br \/>\n<small style=\"color: #346969;\">Brosch\u00fcre mit 48 Seiten, DIN A 5, Umweltpapier, Packpapier Verlag.\u00a0<small><br \/>\n<\/small><\/small><\/span><\/small><\/p>\n<p style=\"margin-bottom: 0cm; font-family: Helvetica,Arial,sans-serif; color: #346969;\"><small><span style=\"font-size: medium;\"><small>Eine sch\u00f6ne, leicht verst\u00e4ndliche Brosch\u00fcre zum Didgeridoo. Vom Materialsammeln \u00fcber das Bauen eines Instruments und seiner Bemalung (Motivbeispiele) bis zum Erlernen einfacher und ausgefallener Spieltechniken. Eingef\u00fchrt in die Welt des Didgeridoo wird man durch eine kleine historische Einleitung. Zum Schluss gibt es noch weiterf\u00fchrende Literaturhinweise. Eine Brosch\u00fcre, in der es Spa\u00df macht zu bl\u00e4ttern, schon wegen der vielen erl\u00e4uternden, verzierenden und inspirierenden Zeichnungen; Platz f\u00fcr eigene Notizen ist auch gelassen. Auf geht`s ! <span style=\"font-weight: bold;\">Brrrrrrroooooooommmmmmmm<\/span><\/small><\/span><\/small><\/p>\n<p>&nbsp;<\/p>\n","protected":false},"excerpt":{"rendered":"<p>Michael Fromm\/ Marion Herbert: Die kleine Didgeridoofibel Brosch\u00fcre mit 48 [&hellip;] &hellip; <a href=\"https:\/\/www.packpapierverlag.de\/?product=didgeridoofibel\">Weiterlesen <span class=\"meta-nav\">&rarr;<\/span><\/a><\/p>\n","protected":false},"featured_media":2921,"template":"","meta":[],"product_brand":[],"product_cat":[19,3],"product_tag":[],"class_list":{"0":"post-650","1":"product","2":"type-product","3":"status-publish","4":"has-post-thumbnail","6":"product_cat-musik-liederbucher","7":"product_cat-produkte","9":"first","10":"instock","11":"shipping-taxable","12":"purchasable","13":"product-type-simple"},"_links":{"self":[{"href":"https:\/\/www.packpapierverlag.de\/index.php?rest_route=\/wp\/v2\/product\/650","targetHints":{"allow":["GET"]}}],"collection":[{"href":"https:\/\/www.packpapierverlag.de\/index.php?rest_route=\/wp\/v2\/product"}],"about":[{"href":"https:\/\/www.packpapierverlag.de\/index.php?rest_route=\/wp\/v2\/types\/product"}],"wp:featuredmedia":[{"embeddable":true,"href":"https:\/\/www.packpapierverlag.de\/index.php?rest_route=\/wp\/v2\/media\/2921"}],"wp:attachment":[{"href":"https:\/\/www.packpapierverlag.de\/index.php?rest_route=%2Fwp%2Fv2%2Fmedia&parent=650"}],"wp:term":[{"taxonomy":"product_brand","embeddable":true,"href":"https:\/\/www.packpapierverlag.de\/index.php?rest_route=%2Fwp%2Fv2%2Fproduct_brand&post=650"},{"taxonomy":"product_cat","embeddable":true,"href":"https:\/\/www.packpapierverlag.de\/index.php?rest_route=%2Fwp%2Fv2%2Fproduct_cat&post=650"},{"taxonomy":"product_tag","embeddable":true,"href":"https:\/\/www.packpapierverlag.de\/index.php?rest_route=%2Fwp%2Fv2%2Fproduct_tag&post=650"}],"curies":[{"name":"wp","href":"https:\/\/api.w.org\/{rel}","templated":true}]}}