{"id":6515,"date":"2015-05-05T00:34:12","date_gmt":"2015-05-04T22:34:12","guid":{"rendered":"http:\/\/www.packpapierverlag.de\/?p=6515"},"modified":"2019-05-04T22:49:11","modified_gmt":"2019-05-04T20:49:11","slug":"nick-rosen-netzausstieg","status":"publish","type":"product","link":"https:\/\/www.packpapierverlag.de\/?product=nick-rosen-netzausstieg","title":{"rendered":"Nick Rosen : Netzausstieg! (p173)"},"content":{"rendered":"<p><a href=\"https:\/\/www.packpapierverlag.de\/wp-content\/uploads\/2015\/05\/Nick-Rosen-Netzausstieg.jpg\"><img loading=\"lazy\" decoding=\"async\" class=\"alignleft size-medium wp-image-6516\" title=\"Nick Rosen Netzausstieg\" src=\"https:\/\/www.packpapierverlag.de\/wp-content\/uploads\/2015\/05\/Nick-Rosen-Netzausstieg-211x300.jpg\" alt=\"\" width=\"211\" height=\"300\" srcset=\"https:\/\/www.packpapierverlag.de\/wp-content\/uploads\/2015\/05\/Nick-Rosen-Netzausstieg-211x300.jpg 211w, https:\/\/www.packpapierverlag.de\/wp-content\/uploads\/2015\/05\/Nick-Rosen-Netzausstieg-300x425.jpg 300w, https:\/\/www.packpapierverlag.de\/wp-content\/uploads\/2015\/05\/Nick-Rosen-Netzausstieg-723x1024.jpg 723w, https:\/\/www.packpapierverlag.de\/wp-content\/uploads\/2015\/05\/Nick-Rosen-Netzausstieg.jpg 1024w\" sizes=\"auto, (max-width: 211px) 100vw, 211px\" \/><\/a><big><span style=\"font-family: Helvetica,Arial,sans-serif; font-weight: bold;\">Nick Rosen: <\/span><\/big><big style=\"color: #285454;\"><span style=\"font-family: Helvetica,Arial,sans-serif; font-weight: bold;\">Netzausstieg!<\/span><\/big><br style=\"font-family: Helvetica,Arial,sans-serif;\" \/><span style=\"font-family: Helvetica,Arial,sans-serif; font-weight: bold; color: #285454;\">Mit einem ausstiegstechnischen Nachtrag vom Wagenplatz (von Herrmann Cropp).<\/span><br style=\"font-family: Helvetica,Arial,sans-serif;\" \/><span style=\"font-family: Helvetica,Arial,sans-serif;\">Brosch\u00fcre, DIN A5 mit 34 Seiten und mehreren Abbildungen. Packpapier Verlag 2015. ISBN 978-3-931504-54-0<\/span><br style=\"font-family: Helvetica,Arial,sans-serif;\" \/><span style=\"font-family: Helvetica,Arial,sans-serif;\">Nick Rosen ist Betreiber der Website off-grid.net, einer sozialen Drehscheibe f\u00fcr Haushalte, um eigene Energie, zum Teil aus Abf\u00e4llen, zu erzeugen, eigenes Wasser zu gewinnen und in jeder Weise unabh\u00e4ngig zu werden. Nick hat als Journalist und Autor Zeitungsartikel und B\u00fccher \u00fcber Netzalternativen und Netzkritik ver\u00f6ffentlicht; er verfolgt das \u201efreedom movement\u201c, wie er die von unterschiedlichsten Gruppen und Individuen praktizierten Versuche, netzunabh\u00e4ngig zu leben, nennt, seit vielen Jahren und hofft, da\u00df sich aus ihnen eines Tages eine neue Form menschlichen<br \/>\nZusammenlebens \u201ef\u00fcr alle\u201c entwickeln kann. Es ist die Hoffnung auf eine \u00f6kologisch nachhaltige und politisch selbstbestimmte Gesellschaft. <\/span><span style=\"font-family: Helvetica,Arial,sans-serif;\">Die vorliegende Brosch\u00fcre gibt einen Einblick in die Englische und US-Amerikanische off-grid-Bewegung, versammelt einige Aufs\u00e4tze aus Zeitungen und dem Internet sowie erstmals in deutscher \u00dcbersetzung vorliegende Ausz\u00fcge aus Nicks Buch \u201eOff the grid\u201c (<span style=\"font-weight: bold;\">Weg vom Netz!<\/span>), das in England und den USA sehr popul\u00e4r ist und viele Menschen animiert hat, zu Aussteigern zu werden. By the way: uns liegt bereits die vollst\u00e4ndige deutsche \u00dcbersetzung vor, wer als Co-Verleger oder Finanzier Interesse an einer Ver\u00f6ffentlichung im deutschen Sprachraum hat, m\u00f6ge sich bei uns melden!<\/span><br style=\"font-family: Helvetica,Arial,sans-serif;\" \/><span style=\"font-family: Helvetica,Arial,sans-serif;\"><span style=\"font-weight: bold; color: #285454;\">INHALT: <\/span>Vorwort (Herrmann Cropp) * Ein Netzaussteiger unterwegs&#8230; * Besuch bei einer Schriftstellerin in den W\u00e4ldern * Walden * Die Netzseite: off-grid.net * Nichts Neues aus der Wirtschaft: In England und Amerika Diesen Winter drohen Stromausf\u00e4lle * Nichts Neues aus der Politik: Unsichtbare Frau wiedergew\u00e4hlt * Nichts Neues aus den Verb\u00e4nden: Greenpeace \u201everliert 5 Mio. Dollar\u201c Spendengelder * Regenwasserpolitik * Einf\u00fchrung in Aquatektur * Off-grid leben: es ist Zeit, sich die Macht von den Energieunternehmen zur\u00fcckzuholen * Herrmann Cropp: Weniger ist besser- Low-Energie auf dem Wagenplatz in M\u00fcnster (NRW) * Gespr\u00e4ch einer Ausstiegsschnecke mit sich selbst (frei nach Christian Morgenstern)<\/span><\/p>\n","protected":false},"excerpt":{"rendered":"<p>Nick Rosen: Netzausstieg!Mit einem ausstiegstechnischen Nachtrag vom Wagenplatz (von Herrmann [&hellip;] &hellip; <a href=\"https:\/\/www.packpapierverlag.de\/?product=nick-rosen-netzausstieg\">Weiterlesen <span class=\"meta-nav\">&rarr;<\/span><\/a><\/p>\n","protected":false},"featured_media":6516,"template":"","meta":[],"product_brand":[],"product_cat":[6,3],"product_tag":[],"class_list":{"0":"post-6515","1":"product","2":"type-product","3":"status-publish","4":"has-post-thumbnail","6":"product_cat-politik-und-geschichte","7":"product_cat-produkte","9":"first","10":"instock","11":"shipping-taxable","12":"purchasable","13":"product-type-simple"},"_links":{"self":[{"href":"https:\/\/www.packpapierverlag.de\/index.php?rest_route=\/wp\/v2\/product\/6515","targetHints":{"allow":["GET"]}}],"collection":[{"href":"https:\/\/www.packpapierverlag.de\/index.php?rest_route=\/wp\/v2\/product"}],"about":[{"href":"https:\/\/www.packpapierverlag.de\/index.php?rest_route=\/wp\/v2\/types\/product"}],"wp:featuredmedia":[{"embeddable":true,"href":"https:\/\/www.packpapierverlag.de\/index.php?rest_route=\/wp\/v2\/media\/6516"}],"wp:attachment":[{"href":"https:\/\/www.packpapierverlag.de\/index.php?rest_route=%2Fwp%2Fv2%2Fmedia&parent=6515"}],"wp:term":[{"taxonomy":"product_brand","embeddable":true,"href":"https:\/\/www.packpapierverlag.de\/index.php?rest_route=%2Fwp%2Fv2%2Fproduct_brand&post=6515"},{"taxonomy":"product_cat","embeddable":true,"href":"https:\/\/www.packpapierverlag.de\/index.php?rest_route=%2Fwp%2Fv2%2Fproduct_cat&post=6515"},{"taxonomy":"product_tag","embeddable":true,"href":"https:\/\/www.packpapierverlag.de\/index.php?rest_route=%2Fwp%2Fv2%2Fproduct_tag&post=6515"}],"curies":[{"name":"wp","href":"https:\/\/api.w.org\/{rel}","templated":true}]}}