{"id":6522,"date":"2015-05-05T00:39:45","date_gmt":"2015-05-04T22:39:45","guid":{"rendered":"http:\/\/www.packpapierverlag.de\/?p=6522"},"modified":"2017-05-02T18:15:36","modified_gmt":"2017-05-02T16:15:36","slug":"johannes-bottner-das-tomatenbuch-f44-2","status":"publish","type":"product","link":"https:\/\/www.packpapierverlag.de\/?product=johannes-bottner-das-tomatenbuch-f44-2","title":{"rendered":"Johannes B\u00f6ttner : Das Tomatenbuch (f44)"},"content":{"rendered":"<p><a href=\"https:\/\/www.packpapierverlag.de\/wp-content\/uploads\/2015\/05\/Tomatenbuch1.jpg\"><img loading=\"lazy\" decoding=\"async\" class=\"alignleft size-medium wp-image-6502\" title=\"Tomatenbuch\" src=\"https:\/\/www.packpapierverlag.de\/wp-content\/uploads\/2015\/05\/Tomatenbuch1-213x300.jpg\" alt=\"\" width=\"213\" height=\"300\" srcset=\"https:\/\/www.packpapierverlag.de\/wp-content\/uploads\/2015\/05\/Tomatenbuch1-213x300.jpg 213w, https:\/\/www.packpapierverlag.de\/wp-content\/uploads\/2015\/05\/Tomatenbuch1-300x421.jpg 300w, https:\/\/www.packpapierverlag.de\/wp-content\/uploads\/2015\/05\/Tomatenbuch1-729x1024.jpg 729w, https:\/\/www.packpapierverlag.de\/wp-content\/uploads\/2015\/05\/Tomatenbuch1.jpg 1024w\" sizes=\"auto, (max-width: 213px) 100vw, 213px\" \/><\/a><small><big><small><span style=\"font-family: Helvetica,Arial,sans-serif; font-weight: bold;\">Johannes B\u00f6ttner:<\/span><\/small> <span style=\"font-family: Helvetica,Arial,sans-serif; font-weight: bold; color: #a3220c;\">Tomatenbuch.<\/span><\/big><\/small><br \/>\n<small style=\"color: #072407;\"><big><\/big><\/small><\/p>\n<p><small style=\"color: #072407;\"><big><span style=\"font-family: Helvetica,Arial,sans-serif; font-weight: bold; color: #a3220c;\"> <small>Anleitung, fr\u00fch und reichlich reife Tomaten zu gewinnen, sowie 60 ausgew\u00e4hlte Tomatenrezepte.<\/small><\/span><\/big><br style=\"font-family: Helvetica,Arial,sans-serif;\" \/><span style=\"font-family: Helvetica,Arial,sans-serif;\">Reprint der Erstausgabe von 1911, erg\u00e4nzt um ein Nachwort von Herrmann Cropp. Packpapier Verlag Osnabr\u00fcck 2015<\/span> <span style=\"font-family: Helvetica,Arial,sans-serif;\">103 Seiten, DIN A5, Klebebindung, viele Illustrationen, Schrifttyp: Fraktur.<\/span><br style=\"font-family: Helvetica,Arial,sans-serif;\" \/><span style=\"font-family: Helvetica,Arial,sans-serif;\">Das Buch ist ein Klassiker des privaten und gewerblichen Tomatenanbaus in Deutschland, dessen praktische Anleitungen heute ebenso hilfreich sind, wie damals. Einiges hat sich in den letzten 100 Jahren nat\u00fcrlich ver\u00e4ndert: wer kennt etwa noch den Anbau nicht-aufgebundener Bodenkulturen oder Kulturen an Holzw\u00e4nden, die zum Schutz vor Frost und Regen herunterklappbar sind? Neben den vielen auch heute gel\u00e4ufigen Anbaupraktiken gibt es einige solcher Besonderheiten, interessante historische Entwicklungen und alte Sorten zu entdecken. <\/span><br style=\"font-family: Helvetica,Arial,sans-serif;\" \/><span style=\"font-family: Helvetica,Arial,sans-serif;\"><span style=\"font-weight: bold; color: #a3220c;\">INHALT:<\/span> Zur Einf\u00fchrung * Warum werden Tomaten nicht immer reif? * Die Anzucht der Tomatenpflanzen * Kulturbedingungen * Das Auspflanzen * Gie\u00dfen und fl\u00fcssig d\u00fcngen * Das Beschneiden * Das Kappen Anfang September * Das Abschneiden von Bl\u00e4ttern * Das Anheften * Reifen, Nachreifen, Aufbewahren * Ertrag * Verkauf und Versand * Sorten: Fr\u00fcheste Sorten &#8230; Mittelfr\u00fche und mittelgro\u00dfe Sorten &#8230; Die kleinw\u00fcchsigen Tomaten &#8230; Treibsorten * Krankheiten und Sch\u00e4dlinge * Massenanbau in alten Weinbergen \u2013 Feldkultur * Tomaten unter Glas * Topfkultur * Eine Sammlung ausgew\u00e4hlter TOMATENREZEPTE aus&#8230; Reifen Tomaten: Suppen, Tunken, Gef\u00fcllte Tomaten, Zubereitungsarten, Salate, Rohe Tomaten, Tomaten s\u00fc\u00df und s\u00fc\u00dfsauer gekocht * Einmachen reifer Tomaten: Das Einkochen zu Mus, Ketchuprezepte, Reife, ganze Fr\u00fcchte lagern, Kompott einmachen * Gr\u00fcne Tomaten: Gef\u00fcllte Tomaten, Gr\u00fcne Tomaten s\u00fc\u00df * Das Einmachen gr\u00fcner Tomaten * Das D\u00f6rren von Tomaten * Tomatenpaste<\/span><br style=\"font-family: Helvetica,Arial,sans-serif;\" \/><span style=\"font-family: Helvetica,Arial,sans-serif;\"><span style=\"font-weight: bold; color: #700000;\"><span style=\"color: #a3220c;\">Zum Autor:<\/span> <\/span>Gartenbau-Pionier Johannes B\u00f6ttner (1861-1919) hat den Anbau von Tomaten, Spargel, Rhabarber und anderen Gem\u00fcsen in Deutschland popul\u00e4r gemacht, seinerzeit war B\u00f6ttner ein vielgelesener Autor von Gartenb\u00fcchern. Als Sohn eines G\u00e4rtners w\u00e4hlte er denselben Beruf wie sein Vater und lernte w\u00e4hrend seiner Ausbildung u.a. in England und Frankreich neue Anbaumethoden kennen. Neben der Herausgabe von Gartenzeitschriften und dem Verfassen von B\u00fcchern betrieb B\u00f6ttner eine Gro\u00dfg\u00e4rtnerei, wo er mit Sorten und Anbaumethoden experimentierte. Die Deutschen waren anfangs mi\u00dftrauisch gegen\u00fcber den \u201efremden\u201c Pflanzen, so da\u00df B\u00f6ttner seine ersten 23 Tomatensorten, die er auf Ausstellungen vorf\u00fchrte, nicht verkaufen konnte und an die Schweine verf\u00fcttern mu\u00dfte. <\/span><\/small><\/p>\n","protected":false},"excerpt":{"rendered":"<p>Johannes B\u00f6ttner: Tomatenbuch. Anleitung, fr\u00fch und reichlich reife Tomaten zu [&hellip;] &hellip; <a href=\"https:\/\/www.packpapierverlag.de\/?product=johannes-bottner-das-tomatenbuch-f44-2\">Weiterlesen <span class=\"meta-nav\">&rarr;<\/span><\/a><\/p>\n","protected":false},"featured_media":6502,"template":"","meta":[],"product_brand":[],"product_cat":[17,3],"product_tag":[],"class_list":{"0":"post-6522","1":"product","2":"type-product","3":"status-publish","4":"has-post-thumbnail","6":"product_cat-land-garten-anders-leben","7":"product_cat-produkte","9":"first","10":"instock","11":"shipping-taxable","12":"purchasable","13":"product-type-simple"},"_links":{"self":[{"href":"https:\/\/www.packpapierverlag.de\/index.php?rest_route=\/wp\/v2\/product\/6522","targetHints":{"allow":["GET"]}}],"collection":[{"href":"https:\/\/www.packpapierverlag.de\/index.php?rest_route=\/wp\/v2\/product"}],"about":[{"href":"https:\/\/www.packpapierverlag.de\/index.php?rest_route=\/wp\/v2\/types\/product"}],"wp:featuredmedia":[{"embeddable":true,"href":"https:\/\/www.packpapierverlag.de\/index.php?rest_route=\/wp\/v2\/media\/6502"}],"wp:attachment":[{"href":"https:\/\/www.packpapierverlag.de\/index.php?rest_route=%2Fwp%2Fv2%2Fmedia&parent=6522"}],"wp:term":[{"taxonomy":"product_brand","embeddable":true,"href":"https:\/\/www.packpapierverlag.de\/index.php?rest_route=%2Fwp%2Fv2%2Fproduct_brand&post=6522"},{"taxonomy":"product_cat","embeddable":true,"href":"https:\/\/www.packpapierverlag.de\/index.php?rest_route=%2Fwp%2Fv2%2Fproduct_cat&post=6522"},{"taxonomy":"product_tag","embeddable":true,"href":"https:\/\/www.packpapierverlag.de\/index.php?rest_route=%2Fwp%2Fv2%2Fproduct_tag&post=6522"}],"curies":[{"name":"wp","href":"https:\/\/api.w.org\/{rel}","templated":true}]}}