{"id":654,"date":"2010-12-14T16:37:34","date_gmt":"2010-12-14T15:37:34","guid":{"rendered":"http:\/\/www.packpapierverlag.de\/neu\/?p=654"},"modified":"2017-05-08T13:15:39","modified_gmt":"2017-05-08T11:15:39","slug":"vom-voodoo-zum-walkman","status":"publish","type":"product","link":"https:\/\/www.packpapierverlag.de\/?product=vom-voodoo-zum-walkman","title":{"rendered":"Vom Voodoo zum Walkman &#8211; Michael Ventura (g134)"},"content":{"rendered":"<p><a href=\"https:\/\/www.packpapierverlag.de\/wp-content\/uploads\/2010\/12\/Voodoo-Walkman.jpg\"><img loading=\"lazy\" decoding=\"async\" class=\"alignleft size-medium wp-image-4989\" title=\"Voodoo Walkman\" src=\"https:\/\/www.packpapierverlag.de\/wp-content\/uploads\/2010\/12\/Voodoo-Walkman-300x294.jpg\" alt=\"\" width=\"300\" height=\"294\" srcset=\"https:\/\/www.packpapierverlag.de\/wp-content\/uploads\/2010\/12\/Voodoo-Walkman-300x294.jpg 300w, https:\/\/www.packpapierverlag.de\/wp-content\/uploads\/2010\/12\/Voodoo-Walkman.jpg 1024w\" sizes=\"auto, (max-width: 300px) 100vw, 300px\" \/><\/a><small style=\"color: #21293f;\"><big style=\"font-weight: bold; color: #366674;\"><span style=\"font-family: Helvetica,Arial,sans-serif;\">Vom Voodoo zum Walkman<\/span><br style=\"font-family: Helvetica,Arial,sans-serif;\" \/><span style=\"font-family: Helvetica,Arial,sans-serif;\">Geschichte(n) der Rockmusik. Von Michael Ventura und anderen.<\/span><\/big><br style=\"font-family: Helvetica,Arial,sans-serif;\" \/><span style=\"font-family: Helvetica,Arial,sans-serif;\">Aus der Reihe Welt Beat, Gr\u00fcner Zweig 134. L\u00f6hrbach:<br \/>\nWerner Pieper &amp; The Gr\u00fcne Kraft. ISBN 3-925817-34-4 <\/span><span style=\"font-family: Helvetica,Arial,sans-serif;\">Gebundenes Buch mit 95 Seiten im Sonderformat 20&#215;20 cm. <\/span><span style=\"font-family: Helvetica,Arial,sans-serif;\">Zahlreiche Illustrationen machen diese Reise in die Geschichte der Rockmusik zus\u00e4tzlich lebendig.<\/span><br style=\"font-family: Helvetica,Arial,sans-serif;\" \/><span style=\"font-family: Helvetica,Arial,sans-serif; font-weight: bold; font-style: italic;\">! ROCK ist mehr als nur Musik !<\/span><span style=\"font-family: Helvetica,Arial,sans-serif;\"> ROCK ist eine zusammengebraute Mischung aus afrikanischen Stammesriten &amp; Rhythmen, Voodoo aus Haiti, den Erfahrungen unterdr\u00fcckter Afrikaner, Iren und anderer, sowie dem Einflu\u00df der Musikinnovatorlnnen des Gospel, Jazz &amp; Blues in New Orleans. Der Beat steht f\u00fcr Sexualit\u00e4t und die spirituelle Verbindung zu den Akteuren himmlischer B\u00fchnen. Rockmusik ist die erste wirkliche Weltmusik, ihr globaler Stellenwert unumstritten &#8211; in welcher Klangmutation auch immer. <\/span><span style=\"font-family: Helvetica,Arial,sans-serif;\">F\u00fcr unsere pers\u00f6nliche Geschichte ist Rockmusik sicherlich wichtiger als manche der Schlachten der Altvorderen, die uns in der Schule noch als Grundlage unserer Zivilisation verkauft werden.\u00a0 Dies Buch soll zu einer neuen Geschichtsschreibung des (Nachkriegs-) \u201eVolkes\u201c beitragen. Hier geht es um historische Gestalten wie Marie Laveau, Buddy Bolden, Jelly Roh Morton und Little Richard. An den Haupttext von Michael Ventura schlie\u00dfen sich Zugaben an, die vom Einflu\u00df Elvis Presleys auf die wei\u00dfe Jugend in den 50er Jahren erz\u00e4hlen, vom \u201eEinbruch\u201c der Rockmusik in die deutsche Nachkriegsidylle und, stellvertretend f\u00fcr viele Ur-Rocker, ein Portrait von Little Richard. Alle Texte sind durch erkl\u00e4rende Randbemerkungen erg\u00e4nzt und mit vielen historischen Illustrationen versehen.<\/span><span style=\"font-family: Helvetica,Arial,sans-serif;\"><br \/>\n<span style=\"font-weight: bold;\">INHALT: <\/span>Michael Ventura:\u00a0 Hear that long snake moon. Die Entwicklungsgeschichte der Rockmusik: Von Afrika bis New Orleans * John Trudell: Willste wissen, wie das mit Elvis war? * Hans Heinrich Ziemann:\u00a0 Au\u00dfer Rand &amp; Band. Der Einzug der Rockmusik in Deutschland * Werner Pieper:\u00a0 Sex &amp; Gott &amp; Rock` n` Roll. Eine Danksagung an Little Richard<\/span><\/small><\/p>\n","protected":false},"excerpt":{"rendered":"<p>Vom Voodoo zum WalkmanGeschichte(n) der Rockmusik. Von Michael Ventura und [&hellip;] &hellip; <a href=\"https:\/\/www.packpapierverlag.de\/?product=vom-voodoo-zum-walkman\">Weiterlesen <span class=\"meta-nav\">&rarr;<\/span><\/a><\/p>\n","protected":false},"featured_media":4989,"template":"","meta":[],"product_brand":[],"product_cat":[19,3],"product_tag":[],"class_list":{"0":"post-654","1":"product","2":"type-product","3":"status-publish","4":"has-post-thumbnail","6":"product_cat-musik-liederbucher","7":"product_cat-produkte","9":"first","10":"instock","11":"shipping-taxable","12":"purchasable","13":"product-type-simple"},"_links":{"self":[{"href":"https:\/\/www.packpapierverlag.de\/index.php?rest_route=\/wp\/v2\/product\/654","targetHints":{"allow":["GET"]}}],"collection":[{"href":"https:\/\/www.packpapierverlag.de\/index.php?rest_route=\/wp\/v2\/product"}],"about":[{"href":"https:\/\/www.packpapierverlag.de\/index.php?rest_route=\/wp\/v2\/types\/product"}],"wp:featuredmedia":[{"embeddable":true,"href":"https:\/\/www.packpapierverlag.de\/index.php?rest_route=\/wp\/v2\/media\/4989"}],"wp:attachment":[{"href":"https:\/\/www.packpapierverlag.de\/index.php?rest_route=%2Fwp%2Fv2%2Fmedia&parent=654"}],"wp:term":[{"taxonomy":"product_brand","embeddable":true,"href":"https:\/\/www.packpapierverlag.de\/index.php?rest_route=%2Fwp%2Fv2%2Fproduct_brand&post=654"},{"taxonomy":"product_cat","embeddable":true,"href":"https:\/\/www.packpapierverlag.de\/index.php?rest_route=%2Fwp%2Fv2%2Fproduct_cat&post=654"},{"taxonomy":"product_tag","embeddable":true,"href":"https:\/\/www.packpapierverlag.de\/index.php?rest_route=%2Fwp%2Fv2%2Fproduct_tag&post=654"}],"curies":[{"name":"wp","href":"https:\/\/api.w.org\/{rel}","templated":true}]}}