{"id":673,"date":"2010-12-14T16:40:48","date_gmt":"2010-12-14T15:40:48","guid":{"rendered":"http:\/\/www.packpapierverlag.de\/neu\/?p=673"},"modified":"2017-05-08T13:12:57","modified_gmt":"2017-05-08T11:12:57","slug":"folksongs-aus-schottland","status":"publish","type":"product","link":"https:\/\/www.packpapierverlag.de\/?product=folksongs-aus-schottland","title":{"rendered":"Folksongs aus Schottland &#8211; Songs of Scotland (v04)"},"content":{"rendered":"<p><a href=\"https:\/\/www.packpapierverlag.de\/wp-content\/uploads\/2010\/12\/Songs-of-Scotland.jpg\"><img loading=\"lazy\" decoding=\"async\" class=\"alignleft size-medium wp-image-4848\" title=\"Songs of Scotland\" src=\"https:\/\/www.packpapierverlag.de\/wp-content\/uploads\/2010\/12\/Songs-of-Scotland-214x300.jpg\" alt=\"\" width=\"214\" height=\"300\" srcset=\"https:\/\/www.packpapierverlag.de\/wp-content\/uploads\/2010\/12\/Songs-of-Scotland-214x300.jpg 214w, https:\/\/www.packpapierverlag.de\/wp-content\/uploads\/2010\/12\/Songs-of-Scotland-300x419.jpg 300w, https:\/\/www.packpapierverlag.de\/wp-content\/uploads\/2010\/12\/Songs-of-Scotland-732x1024.jpg 732w, https:\/\/www.packpapierverlag.de\/wp-content\/uploads\/2010\/12\/Songs-of-Scotland.jpg 1024w\" sizes=\"auto, (max-width: 214px) 100vw, 214px\" \/><\/a><small style=\"color: #115417;\"><big style=\"color: #1b8925;\"><span style=\"font-family: Helvetica,Arial,sans-serif; font-weight: bold;\">The Songs of Scotland<\/span><\/big><br style=\"font-family: Helvetica,Arial,sans-serif;\" \/><span style=\"font-family: Helvetica,Arial,sans-serif;\">26 Lieder mit Songtexten und Noten (Grundmelodie f\u00fcr Singstimme, Klavier, Gitarrenakkorde).<\/span><br style=\"font-family: Helvetica,Arial,sans-serif;\" \/><span style=\"font-family: Helvetica,Arial,sans-serif;\">Ein sch\u00f6nes Folk- Songbook zum Singen und Musizieren mit 58 Seiten, DIN A5, mit h\u00fcbschen Illustrationen und mit kurzen historischen Erl\u00e4uterungen versehen.\u00a0Die Brosch\u00fcre ist durchgehend in englischer Sprache verfasst.<\/span><br style=\"font-family: Helvetica,Arial,sans-serif;\" \/><span style=\"font-family: Helvetica,Arial,sans-serif;\"><span style=\"font-weight: bold;\">INHALT:<\/span> * Green grow the Rashes, O! (Robert Burns) *\u00a0Wae` s me for Prince Charlie (William Glen) *\u00a0The wark o` the waevers (Ewan MacColl) *\u00a0Flow gently, sweet Afton (Robert Burns, Alexander Hume) *\u00a0The blue bells of Scotland (a song, which Mrs. Jordon sung in the 19th century) *\u00a0Baloo Baleerie (translated from the Gaelic) *\u00a0Is there for honest poverty- A man` s man for a` that (Robert Burns) *\u00a0Corn rigs are Bonnie (Robert Burns) *\u00a0Can Ye sew cushions? *\u00a0A Highland lad my love was born (Robert Burns) *\u00a0Ho Ro my nut- brown maiden (translated from the Gealic) *\u00a0Robin Adair (Lady Caroline Keppel) *\u00a0Awa`, whigs, Awa` (maybe from James Hogg) *\u00a0My luve is like a red, red rose (Robert Burns) *\u00a0Weaving Lilt (Marjorie Kennedy- Fraser, Kenneth MacLeod) *\u00a0Turn Ye to me (Christopher North) *\u00a0To the beggin` I will go (Marjorie Kennedy- Fraser, Kenneth MacLeod) *\u00a0Ye banks and braes o`Bonnie Doon (Robert Burns) *\u00a0Scots wha ha` e wi`Wallace Bled (Robert Burns) *\u00a0Charlie is my darling (a song from the Jacobite Rebellion) *\u00a0Oh Rowan tree (Lady Carolina Nairne) *\u00a0Will Ye no`come back again? (according to Ewan MacColl) *\u00a0The Piper o` Dundee (a song from the Jacobite Rebellion) *\u00a0Leezie Lindsay (accorded to Francis James Child) *\u00a0The Road to the Isles (Marjorie Kennedy- Fraser, Kenneth MacCleod) *\u00a0An Eriskay love Lilt (Marjorie Kennedy- Fraser, Kenneth MacCleod) *<\/span><\/small><\/p>\n","protected":false},"excerpt":{"rendered":"<p>The Songs of Scotland26 Lieder mit Songtexten und Noten (Grundmelodie [&hellip;] &hellip; <a href=\"https:\/\/www.packpapierverlag.de\/?product=folksongs-aus-schottland\">Weiterlesen <span class=\"meta-nav\">&rarr;<\/span><\/a><\/p>\n","protected":false},"featured_media":4848,"template":"","meta":[],"product_brand":[],"product_cat":[19,3],"product_tag":[],"class_list":{"0":"post-673","1":"product","2":"type-product","3":"status-publish","4":"has-post-thumbnail","6":"product_cat-musik-liederbucher","7":"product_cat-produkte","9":"first","10":"instock","11":"shipping-taxable","12":"purchasable","13":"product-type-simple"},"_links":{"self":[{"href":"https:\/\/www.packpapierverlag.de\/index.php?rest_route=\/wp\/v2\/product\/673","targetHints":{"allow":["GET"]}}],"collection":[{"href":"https:\/\/www.packpapierverlag.de\/index.php?rest_route=\/wp\/v2\/product"}],"about":[{"href":"https:\/\/www.packpapierverlag.de\/index.php?rest_route=\/wp\/v2\/types\/product"}],"wp:featuredmedia":[{"embeddable":true,"href":"https:\/\/www.packpapierverlag.de\/index.php?rest_route=\/wp\/v2\/media\/4848"}],"wp:attachment":[{"href":"https:\/\/www.packpapierverlag.de\/index.php?rest_route=%2Fwp%2Fv2%2Fmedia&parent=673"}],"wp:term":[{"taxonomy":"product_brand","embeddable":true,"href":"https:\/\/www.packpapierverlag.de\/index.php?rest_route=%2Fwp%2Fv2%2Fproduct_brand&post=673"},{"taxonomy":"product_cat","embeddable":true,"href":"https:\/\/www.packpapierverlag.de\/index.php?rest_route=%2Fwp%2Fv2%2Fproduct_cat&post=673"},{"taxonomy":"product_tag","embeddable":true,"href":"https:\/\/www.packpapierverlag.de\/index.php?rest_route=%2Fwp%2Fv2%2Fproduct_tag&post=673"}],"curies":[{"name":"wp","href":"https:\/\/api.w.org\/{rel}","templated":true}]}}