{"id":675,"date":"2010-12-14T16:41:36","date_gmt":"2010-12-14T15:41:36","guid":{"rendered":"http:\/\/www.packpapierverlag.de\/neu\/?p=675"},"modified":"2022-01-16T11:08:30","modified_gmt":"2022-01-16T10:08:30","slug":"vagabundenlyrik","status":"publish","type":"product","link":"https:\/\/www.packpapierverlag.de\/?product=vagabundenlyrik","title":{"rendered":"Vagabundenlyrik 64 Seiten 4,- (p147)"},"content":{"rendered":"<p><a href=\"https:\/\/www.packpapierverlag.de\/wp-content\/uploads\/2010\/12\/Vagabundenlyrik.jpg\"><img loading=\"lazy\" decoding=\"async\" class=\"alignleft size-medium wp-image-3864\" title=\"Vagabundenlyrik\" src=\"https:\/\/www.packpapierverlag.de\/wp-content\/uploads\/2010\/12\/Vagabundenlyrik-208x300.jpg\" alt=\"\" width=\"208\" height=\"300\" srcset=\"https:\/\/www.packpapierverlag.de\/wp-content\/uploads\/2010\/12\/Vagabundenlyrik-208x300.jpg 208w, https:\/\/www.packpapierverlag.de\/wp-content\/uploads\/2010\/12\/Vagabundenlyrik-300x431.jpg 300w, https:\/\/www.packpapierverlag.de\/wp-content\/uploads\/2010\/12\/Vagabundenlyrik-713x1024.jpg 713w, https:\/\/www.packpapierverlag.de\/wp-content\/uploads\/2010\/12\/Vagabundenlyrik.jpg 1024w\" sizes=\"auto, (max-width: 208px) 100vw, 208px\" \/><\/a><small style=\"color: #003800;\"><span style=\"font-weight: bold; font-family: Helvetica,Arial,sans-serif; color: #006700;\">Vagabunden. Lyrik und Prosa. Eine Anthologie,<\/span> <strong><span style=\"color: #339966;\"><small> 64 Seiten, mit 9 Abbildungen, 4,-\u20ac (p147)<\/small><\/span><\/strong><br style=\"font-family: Helvetica,Arial,sans-serif;\" \/><span style=\"font-family: Helvetica,Arial,sans-serif;\">Zusammengestellt u.a. aus der Zeitschrift \u201eDer Kunde\u201c, herausgegeben von Gregor Gog 1927-1931.<\/span><br style=\"font-family: Helvetica,Arial,sans-serif;\" \/><span style=\"font-family: Helvetica,Arial,sans-serif;\">Heimatlose, Obdachlose, Pennbr\u00fcder und Bettler, die sich aufmachen, die Welt zu durchwandern. Gedichte und Kurzprosa aus dem Alltag der Vagabunden. Vom Hunger, vom Elend, von Repressionen und vom Mut und dem Traum der Freiheit. Vagabunden &#8211; Kultur direkt von der Quelle. Von Kunden, f\u00fcr Kunden, f\u00fcr alle, die mehr vom ziehenden \u201eLumpenproletariat\u201c erfahren m\u00f6chten.<\/span><span style=\"font-weight: bold; font-family: Helvetica,Arial,sans-serif;\"><br \/>\nINHALT:<\/span><span style=\"font-family: Helvetica,Arial,sans-serif;\"> *<br \/>\nHandwerksbursche und Gendarm (von einem Kunden, mitgeteilt von Bernhard M\u00fcller) * Burschenlied (mitgeteilt von E. Wittich) * Die z\u00fcnftigen Gesellen (mitgeteilt von A. Streiter) * Morgenrot (mitgeteilt von G. Br\u00fcgel) * Heinrich Lersch: Drei aus der 100.000- Armee. Zum Vagabundentreffen in Stuttgart. (Aus: Berliner Tageblatt Nr. 328 vom 29.05.1929.) * Wir tun die Welt bereisen * M\u00fcnsterberg * Fr\u00fcher war ich (mitgeteilt von W. Kundt) * Lumpenlied (Tobias Schnupftuch, 1927) * Gegor Gog: Helmut Klose * Helmut Klose: Strassenlied * Helmut Klose: Njuscha (aus: Der Kunde Heft 9-10, 3. jg., 1930) * Helmut Klose: Ein stiller Vagabund * Helmut Klose: Das Hohelied auf die Politik (aus: Besinnung und Aufbruch, Heft 9, 2. Jg., Dezember 1930) * Helmut Klose: Egal (aus: Der Kunde, Heft 5\/6, 3.Jg., 1929) * Dr. Philipp Hainz, Rechtsanwalt Justiz und Kunde (aus: Der Kunde, Heft 3\/4, 3. Jg., 1929) * Jo Mihaly: Bekenntnis (aus: Der Kunde, Heft 5\/6, 2. Jg., 1929) * Jo Mihaly: Spitalferien (Aus: Der Kunde, Heft5\/6, 2. Jg., 1929) * Jo Mihaly: Zigeuner (aus: Bl\u00e4tter von der Stra\u00dfe, 1924) * Jo Mihaly: Kundenelend (aus: Der Kunde, Heft 5\/6, 2.Jg., 1929) * Jo Mihaly: Bettelsong (aus: Der Kunde, Heft 5\/6, 2. Jg., 1929) * Georg Gallas: Schicksal (aus: Der Kunde, Heft 5\/6, 2. Jg., 1929, sp\u00e4ter in \u201eLiga der Heimatlosen\u201c unter dem Titel \u201eLied, zu singen oder auch nur zu peifen\u201c) * Anonym: Morgenandacht * Gregor Gog: G(erhard) Siegismund, genannt Siegi * Siegi: Kohldampf (aus: Besinnung und Aufbruch, Heft 8, 2.Jg., Dezember 1930) * Siegi: Der Christliche (aus: Besinnung und Aufbruch, Heft 9, 2. Jg., Januar 1931) * Sonka: Schreitespruch (aus: Der Kunde, Heft 9\/19, 3.Jg., 1930) * Erwin Stein: Absage (aus: Der Vagabund, Heft 3, 4.Jg., 1931) * Paul Wiese: Strassenlied (aus: Der Kunde, Heft 5\/6, 3.Jg., 1929) * Paul Wiese: Heimweh (aus: Der Kunde, Heft 1\/2, 3.Jg., 1929) * Fred Endrikat: An den Staatsanwalt (aus: Der Vagabund, Heft 3, 4.Jg., 1931) * Gregor Gog: Otto Ziese * Otto Ziese: Vielleicht (aus: Otto Ziese: Endlose Strasse, Verlag der Vagabunden, Stuttgart 1929) * Otto Ziese: Verdammte (aus: Der Kunde, Heft7\/8, 2.Jg., 1929) * Otto Ziese: Gendarm (aus: Otto Ziese: Endlose Strasse) * Otto Ziese: Volksk\u00fcche (aus: ebd.) * Otto Ziese: Kehr ein (aus: ebd.) * Otto Ziese: Landstreicher * Maxim Gorki: An die Vagabunden Deutschlands und der anderen L\u00e4nder (aus: Der Vagabund, Heft 3, 4.Jg., 1931) * Hans Laufheim: Der Kunde l\u00e4sst das Tippeln nicht (aus: Der Kunde, Heft 5\/6, 2.Jg., sp\u00e4ter in &#8222;Liga der Heimatlosen&#8220; unter dem Titel \u201eEndlose Strasse\u201c) * Eugen Skasa- Wei\u00df: H\u00fctte (aus: Der Kunde, Heft 5, 2. Jg., 1929) * Peter Polter (d.i. Paul Polte): Rede an einen nationalsozialistischen Proleten (aus: Der Vagabund, Heft 3, 4.Jg., 1931) * Peter Polter: Platte machen (aus: Der Vagabund, Heft 4, 4. Jg., 1931)<\/span><\/small><\/p>\n","protected":false},"excerpt":{"rendered":"<p>Vagabunden. Lyrik und Prosa. Eine Anthologie, 64 Seiten, mit 9 [&hellip;] &hellip; <a href=\"https:\/\/www.packpapierverlag.de\/?product=vagabundenlyrik\">Weiterlesen <span class=\"meta-nav\">&rarr;<\/span><\/a><\/p>\n","protected":false},"featured_media":3864,"template":"","meta":[],"product_brand":[],"product_cat":[18,19,3],"product_tag":[],"class_list":{"0":"post-675","1":"product","2":"type-product","3":"status-publish","4":"has-post-thumbnail","6":"product_cat-literatur","7":"product_cat-musik-liederbucher","8":"product_cat-produkte","10":"first","11":"instock","12":"shipping-taxable","13":"purchasable","14":"product-type-simple"},"_links":{"self":[{"href":"https:\/\/www.packpapierverlag.de\/index.php?rest_route=\/wp\/v2\/product\/675","targetHints":{"allow":["GET"]}}],"collection":[{"href":"https:\/\/www.packpapierverlag.de\/index.php?rest_route=\/wp\/v2\/product"}],"about":[{"href":"https:\/\/www.packpapierverlag.de\/index.php?rest_route=\/wp\/v2\/types\/product"}],"wp:featuredmedia":[{"embeddable":true,"href":"https:\/\/www.packpapierverlag.de\/index.php?rest_route=\/wp\/v2\/media\/3864"}],"wp:attachment":[{"href":"https:\/\/www.packpapierverlag.de\/index.php?rest_route=%2Fwp%2Fv2%2Fmedia&parent=675"}],"wp:term":[{"taxonomy":"product_brand","embeddable":true,"href":"https:\/\/www.packpapierverlag.de\/index.php?rest_route=%2Fwp%2Fv2%2Fproduct_brand&post=675"},{"taxonomy":"product_cat","embeddable":true,"href":"https:\/\/www.packpapierverlag.de\/index.php?rest_route=%2Fwp%2Fv2%2Fproduct_cat&post=675"},{"taxonomy":"product_tag","embeddable":true,"href":"https:\/\/www.packpapierverlag.de\/index.php?rest_route=%2Fwp%2Fv2%2Fproduct_tag&post=675"}],"curies":[{"name":"wp","href":"https:\/\/api.w.org\/{rel}","templated":true}]}}