{"id":7315,"date":"2017-05-05T09:55:26","date_gmt":"2017-05-05T07:55:26","guid":{"rendered":"http:\/\/www.packpapierverlag.de\/?post_type=product&#038;p=7315"},"modified":"2017-05-05T09:55:26","modified_gmt":"2017-05-05T07:55:26","slug":"kropotkin-moderne-wissenschaft-und-anarchismus-p177","status":"publish","type":"product","link":"https:\/\/www.packpapierverlag.de\/?product=kropotkin-moderne-wissenschaft-und-anarchismus-p177","title":{"rendered":"Kropotkin : Moderne Wissenschaft und Anarchismus (p177)"},"content":{"rendered":"<p><a href=\"https:\/\/www.packpapierverlag.de\/wp-content\/uploads\/2017\/05\/Kropotkin-Moderne-Wissenschaft.jpg\" rel=\"attachment wp-att-7314\"><img loading=\"lazy\" decoding=\"async\" class=\"size-medium wp-image-7314 alignleft\" src=\"https:\/\/www.packpapierverlag.de\/wp-content\/uploads\/2017\/05\/Kropotkin-Moderne-Wissenschaft-199x300.jpg\" alt=\"Kropotkin Moderne Wissenschaft\" width=\"199\" height=\"300\" srcset=\"https:\/\/www.packpapierverlag.de\/wp-content\/uploads\/2017\/05\/Kropotkin-Moderne-Wissenschaft-199x300.jpg 199w, https:\/\/www.packpapierverlag.de\/wp-content\/uploads\/2017\/05\/Kropotkin-Moderne-Wissenschaft-300x452.jpg 300w, https:\/\/www.packpapierverlag.de\/wp-content\/uploads\/2017\/05\/Kropotkin-Moderne-Wissenschaft-768x1158.jpg 768w, https:\/\/www.packpapierverlag.de\/wp-content\/uploads\/2017\/05\/Kropotkin-Moderne-Wissenschaft-679x1024.jpg 679w, https:\/\/www.packpapierverlag.de\/wp-content\/uploads\/2017\/05\/Kropotkin-Moderne-Wissenschaft.jpg 1024w\" sizes=\"auto, (max-width: 199px) 100vw, 199px\" \/><\/a>Peter Kropotkin<\/p>\n<p>Moderne Wissenschaft und Anarchismus<\/p>\n<p>Heft mit 80 Seiten, DIN A5<\/p>\n<p>INHALT:<\/p>\n<p>Vorwort * Der Ursprung des Anarchismus * Die intellektuelle Bewegung des 18. Jahrhunderts * Die Reaktion zu Beginn des 19. Jahrhunderts * Die positive Philosophie Comtes * Das Erwachen in den Jahren 1856-1862 * Spencers synthetische Philosophie * Die Rolle des Gesetzes im Gesellschaftsleben * Die Stellung des Anarchismus in der modernen Wissenschaft * Das anarchistische Ideal und die fr\u00fcheren Revolutionen * DIE ANARCHIE: Die Prinzipien * Die anarchistischen Ideen im Altertum, im Mittelalter, bei Proudhon und Stirner * Die sozialistischen Ideen in der Internationale * Autorit\u00e4re Kommunisten und Mutualisten * Der Saint-Simonismus * Der Fourierismus * Der Einflu\u00df der Kommune \u2013 Bakunin * Der Anarchismus in der Gegenwart * Die Verneinung des Staates, Die individualistische Str\u00f6mung * Einige theoretische Gesichtspunkte des Anarchismus * Die Taktik der Anarchismus * Schlu\u00dffolgerungen * Erkl\u00e4rende Anmerkungen<\/p>\n","protected":false},"excerpt":{"rendered":"<p>Peter Kropotkin Moderne Wissenschaft und Anarchismus Heft mit 80 Seiten, [&hellip;] &hellip; <a href=\"https:\/\/www.packpapierverlag.de\/?product=kropotkin-moderne-wissenschaft-und-anarchismus-p177\">Weiterlesen <span class=\"meta-nav\">&rarr;<\/span><\/a><\/p>\n","protected":false},"featured_media":7314,"template":"","meta":[],"product_brand":[],"product_cat":[7,3],"product_tag":[],"class_list":{"0":"post-7315","1":"product","2":"type-product","3":"status-publish","4":"has-post-thumbnail","6":"product_cat-anarchie-hefte-und-bucher","7":"product_cat-produkte","9":"first","10":"instock","11":"shipping-taxable","12":"purchasable","13":"product-type-simple"},"_links":{"self":[{"href":"https:\/\/www.packpapierverlag.de\/index.php?rest_route=\/wp\/v2\/product\/7315","targetHints":{"allow":["GET"]}}],"collection":[{"href":"https:\/\/www.packpapierverlag.de\/index.php?rest_route=\/wp\/v2\/product"}],"about":[{"href":"https:\/\/www.packpapierverlag.de\/index.php?rest_route=\/wp\/v2\/types\/product"}],"wp:featuredmedia":[{"embeddable":true,"href":"https:\/\/www.packpapierverlag.de\/index.php?rest_route=\/wp\/v2\/media\/7314"}],"wp:attachment":[{"href":"https:\/\/www.packpapierverlag.de\/index.php?rest_route=%2Fwp%2Fv2%2Fmedia&parent=7315"}],"wp:term":[{"taxonomy":"product_brand","embeddable":true,"href":"https:\/\/www.packpapierverlag.de\/index.php?rest_route=%2Fwp%2Fv2%2Fproduct_brand&post=7315"},{"taxonomy":"product_cat","embeddable":true,"href":"https:\/\/www.packpapierverlag.de\/index.php?rest_route=%2Fwp%2Fv2%2Fproduct_cat&post=7315"},{"taxonomy":"product_tag","embeddable":true,"href":"https:\/\/www.packpapierverlag.de\/index.php?rest_route=%2Fwp%2Fv2%2Fproduct_tag&post=7315"}],"curies":[{"name":"wp","href":"https:\/\/api.w.org\/{rel}","templated":true}]}}