{"id":7490,"date":"2017-07-14T12:30:03","date_gmt":"2017-07-14T10:30:03","guid":{"rendered":"http:\/\/www.packpapierverlag.de\/?post_type=product&#038;p=7490"},"modified":"2017-07-14T12:30:03","modified_gmt":"2017-07-14T10:30:03","slug":"alexander-f-nabben-not-am-mann-ein-maennerlesebuch-p151","status":"publish","type":"product","link":"https:\/\/www.packpapierverlag.de\/?product=alexander-f-nabben-not-am-mann-ein-maennerlesebuch-p151","title":{"rendered":"Alexander F. Nabben Not am Mann &#8211; Ein M\u00e4nnerlesebuch (p151)"},"content":{"rendered":"<p><a href=\"https:\/\/www.packpapierverlag.de\/wp-content\/uploads\/2017\/07\/nabben-not-am-mann.jpg\" rel=\"attachment wp-att-7491\"><img loading=\"lazy\" decoding=\"async\" class=\"size-medium wp-image-7491 alignleft\" src=\"https:\/\/www.packpapierverlag.de\/wp-content\/uploads\/2017\/07\/nabben-not-am-mann-215x300.jpg\" alt=\"nabben not am mann\" width=\"215\" height=\"300\" srcset=\"https:\/\/www.packpapierverlag.de\/wp-content\/uploads\/2017\/07\/nabben-not-am-mann-215x300.jpg 215w, https:\/\/www.packpapierverlag.de\/wp-content\/uploads\/2017\/07\/nabben-not-am-mann-300x420.jpg 300w, https:\/\/www.packpapierverlag.de\/wp-content\/uploads\/2017\/07\/nabben-not-am-mann-768x1074.jpg 768w, https:\/\/www.packpapierverlag.de\/wp-content\/uploads\/2017\/07\/nabben-not-am-mann-732x1024.jpg 732w, https:\/\/www.packpapierverlag.de\/wp-content\/uploads\/2017\/07\/nabben-not-am-mann.jpg 1024w\" sizes=\"auto, (max-width: 215px) 100vw, 215px\" \/><\/a>Not am Mann oder wird so die Einweihung eingeleitet? Ein M\u00e4nner-Lesebuch.<br \/>\nAuf 361 Seiten philosophiert Alexander Franziskus Nabben, Alt-68er, Hippie, \u00d6ko- und Vegankoch \u00fcber das Mannsein im notwendiger- und richtigerweise untergehenden Patriarchat.<br \/>\nINHALT:<br \/>\nVorwort von Gregory Campell * Einf\u00fchrung * Im Prinzip * Junge * Junge, Junge * Wer war das? * Who is who ? * Der kleine Held * Erkenntnis durch Verst\u00e4ndnis * Die Maschine * Typisch? * Strafe mu\u00df sein * Hab doch nicht so * Ist es m\u00e4nnlich? * Herr Karriereleiter * Quelle der Identit\u00e4t * Drei Dinge * Kopf und K\u00f6rper * Selbst stehen oder fremd gehen * Der Vorgesetzte * Normal vergewaltigt * Gemachter Mann * Mit System * Mann und Natur * Was sonst* Ein M\u00e4nnlein steht im Walde * Vater Staat * Verr\u00e4ter * Wann ist ein Mann ein Mann? * Stark und schwach * Zeig was du kannst * Sport gleich Mord? * Herrlich * Mann o mann, tolle Rolle* Naturbursche * herz Ass- ein und zwei * Mann hat keine Probleme * Zeige deine Droge * Der beste Freund * Macht Rasur stur? * Schnauze voll * Der rettungslos- Rap * Mann, Macht, Milit\u00e4r * Schlagkr\u00e4ftig * Gewalt knallt * Und umgekehrt? * Der sexte Sinn * Als die Samen kamen * Sexist I * Orgasmus * Die Verh\u00fctung des Mannes * Die bek\u00e4mpfte Weiblichkeit * Am Busen der Natur * Messerscharf * Was i\u00dft Mann schon?! * Als Lohn die Aggression * Eierlegen ist M\u00e4nnersache * Traum- Arbeit * Sexist II * L\u00f6cher in die B\u00e4uche * Vater Unser ein zwei drei * Eigene Wege * V\u00e4terlich * Was Vater schafft * Das Kind im Mann * Aus dem Schatten treten * Die letzte Generation * La\u00df mich in Ruhe * Joy-Stick oder M\u00e4nnleins Liebling * Die warme Seite * Soft-Parade * Arschloch * Selbst ist der Mann * Was braucht es? * Freiheit oder Irrtum * Aus der Reihe tanzen * Bist du verrr\u00fcckt? * Sei lieb zu ihm * Die Geschichte mit Greg * N\u00e4he und Vertrauen * Liebestaten * M\u00e4nnerarbeit im soziokulturellen Kontext * Initiation schon * Weich ist reich * Abbruch und Aufbruch * Mehr als eine fixe Idee * Mit Visionen belohnen * Gewinnaussch\u00fcttung * Abschied * Weg der M\u00e4nner * Der Kampf der zwei W\u00f6lfe * Lieber toter Vater * Einer r\u00fcckt n\u00e4her * Der neue Mann * Spr\u00fccheklopfer * Anhang<\/p>\n","protected":false},"excerpt":{"rendered":"<p>Not am Mann oder wird so die Einweihung eingeleitet? Ein [&hellip;] &hellip; <a href=\"https:\/\/www.packpapierverlag.de\/?product=alexander-f-nabben-not-am-mann-ein-maennerlesebuch-p151\">Weiterlesen <span class=\"meta-nav\">&rarr;<\/span><\/a><\/p>\n","protected":false},"featured_media":7491,"template":"","meta":[],"product_brand":[],"product_cat":[18,6,3],"product_tag":[],"class_list":{"0":"post-7490","1":"product","2":"type-product","3":"status-publish","4":"has-post-thumbnail","6":"product_cat-literatur","7":"product_cat-politik-und-geschichte","8":"product_cat-produkte","10":"first","11":"instock","12":"shipping-taxable","13":"purchasable","14":"product-type-simple"},"_links":{"self":[{"href":"https:\/\/www.packpapierverlag.de\/index.php?rest_route=\/wp\/v2\/product\/7490","targetHints":{"allow":["GET"]}}],"collection":[{"href":"https:\/\/www.packpapierverlag.de\/index.php?rest_route=\/wp\/v2\/product"}],"about":[{"href":"https:\/\/www.packpapierverlag.de\/index.php?rest_route=\/wp\/v2\/types\/product"}],"wp:featuredmedia":[{"embeddable":true,"href":"https:\/\/www.packpapierverlag.de\/index.php?rest_route=\/wp\/v2\/media\/7491"}],"wp:attachment":[{"href":"https:\/\/www.packpapierverlag.de\/index.php?rest_route=%2Fwp%2Fv2%2Fmedia&parent=7490"}],"wp:term":[{"taxonomy":"product_brand","embeddable":true,"href":"https:\/\/www.packpapierverlag.de\/index.php?rest_route=%2Fwp%2Fv2%2Fproduct_brand&post=7490"},{"taxonomy":"product_cat","embeddable":true,"href":"https:\/\/www.packpapierverlag.de\/index.php?rest_route=%2Fwp%2Fv2%2Fproduct_cat&post=7490"},{"taxonomy":"product_tag","embeddable":true,"href":"https:\/\/www.packpapierverlag.de\/index.php?rest_route=%2Fwp%2Fv2%2Fproduct_tag&post=7490"}],"curies":[{"name":"wp","href":"https:\/\/api.w.org\/{rel}","templated":true}]}}