{"id":7548,"date":"2017-08-03T16:45:48","date_gmt":"2017-08-03T14:45:48","guid":{"rendered":"http:\/\/www.packpapierverlag.de\/?post_type=product&#038;p=7548"},"modified":"2019-05-22T13:13:24","modified_gmt":"2019-05-22T11:13:24","slug":"theo-hellmund-devi-danu-herz-im-kopf-buch-cd","status":"publish","type":"product","link":"https:\/\/www.packpapierverlag.de\/?product=theo-hellmund-devi-danu-herz-im-kopf-buch-cd","title":{"rendered":"Theo Hellmund (Devi Danu) Herz im Kopf Buch + CD (L40)"},"content":{"rendered":"<p><small style=\"color: #000606;\"><big><span style=\"font-family: Helvetica,Arial,sans-serif; font-weight: bold;\"><a href=\"https:\/\/www.packpapierverlag.de\/wp-content\/uploads\/2017\/08\/Theo-Hellmund-Herz-im-Kopf.jpg\" rel=\"attachment wp-att-7549\"><img loading=\"lazy\" decoding=\"async\" class=\"size-medium wp-image-7549 alignleft\" src=\"https:\/\/www.packpapierverlag.de\/wp-content\/uploads\/2017\/08\/Theo-Hellmund-Herz-im-Kopf-300x214.jpg\" alt=\"Theo Hellmund Herz im Kopf\" width=\"300\" height=\"214\" srcset=\"https:\/\/www.packpapierverlag.de\/wp-content\/uploads\/2017\/08\/Theo-Hellmund-Herz-im-Kopf-300x214.jpg 300w, https:\/\/www.packpapierverlag.de\/wp-content\/uploads\/2017\/08\/Theo-Hellmund-Herz-im-Kopf-768x549.jpg 768w, https:\/\/www.packpapierverlag.de\/wp-content\/uploads\/2017\/08\/Theo-Hellmund-Herz-im-Kopf.jpg 1024w\" sizes=\"auto, (max-width: 300px) 100vw, 300px\" \/><\/a>Theo Hellmund (Devi Danu): Herz im Kopf\u00a0 <\/span><span style=\"font-family: Helvetica,Arial,sans-serif; font-weight: bold;\">Buch (112 Seiten, randvoll mit Raps\/Gedichten, Zeichnungen und Photos) und CD (29 Tracks)<\/span><\/big><br style=\"font-family: Helvetica,Arial,sans-serif;\" \/><span style=\"font-family: Helvetica,Arial,sans-serif;\">ISBN 978-3-7373-5650-7 <\/span><\/small><\/p>\n<p><small style=\"color: #000606;\"><span style=\"font-family: Helvetica,Arial,sans-serif;\">Herausgegeben von Anke Engelmann\/B\u00fcro f\u00fcr angewandte Poesie, Erfurt 2015.<\/span><br style=\"font-family: Helvetica,Arial,sans-serif;\" \/><br style=\"font-family: Helvetica,Arial,sans-serif;\" \/><span style=\"font-family: Helvetica,Arial,sans-serif;\">Alle Texte und Bilder stammen aus dem Nachla\u00df des mit knapp 19 Jahren verstorbenen Musikers Theo Hellmund, der ein immer schneller werdendes Leben zwischen Politik (Jugendstadtratsvorsitzender, Gr\u00fcne Jugend), Rap und Drogen f\u00fchrte. Kritisch, kreativ und engagiert, mit klarem Blick f\u00fcr politische und zwischenmenschliche Verlogenheiten, hatte Devi Danu alias Theo Hellmund Schwierigkeiten, zwischen \u201eechten\u201c und \u201efalschen\u201c Freunden zu unterscheiden; und es fehlte ihm das Vertrauen, seine Musik als selbst- statt drogengemacht zu erkennen. Wenn Musiker \u00e4lter werden, merken sie irgendwann mit Verwunderung, da\u00df sie auch \u201eclean\u201c noch immer Musiker und ungebrochen kreativ sind. Es ist furchtbar schade, da\u00df Theo die Zeit f\u00fcr diese Entdeckung fehlte.<\/span><br style=\"font-family: Helvetica,Arial,sans-serif;\" \/><br style=\"font-family: Helvetica,Arial,sans-serif;\" \/><span style=\"font-family: Helvetica,Arial,sans-serif;\">Theo ist kein (ohnehin nur ein dummer Euphemismus) \u201eFr\u00fchvollendeter\u201c, seine Raps sind nicht perfekt, wollte er auch nicht, eines seiner Lieblingsworte war \u201esubversiv\u201c und all die \u201ecoolen\u201c, weltbekannten Rapper waren f\u00fcr ihn nichts anderes als musikalischer Gangster-Mainstream, die den Ausverkauf des Underground und Lebensgef\u00fchls betrieben. In sofern sah er sich als Punk des Rap, auch wenn er Punks ansonsten eher be\u201cbattle\u201cte, weil sie f\u00fcr ihn nur die andere Seite des Kapitalismus und eben auch keinen Neuanfang darstellten.<\/span><br style=\"font-family: Helvetica,Arial,sans-serif;\" \/><br style=\"font-family: Helvetica,Arial,sans-serif;\" \/><span style=\"font-family: Helvetica,Arial,sans-serif;\">Theos Themen sind neben genretypischen Battles das Sch\u00f6nreden \u201eDunkeldeutschlands\u201c durch die Politiker vor Ort (\u201eUnser Dorf ist bunt, uns`re Stadt ist rot.\/ Jaja, klar doch, in ein paar Jahren ist hier alles tot.\u201c (&#8230;) \u201e&#8230;auf Kirmeskinderfesten testen\/Nazis die H\u00fcpfburg\u201c), das Bashing gegen die Intellektuellen, die datenspeichernde Hartz4-Industrie, DDR-Kacke, BRD-Kacke, Umweltzerst\u00f6rung, Kriege, Amoklauf, Geldmacherei, Einsamkeit, Spie\u00dfertum und Dummheit. Dagegen setzt Devi Danu Aktivsein, Maul aufmachen, Texte machen, ne Bong klarmachen, Party machen, auf ner Sandbank sitzen, einfach mal still sein, nach- und \u00fcber den eigenen Horizont hinausdenken.<\/span><br style=\"font-family: Helvetica,Arial,sans-serif;\" \/><br style=\"font-family: Helvetica,Arial,sans-serif;\" \/><span style=\"font-family: Helvetica,Arial,sans-serif;\">Neben Wut und Entt\u00e4uschung, die fester Bestandteil von Theos Texten sind, bleibt viel Platz f\u00fcr Wortspiele, Witze, Kreativit\u00e4t und kompletten Kiffernonsense. Seine Musik ist im besten Sinne ehrlich und lebensecht, ungek\u00fcnstelte Kunst, der manchmal auch die M\u00fche anzumerken ist, einen langweiligen Provinzsonntag textend hinter sich zu bringen.<\/span><br style=\"font-family: Helvetica,Arial,sans-serif;\" \/><br style=\"font-family: Helvetica,Arial,sans-serif;\" \/><span style=\"font-family: Helvetica,Arial,sans-serif;\">Devi Danu jammte vor JVAs, rappte auf Konzerten gegen Polizeigewalt, machte HipHop auf Kommunefesten, beschallte Anti-Atom-Aktionen, spielte im Radio und mit und f\u00fcr Freunde. Das vorliegende Buch und die CD stellen einen Querschnitt seiner Kunst dar, sie sind sowohl Verm\u00e4chtnis wie Hommage.<\/span><br style=\"font-family: Helvetica,Arial,sans-serif;\" \/><br style=\"font-family: Helvetica,Arial,sans-serif;\" \/><span style=\"font-family: Helvetica,Arial,sans-serif; font-weight: bold;\">INHALT BUCH<\/span><br style=\"font-family: Helvetica,Arial,sans-serif;\" \/><span style=\"font-family: Helvetica,Arial,sans-serif;\">MANCHMAL TR\u00c4UME ICH DAVON * Manchmal tr\u00e4ume ich davon * Wieder raus, doch ich suche weiter * Es ist nicht leicht, einfach auszubrechen * Die Leiden und Pl\u00e4ne des Professors * Es war ein unm\u00f6glich stressiger Arbeitstag * Heimat? Backpack! * Mit 17 hat man noch Tr\u00e4ume * Du tr\u00e4umst traumlose Tr\u00e4ume * Auf Siebenmeilenstiefeln gehen * Es hei\u00dft immer: Nach vorne kommen! * DEVI DANU : SIMULTATIONSSUPERMARKT \u2013 ICH VERPACK AUF DEM TAKT EIN GANZES GEDICHT&#8230; Rap ist die Suche nach&#8230; * Karussell * Ich bleibe liegen * Is it back in the snow * Heb den Arm (Twist Beats Rawness) * Back to the Nineties, back in the days * PEGEL TRIFFT AUF PEGASUS * In einer fast schlaflosen Nacht * Wundervoll * Fliegende Elefanten (und dis geht raus an alle) * Es ist ein Segelschiff * Wir paffen uns die Wirklichkeit sch\u00f6n * ICH ZERLEGE DICH FREAK! * Angstzust\u00e4nde \/ Regenbogensyndrom (Battle) * Du bist talentlos und besitzt kein Sex Appeal * Der Funkbademeister-Assitoaster * &#8230;willst dich mit mir anlegen, ey * Tofu \u2013 ein Beat * Dein Track ist voll mit Schei\u00dfe \u2013 Bullenrevier * WILLKOMMEN IN DUNKELDEUTSCHLAND * Ich bin Horst Krawitzke * Wir trinken Pfeffi aus Nordhausen * Der Damm bricht (Furtschutz wieder erstellen gegen Wasser und Wessis) * Ich schrecke hoch, bin eben aufgewacht * ES STICHT SEHR INS HERZ * Das Leben so bedeutsam wie ein Staubkorn * Geh an Bord, geh mal fort von diesem Ort * Die Zelle puppt sich aus der H\u00fclle * Schmetterling und Taucherglocke * Wir haben uns alle lieb * Schiffe in Glasflaschen * Dreck und Kippen (It\u00b4s just a waste of time) * RAP IST MEINE THERAPIE \u2013 DER VERR\u00dcCKTE HUTMACHER * Ich such nach dem Sinn im Wahnsinn * Inhaltslos, hedonistisch und&#8230; * Wie es scheint (one love) * HEUTE WILL ICH MICH AUF DIE SANDBANK SETZEN * Wendland im Sommer * Es ist S zu dem V * ICH WEISS NICHT OB ICH LIEBE F\u00dcHLE * Voneinander entfernt * Und ich wander`immer weiter * Ein halbes Jahr ist eine lange Zeit * Rauf dich auf, um nichts zu tun * Ich bin ein Kokosn\u00fcsschen * Herz im Kopf * Grizzlycreek- within the illuminations of yesterday * manchmal unerwartet (traurig) * Ich wei\u00df nicht * MICH KENNEN VIELE MENSCHEN, DOCH ICH KENNE SIE NICHT * Das ist einfach ich * Der Zug * Letztes Lied: Wagen und Winnen in Depekolk * Spielt xon \u2013 mein eigenes Reich * Die Sterne, sie leuchten * THEODOR OTTO HELLMUND 25. APRIL 1995 BIS 19. APRIL 2014: STIMMEN VON FREUNDEN<\/span><br style=\"font-family: Helvetica,Arial,sans-serif;\" \/><br style=\"font-family: Helvetica,Arial,sans-serif;\" \/><span style=\"font-family: Helvetica,Arial,sans-serif; font-weight: bold;\"><a href=\"https:\/\/www.packpapierverlag.de\/wp-content\/uploads\/2017\/08\/Devi-Danu-CD.jpg\" rel=\"attachment wp-att-7550\"><img loading=\"lazy\" decoding=\"async\" class=\"size-medium wp-image-7550 alignleft\" src=\"https:\/\/www.packpapierverlag.de\/wp-content\/uploads\/2017\/08\/Devi-Danu-CD-300x259.jpg\" alt=\"Devi Danu CD\" width=\"300\" height=\"259\" srcset=\"https:\/\/www.packpapierverlag.de\/wp-content\/uploads\/2017\/08\/Devi-Danu-CD-300x259.jpg 300w, https:\/\/www.packpapierverlag.de\/wp-content\/uploads\/2017\/08\/Devi-Danu-CD-768x664.jpg 768w, https:\/\/www.packpapierverlag.de\/wp-content\/uploads\/2017\/08\/Devi-Danu-CD-1024x885.jpg 1024w, https:\/\/www.packpapierverlag.de\/wp-content\/uploads\/2017\/08\/Devi-Danu-CD.jpg 1641w\" sizes=\"auto, (max-width: 300px) 100vw, 300px\" \/><\/a>INHALT CD<\/span><br style=\"font-family: Helvetica,Arial,sans-serif;\" \/><span style=\"font-family: Helvetica,Arial,sans-serif;\">Es ist S zu dem V * Lieblingsgetr\u00e4nk * One Love * Quasi Rap * Vegetarier * Amore (Background Eli) * Rapgott * VBT Zweitausenddreizehn * Back in the days * Fliegende Elefanten * Schiffe in Glasflaschen * Ich bleibe liegen * Ich wei\u00df nicht * Wendland im Sommer * Herz im Kopf * Mein eigenes Reich * Karussell * Alarmstufe rot * Das verzweigte Baumhaus * BONUS: In Einfalt f\u00e4llt die Nachtigall * 3x Freestyle * Lyrische Toilettenpause * 2x Freestyle * RADIO CORAX: Zw\u00f6lf Jahre Reil * heile Welt is nich * Jingle \u2013 Corax Konzert<\/span><\/small><\/p>\n","protected":false},"excerpt":{"rendered":"<p>Theo Hellmund (Devi Danu): Herz im Kopf\u00a0 Buch (112 Seiten, [&hellip;] &hellip; <a href=\"https:\/\/www.packpapierverlag.de\/?product=theo-hellmund-devi-danu-herz-im-kopf-buch-cd\">Weiterlesen <span class=\"meta-nav\">&rarr;<\/span><\/a><\/p>\n","protected":false},"featured_media":7549,"template":"","meta":[],"product_brand":[],"product_cat":[18,19,3],"product_tag":[],"class_list":{"0":"post-7548","1":"product","2":"type-product","3":"status-publish","4":"has-post-thumbnail","6":"product_cat-literatur","7":"product_cat-musik-liederbucher","8":"product_cat-produkte","10":"first","11":"instock","12":"shipping-taxable","13":"purchasable","14":"product-type-simple"},"_links":{"self":[{"href":"https:\/\/www.packpapierverlag.de\/index.php?rest_route=\/wp\/v2\/product\/7548","targetHints":{"allow":["GET"]}}],"collection":[{"href":"https:\/\/www.packpapierverlag.de\/index.php?rest_route=\/wp\/v2\/product"}],"about":[{"href":"https:\/\/www.packpapierverlag.de\/index.php?rest_route=\/wp\/v2\/types\/product"}],"wp:featuredmedia":[{"embeddable":true,"href":"https:\/\/www.packpapierverlag.de\/index.php?rest_route=\/wp\/v2\/media\/7549"}],"wp:attachment":[{"href":"https:\/\/www.packpapierverlag.de\/index.php?rest_route=%2Fwp%2Fv2%2Fmedia&parent=7548"}],"wp:term":[{"taxonomy":"product_brand","embeddable":true,"href":"https:\/\/www.packpapierverlag.de\/index.php?rest_route=%2Fwp%2Fv2%2Fproduct_brand&post=7548"},{"taxonomy":"product_cat","embeddable":true,"href":"https:\/\/www.packpapierverlag.de\/index.php?rest_route=%2Fwp%2Fv2%2Fproduct_cat&post=7548"},{"taxonomy":"product_tag","embeddable":true,"href":"https:\/\/www.packpapierverlag.de\/index.php?rest_route=%2Fwp%2Fv2%2Fproduct_tag&post=7548"}],"curies":[{"name":"wp","href":"https:\/\/api.w.org\/{rel}","templated":true}]}}