{"id":7895,"date":"2017-11-21T10:29:52","date_gmt":"2017-11-21T09:29:52","guid":{"rendered":"http:\/\/www.packpapierverlag.de\/?post_type=product&#038;p=7895"},"modified":"2017-11-21T10:29:52","modified_gmt":"2017-11-21T09:29:52","slug":"regina-jaeger-den-eigenen-hundewelpen-selbst-erziehen-c74","status":"publish","type":"product","link":"https:\/\/www.packpapierverlag.de\/?product=regina-jaeger-den-eigenen-hundewelpen-selbst-erziehen-c74","title":{"rendered":"Regina Jaeger: Den eigenen Hundewelpen selbst erziehen (c74)"},"content":{"rendered":"<p><small style=\"color: #001616;\"><big style=\"font-weight: bold; color: #002424;\"><span style=\"font-family: Helvetica,Arial,sans-serif;\"><a href=\"https:\/\/www.packpapierverlag.de\/wp-content\/uploads\/2017\/11\/Hundewelpen.jpg\" rel=\"attachment wp-att-7876\"><img loading=\"lazy\" decoding=\"async\" class=\"size-medium wp-image-7876 alignleft\" src=\"https:\/\/www.packpapierverlag.de\/wp-content\/uploads\/2017\/11\/Hundewelpen-207x300.jpg\" alt=\"Hundewelpen\" width=\"207\" height=\"300\" srcset=\"https:\/\/www.packpapierverlag.de\/wp-content\/uploads\/2017\/11\/Hundewelpen-207x300.jpg 207w, https:\/\/www.packpapierverlag.de\/wp-content\/uploads\/2017\/11\/Hundewelpen-300x434.jpg 300w, https:\/\/www.packpapierverlag.de\/wp-content\/uploads\/2017\/11\/Hundewelpen-768x1111.jpg 768w, https:\/\/www.packpapierverlag.de\/wp-content\/uploads\/2017\/11\/Hundewelpen-708x1024.jpg 708w, https:\/\/www.packpapierverlag.de\/wp-content\/uploads\/2017\/11\/Hundewelpen.jpg 1024w\" sizes=\"auto, (max-width: 207px) 100vw, 207px\" \/><\/a>Regina Jager: Den eigenen Hundewelpen selbst erziehen<\/span><\/big><br style=\"font-family: Helvetica,Arial,sans-serif;\" \/><span style=\"font-family: Helvetica,Arial,sans-serif;\">Aus der Reihe Artgerechte Tierhaltung<\/span><br style=\"font-family: Helvetica,Arial,sans-serif;\" \/><span style=\"font-family: Helvetica,Arial,sans-serif;\">Brosch\u00fcre DIN A5, 65 Seiten, illustriert mit Photos und Zeichnungen. Verlag 85\/Matthieu-Verlag Kiel, 2009.<\/span><br style=\"font-family: Helvetica,Arial,sans-serif;\" \/><span style=\"font-family: Helvetica,Arial,sans-serif;\">Die Autorin, studierte Agrarwirtin, ist keine Gegnerin der \u201eNutztierhaltung\u201c; sie ist allerdings der Ansicht,<br \/>\nda\u00df, wer sich von Tieren oder deren Erzeugnissen ern\u00e4hren oder sie anderweitig &#8222;nutzen&#8220; m\u00f6chte, nur dann ethisch handeln kann, wenn er Tiere selbst h\u00e4lt und zwar so, da\u00df zuallererst deren Verhaltens- und sonstigen<br \/>\nBed\u00fcrfnissen entsprochen wird.\u00a0 <\/span><span style=\"font-family: Helvetica,Arial,sans-serif;\">In diesem Sinne ist auch die vorliegende Brosch\u00fcre geschrieben.<\/span><br style=\"font-family: Helvetica,Arial,sans-serif;\" \/><span style=\"font-family: Helvetica,Arial,sans-serif; font-weight: bold;\">INHALT:<\/span><br style=\"font-family: Helvetica,Arial,sans-serif;\" \/><span style=\"font-family: Helvetica,Arial,sans-serif;\">Vorwort * I. Einf\u00fchrung * Ein Test * Was ist Erziehung? * II. Warum l\u00e4sst sich ein Hund von uns erziehen? * III. Die ersten Schritte * Grunds\u00e4tzliches zur Erziehung * Wenn Sie \u00dcbungen einstudieren * IV. Die ersten Kommandos * Zu der Wahl des Kommandos &#8211; Welches Wort benutze ich? * Was Sie nicht tun sollten * V. \u201eNein! Pfui! Aus!\u201c &#8211; Ein St\u00f6rwort * VI. Sitz, Platz, Fu\u00df und das L\u00f6sungswort * VII. Merkenswertes zum Ein\u00fcben von Kommandos * VIII. St\u00f6rer, Tadel, Strafen und vertrauensbildende Ma\u00dfnahmen: Der wirksame St\u00f6rer, der geeignete Tadel, die angemessene Strafma\u00dfnahme * IX. Wie schafft man Vertrauen? * X.\u00a0 Sozialisierung * Wie sozialisiert man einen Welpen? * Wer hat hier das Sagen? Einige Regeln, um Dominanzfragen klarzustellen * XI. Alltagssituationen meistern * Unterwegs, auf Besuch, im Auto * Beim Spaziergang * XII. Spiel und \u00dcbung * XIII. Vertiefung des Erlernten * Neues einstudieren * XIV. Schlussworte zum Wiederholen und Einpr\u00e4gen * XV. Merkzettel: Es von Anfang an richtig machen * Was Sie nicht tun sollten * XVI. Selbst-Test gef\u00e4llig? * XVII. Die Autorin<\/span><\/small><\/p>\n","protected":false},"excerpt":{"rendered":"<p>Regina Jager: Den eigenen Hundewelpen selbst erziehenAus der Reihe Artgerechte [&hellip;] &hellip; <a href=\"https:\/\/www.packpapierverlag.de\/?product=regina-jaeger-den-eigenen-hundewelpen-selbst-erziehen-c74\">Weiterlesen <span class=\"meta-nav\">&rarr;<\/span><\/a><\/p>\n","protected":false},"featured_media":7876,"template":"","meta":[],"product_brand":[],"product_cat":[17,3,5],"product_tag":[],"class_list":{"0":"post-7895","1":"product","2":"type-product","3":"status-publish","4":"has-post-thumbnail","6":"product_cat-land-garten-anders-leben","7":"product_cat-produkte","8":"product_cat-selbstversorgung","10":"first","11":"instock","12":"shipping-taxable","13":"purchasable","14":"product-type-simple"},"_links":{"self":[{"href":"https:\/\/www.packpapierverlag.de\/index.php?rest_route=\/wp\/v2\/product\/7895","targetHints":{"allow":["GET"]}}],"collection":[{"href":"https:\/\/www.packpapierverlag.de\/index.php?rest_route=\/wp\/v2\/product"}],"about":[{"href":"https:\/\/www.packpapierverlag.de\/index.php?rest_route=\/wp\/v2\/types\/product"}],"wp:featuredmedia":[{"embeddable":true,"href":"https:\/\/www.packpapierverlag.de\/index.php?rest_route=\/wp\/v2\/media\/7876"}],"wp:attachment":[{"href":"https:\/\/www.packpapierverlag.de\/index.php?rest_route=%2Fwp%2Fv2%2Fmedia&parent=7895"}],"wp:term":[{"taxonomy":"product_brand","embeddable":true,"href":"https:\/\/www.packpapierverlag.de\/index.php?rest_route=%2Fwp%2Fv2%2Fproduct_brand&post=7895"},{"taxonomy":"product_cat","embeddable":true,"href":"https:\/\/www.packpapierverlag.de\/index.php?rest_route=%2Fwp%2Fv2%2Fproduct_cat&post=7895"},{"taxonomy":"product_tag","embeddable":true,"href":"https:\/\/www.packpapierverlag.de\/index.php?rest_route=%2Fwp%2Fv2%2Fproduct_tag&post=7895"}],"curies":[{"name":"wp","href":"https:\/\/api.w.org\/{rel}","templated":true}]}}