{"id":7898,"date":"2017-11-21T13:50:08","date_gmt":"2017-11-21T12:50:08","guid":{"rendered":"http:\/\/www.packpapierverlag.de\/?post_type=product&#038;p=7898"},"modified":"2022-01-16T11:35:22","modified_gmt":"2022-01-16T10:35:22","slug":"kurt-schwitters-anna-blume-dichtungen","status":"publish","type":"product","link":"https:\/\/www.packpapierverlag.de\/?product=kurt-schwitters-anna-blume-dichtungen","title":{"rendered":"Kurt Schwitters: Anna Blume Dichtungen 4,-\u20ac (i27)"},"content":{"rendered":"<p><small style=\"color: #001a1a;\"><big style=\"color: #002a2a;\"><span style=\"font-family: Helvetica,Arial,sans-serif; font-weight: bold;\"><a href=\"https:\/\/www.packpapierverlag.de\/wp-content\/uploads\/2017\/11\/Schwitters-Anna-Blume-1.jpg\" rel=\"attachment wp-att-7872\"><img loading=\"lazy\" decoding=\"async\" class=\"size-medium wp-image-7872 alignleft\" src=\"https:\/\/www.packpapierverlag.de\/wp-content\/uploads\/2017\/11\/Schwitters-Anna-Blume-1-202x300.jpg\" alt=\"Schwitters Anna Blume\" width=\"202\" height=\"300\" srcset=\"https:\/\/www.packpapierverlag.de\/wp-content\/uploads\/2017\/11\/Schwitters-Anna-Blume-1-202x300.jpg 202w, https:\/\/www.packpapierverlag.de\/wp-content\/uploads\/2017\/11\/Schwitters-Anna-Blume-1-300x446.jpg 300w, https:\/\/www.packpapierverlag.de\/wp-content\/uploads\/2017\/11\/Schwitters-Anna-Blume-1-768x1142.jpg 768w, https:\/\/www.packpapierverlag.de\/wp-content\/uploads\/2017\/11\/Schwitters-Anna-Blume-1-688x1024.jpg 688w, https:\/\/www.packpapierverlag.de\/wp-content\/uploads\/2017\/11\/Schwitters-Anna-Blume-1.jpg 1024w\" sizes=\"auto, (max-width: 202px) 100vw, 202px\" \/><\/a>Kurt Schwitters: Anna Blume. Dichtungen. 4,-\u20ac (i27)<\/span><\/big><br style=\"font-family: Helvetica,Arial,sans-serif;\" \/><span style=\"font-family: Helvetica,Arial,sans-serif;\">Heft DIN A5, 37 Seiten, Reprint aus der Reihe Dadalogie<\/span><br style=\"font-family: Helvetica,Arial,sans-serif;\" \/><span style=\"font-family: Helvetica,Arial,sans-serif;\">Als literarische Figur hat Anna Blume Dichter, Maler und Musiker inspiriert, Der Hannoveraner K\u00fcnstler Kurt Schwitters erdichtete Anna Blume und setzte ihr mit einem Dadaistischen Plakat, das er an Litfa\u00dfs\u00e4ulen in Hannover aufh\u00e4ngen lie\u00df, ein Denkmal. Das Plakat sollte f\u00fcr den vorliegenden Gedichtband werben. Es enth\u00e4lt folgende dadaistische Nonsens- Gedichte und Gedichtprosa:<\/span><br style=\"font-family: Helvetica,Arial,sans-serif;\" \/><span style=\"font-family: Helvetica,Arial,sans-serif;\">Der K\u00fcnstler * An Anna Blume (Merzgedicht 1) * Molkenschwere Silberbl\u00e4tterbl\u00fcte (Gedicht 27) * Die Welt (Gedicht 2) * Am Rande meines Welkens bin ich sanfte Nacht (Gedicht 14) * Erhabenheit (Gedicht 8) * Ich werde gegangen (Gedicht 19) * N\u00e4chte (Gedicht 7) * An Johannes Molzahn (Gedicht 37) * Gr\u00fcnes Kind (Gedicht 1) * Achtung, bitte Privatherrschaften! (Gedicht 29) * Die Zwiebel (Merzgedicht 8) * Das Verwesungswesen * Hinrichtung (Merzgedicht 9) * An eine Zeichnung Marc Chagalls (Gedicht 28) * Portrait Rudolf Bl\u00fcmner (Gedicht 30) * Ich werde erbaut (Gedicht 18) * Abend (Gedicht 25) * Goldene St\u00e4be (Gedicht 26) * Die Merzb\u00fchne * An alle B\u00fchnen der Welt * Selbstbestimmungsrecht des K\u00fcnstlers (Nachwort)<\/span><\/small><\/p>\n","protected":false},"excerpt":{"rendered":"<p>Kurt Schwitters: Anna Blume. Dichtungen. 4,-\u20ac (i27)Heft DIN A5, 37 [&hellip;] &hellip; <a href=\"https:\/\/www.packpapierverlag.de\/?product=kurt-schwitters-anna-blume-dichtungen\">Weiterlesen <span class=\"meta-nav\">&rarr;<\/span><\/a><\/p>\n","protected":false},"featured_media":7872,"template":"","meta":[],"product_brand":[],"product_cat":[18,3],"product_tag":[],"class_list":{"0":"post-7898","1":"product","2":"type-product","3":"status-publish","4":"has-post-thumbnail","6":"product_cat-literatur","7":"product_cat-produkte","9":"first","10":"instock","11":"shipping-taxable","12":"purchasable","13":"product-type-simple"},"_links":{"self":[{"href":"https:\/\/www.packpapierverlag.de\/index.php?rest_route=\/wp\/v2\/product\/7898","targetHints":{"allow":["GET"]}}],"collection":[{"href":"https:\/\/www.packpapierverlag.de\/index.php?rest_route=\/wp\/v2\/product"}],"about":[{"href":"https:\/\/www.packpapierverlag.de\/index.php?rest_route=\/wp\/v2\/types\/product"}],"wp:featuredmedia":[{"embeddable":true,"href":"https:\/\/www.packpapierverlag.de\/index.php?rest_route=\/wp\/v2\/media\/7872"}],"wp:attachment":[{"href":"https:\/\/www.packpapierverlag.de\/index.php?rest_route=%2Fwp%2Fv2%2Fmedia&parent=7898"}],"wp:term":[{"taxonomy":"product_brand","embeddable":true,"href":"https:\/\/www.packpapierverlag.de\/index.php?rest_route=%2Fwp%2Fv2%2Fproduct_brand&post=7898"},{"taxonomy":"product_cat","embeddable":true,"href":"https:\/\/www.packpapierverlag.de\/index.php?rest_route=%2Fwp%2Fv2%2Fproduct_cat&post=7898"},{"taxonomy":"product_tag","embeddable":true,"href":"https:\/\/www.packpapierverlag.de\/index.php?rest_route=%2Fwp%2Fv2%2Fproduct_tag&post=7898"}],"curies":[{"name":"wp","href":"https:\/\/api.w.org\/{rel}","templated":true}]}}