{"id":7900,"date":"2017-11-21T13:54:52","date_gmt":"2017-11-21T12:54:52","guid":{"rendered":"http:\/\/www.packpapierverlag.de\/?post_type=product&#038;p=7900"},"modified":"2022-01-16T11:36:37","modified_gmt":"2022-01-16T10:36:37","slug":"kurt-schwitters-memoiren-anna-blumes-in-bleie","status":"publish","type":"product","link":"https:\/\/www.packpapierverlag.de\/?product=kurt-schwitters-memoiren-anna-blumes-in-bleie","title":{"rendered":"Kurt Schwitters: Memoiren Anna Blumes in Bleie 3,-\u20ac (i28)"},"content":{"rendered":"<p><small style=\"color: #001919;\"><big style=\"color: #002424;\"><span style=\"font-family: Helvetica,Arial,sans-serif; font-weight: bold;\"><a href=\"https:\/\/www.packpapierverlag.de\/wp-content\/uploads\/2017\/11\/Schwitters-Memoiren-Anna-Blumes-3.jpg\" rel=\"attachment wp-att-7871\"><img loading=\"lazy\" decoding=\"async\" class=\"size-medium wp-image-7871 alignleft\" src=\"https:\/\/www.packpapierverlag.de\/wp-content\/uploads\/2017\/11\/Schwitters-Memoiren-Anna-Blumes-3-205x300.jpg\" alt=\"Schwitters Memoiren Anna Blumes\" width=\"205\" height=\"300\" srcset=\"https:\/\/www.packpapierverlag.de\/wp-content\/uploads\/2017\/11\/Schwitters-Memoiren-Anna-Blumes-3-205x300.jpg 205w, https:\/\/www.packpapierverlag.de\/wp-content\/uploads\/2017\/11\/Schwitters-Memoiren-Anna-Blumes-3-300x440.jpg 300w, https:\/\/www.packpapierverlag.de\/wp-content\/uploads\/2017\/11\/Schwitters-Memoiren-Anna-Blumes-3-768x1126.jpg 768w, https:\/\/www.packpapierverlag.de\/wp-content\/uploads\/2017\/11\/Schwitters-Memoiren-Anna-Blumes-3-699x1024.jpg 699w, https:\/\/www.packpapierverlag.de\/wp-content\/uploads\/2017\/11\/Schwitters-Memoiren-Anna-Blumes-3.jpg 1024w\" sizes=\"auto, (max-width: 205px) 100vw, 205px\" \/><\/a>Kurt (Merz) Schwitters: Memoiren Anna Blumes in Bleie 3,-\u20ac (i28).<\/span><\/big><br style=\"font-family: Helvetica,Arial,sans-serif; font-weight: bold;\" \/><span style=\"font-family: Helvetica,Arial,sans-serif; font-weight: bold;\">Eine leichtgefa\u00dfte Methode zur Erkennung des Wahnsinns f\u00fcr Jedermann &#8211; <\/span><span style=\"font-family: Helvetica,Arial,sans-serif;\">Heft DIN A5, 26 Seiten, Schrifttyp: Fraktur. Aus der Reihe Dadalogie<\/span><br style=\"font-family: Helvetica,Arial,sans-serif;\" \/><span style=\"font-family: Helvetica,Arial,sans-serif;\">Die Verweigerung von Konvention und Sinn war ein besonderes Merkmal des Dadaismus. Schwitters betreibt diese Verweigerung in vorliegendem Heft bis ins Buchstabengewirr und in die Satzzeichen und stochert wahl- und ziellos nach dem Ursprung von W\u00f6rtern&#8230;ob man dabei \u00fcberhaupt je auf Anna Blume sto\u00dfen wird?<\/span><br style=\"font-family: Helvetica,Arial,sans-serif;\" \/><span style=\"font-family: Helvetica,Arial,sans-serif;\">INHALT: Einleitung- Was ist Bleie? * DOF * THEMA * POESIE * PROSA \u2013 wir wollen m\u00fcssen * HUMOR * DIE ERDEBEERE (Personen: Die Rote, der Gr\u00fcne, die Braune) * ANALYSE \u2013 Das Hinterteil * <\/span><\/small><\/p>\n","protected":false},"excerpt":{"rendered":"<p>Kurt (Merz) Schwitters: Memoiren Anna Blumes in Bleie 3,-\u20ac (i28).Eine [&hellip;] &hellip; <a href=\"https:\/\/www.packpapierverlag.de\/?product=kurt-schwitters-memoiren-anna-blumes-in-bleie\">Weiterlesen <span class=\"meta-nav\">&rarr;<\/span><\/a><\/p>\n","protected":false},"featured_media":7871,"template":"","meta":[],"product_brand":[],"product_cat":[18,3],"product_tag":[],"class_list":{"0":"post-7900","1":"product","2":"type-product","3":"status-publish","4":"has-post-thumbnail","6":"product_cat-literatur","7":"product_cat-produkte","9":"first","10":"instock","11":"shipping-taxable","12":"purchasable","13":"product-type-simple"},"_links":{"self":[{"href":"https:\/\/www.packpapierverlag.de\/index.php?rest_route=\/wp\/v2\/product\/7900","targetHints":{"allow":["GET"]}}],"collection":[{"href":"https:\/\/www.packpapierverlag.de\/index.php?rest_route=\/wp\/v2\/product"}],"about":[{"href":"https:\/\/www.packpapierverlag.de\/index.php?rest_route=\/wp\/v2\/types\/product"}],"wp:featuredmedia":[{"embeddable":true,"href":"https:\/\/www.packpapierverlag.de\/index.php?rest_route=\/wp\/v2\/media\/7871"}],"wp:attachment":[{"href":"https:\/\/www.packpapierverlag.de\/index.php?rest_route=%2Fwp%2Fv2%2Fmedia&parent=7900"}],"wp:term":[{"taxonomy":"product_brand","embeddable":true,"href":"https:\/\/www.packpapierverlag.de\/index.php?rest_route=%2Fwp%2Fv2%2Fproduct_brand&post=7900"},{"taxonomy":"product_cat","embeddable":true,"href":"https:\/\/www.packpapierverlag.de\/index.php?rest_route=%2Fwp%2Fv2%2Fproduct_cat&post=7900"},{"taxonomy":"product_tag","embeddable":true,"href":"https:\/\/www.packpapierverlag.de\/index.php?rest_route=%2Fwp%2Fv2%2Fproduct_tag&post=7900"}],"curies":[{"name":"wp","href":"https:\/\/api.w.org\/{rel}","templated":true}]}}