{"id":7980,"date":"2017-12-01T16:18:31","date_gmt":"2017-12-01T15:18:31","guid":{"rendered":"http:\/\/www.packpapierverlag.de\/?post_type=product&#038;p=7980"},"modified":"2017-12-01T16:26:13","modified_gmt":"2017-12-01T15:26:13","slug":"ausstellung-frieden-gegen-krieg-gewissen-gegen-gewehre","status":"publish","type":"product","link":"https:\/\/www.packpapierverlag.de\/?product=ausstellung-frieden-gegen-krieg-gewissen-gegen-gewehre","title":{"rendered":"Ausstellung Frieden gegen Krieg &#8211; Gewissen gegen Gewehre"},"content":{"rendered":"<p><a href=\"https:\/\/www.packpapierverlag.de\/wp-content\/uploads\/2017\/12\/Ausstellung-Frieden-gg-Krieg.jpg\" rel=\"attachment wp-att-7981\"><img loading=\"lazy\" decoding=\"async\" class=\"size-medium wp-image-7981 alignleft\" src=\"https:\/\/www.packpapierverlag.de\/wp-content\/uploads\/2017\/12\/Ausstellung-Frieden-gg-Krieg-215x300.jpg\" alt=\"Ausstellung Frieden gg Krieg\" width=\"215\" height=\"300\" srcset=\"https:\/\/www.packpapierverlag.de\/wp-content\/uploads\/2017\/12\/Ausstellung-Frieden-gg-Krieg-215x300.jpg 215w, https:\/\/www.packpapierverlag.de\/wp-content\/uploads\/2017\/12\/Ausstellung-Frieden-gg-Krieg-300x420.jpg 300w, https:\/\/www.packpapierverlag.de\/wp-content\/uploads\/2017\/12\/Ausstellung-Frieden-gg-Krieg-768x1074.jpg 768w, https:\/\/www.packpapierverlag.de\/wp-content\/uploads\/2017\/12\/Ausstellung-Frieden-gg-Krieg-732x1024.jpg 732w, https:\/\/www.packpapierverlag.de\/wp-content\/uploads\/2017\/12\/Ausstellung-Frieden-gg-Krieg.jpg 1024w\" sizes=\"auto, (max-width: 215px) 100vw, 215px\" \/><\/a>Materialiensammlung zur Wanderausstellung<\/p>\n<p><strong>Frieden gegen Krieg \u2013 Gewissen gegen Gewehre<\/strong><\/p>\n<p>100 Jahre Friedensarbeit in Hagen und dem M\u00e4rkischen Kreis<\/p>\n<p>Veranstalter: Friedenszeichen Hagen, Friedensplenum Iserlohn, B\u00fcrgerinitiative f\u00fcr Frieden und Abr\u00fcstung M\u00e4rkischer Kreis, Friedensgruppe L\u00fcdenscheid<\/p>\n<p>Brosch\u00fcre mit 52 Seiten DIN A4<\/p>\n<p>Reichhaltige Bild- und Materialiensammlung von 1914 bis 2014: Weltkriegspropaganda, Widerstand, Friedensarbeit, Aktivisten, T\u00e4ter, Opfer, Gedenkkultur, Zensur, Abdrucke von Postkarten, Plakaten, Zeitungsartikeln, Agitationsschriften. Ein auch \u00fcber die Region hinaus historisch interessanter und wichtiger Querschnitt der Stimmen f\u00fcr und wider den Krieg.<\/p>\n","protected":false},"excerpt":{"rendered":"<p>Materialiensammlung zur Wanderausstellung Frieden gegen Krieg \u2013 Gewissen gegen Gewehre [&hellip;] &hellip; <a href=\"https:\/\/www.packpapierverlag.de\/?product=ausstellung-frieden-gegen-krieg-gewissen-gegen-gewehre\">Weiterlesen <span class=\"meta-nav\">&rarr;<\/span><\/a><\/p>\n","protected":false},"featured_media":7981,"template":"","meta":[],"product_brand":[],"product_cat":[3,40],"product_tag":[],"class_list":{"0":"post-7980","1":"product","2":"type-product","3":"status-publish","4":"has-post-thumbnail","6":"product_cat-produkte","7":"product_cat-zeitschriften","9":"first","10":"instock","11":"shipping-taxable","12":"purchasable","13":"product-type-simple"},"_links":{"self":[{"href":"https:\/\/www.packpapierverlag.de\/index.php?rest_route=\/wp\/v2\/product\/7980","targetHints":{"allow":["GET"]}}],"collection":[{"href":"https:\/\/www.packpapierverlag.de\/index.php?rest_route=\/wp\/v2\/product"}],"about":[{"href":"https:\/\/www.packpapierverlag.de\/index.php?rest_route=\/wp\/v2\/types\/product"}],"wp:featuredmedia":[{"embeddable":true,"href":"https:\/\/www.packpapierverlag.de\/index.php?rest_route=\/wp\/v2\/media\/7981"}],"wp:attachment":[{"href":"https:\/\/www.packpapierverlag.de\/index.php?rest_route=%2Fwp%2Fv2%2Fmedia&parent=7980"}],"wp:term":[{"taxonomy":"product_brand","embeddable":true,"href":"https:\/\/www.packpapierverlag.de\/index.php?rest_route=%2Fwp%2Fv2%2Fproduct_brand&post=7980"},{"taxonomy":"product_cat","embeddable":true,"href":"https:\/\/www.packpapierverlag.de\/index.php?rest_route=%2Fwp%2Fv2%2Fproduct_cat&post=7980"},{"taxonomy":"product_tag","embeddable":true,"href":"https:\/\/www.packpapierverlag.de\/index.php?rest_route=%2Fwp%2Fv2%2Fproduct_tag&post=7980"}],"curies":[{"name":"wp","href":"https:\/\/api.w.org\/{rel}","templated":true}]}}