{"id":823,"date":"2010-12-17T15:57:50","date_gmt":"2010-12-17T14:57:50","guid":{"rendered":"http:\/\/www.packpapierverlag.de\/neu\/?p=823"},"modified":"2017-05-08T13:00:40","modified_gmt":"2017-05-08T11:00:40","slug":"roel-van-duyn-ik-ben-provo","status":"publish","type":"product","link":"https:\/\/www.packpapierverlag.de\/?product=roel-van-duyn-ik-ben-provo","title":{"rendered":"Roel van Duyn: Provo (u41)"},"content":{"rendered":"<p><a href=\"https:\/\/www.packpapierverlag.de\/wp-content\/uploads\/2010\/12\/Roel-van-Duyn-Provo.jpg\"><img loading=\"lazy\" decoding=\"async\" class=\"alignleft size-medium wp-image-4431\" title=\"Roel van Duyn Provo\" src=\"https:\/\/www.packpapierverlag.de\/wp-content\/uploads\/2010\/12\/Roel-van-Duyn-Provo-203x300.jpg\" alt=\"\" width=\"203\" height=\"300\" srcset=\"https:\/\/www.packpapierverlag.de\/wp-content\/uploads\/2010\/12\/Roel-van-Duyn-Provo-203x300.jpg 203w, https:\/\/www.packpapierverlag.de\/wp-content\/uploads\/2010\/12\/Roel-van-Duyn-Provo-300x443.jpg 300w, https:\/\/www.packpapierverlag.de\/wp-content\/uploads\/2010\/12\/Roel-van-Duyn-Provo-693x1024.jpg 693w, https:\/\/www.packpapierverlag.de\/wp-content\/uploads\/2010\/12\/Roel-van-Duyn-Provo.jpg 1024w\" sizes=\"auto, (max-width: 203px) 100vw, 203px\" \/><\/a><span style=\"font-family: Helvetica,Arial,sans-serif;\"><small style=\"font-family: Helvetica,Arial,sans-serif; color: #183131;\"><big style=\"font-weight: bold; color: #3a7676;\">Roel van Duyn: PROVO. Einleitung ins provozierende Denken.<\/big><br \/>\nAus der Reihe \u201eProjekt Utopie\u201c, Packpapier-Verlag.<br \/>\nBrosch\u00fcre mit 40 Seiten und vielen antiautorit\u00e4ren Bildchen.<br \/>\nPROVO richtet sich an Anarchisten und Syndikalisten, Beatniks, Stadtstreicher, Scherenschleifer, Knastv\u00f6gel, S\u00e4ulenheilige, Hexen und Magier, Kartoffelchipesser, Paranoiker, Schwule, Grundschullehrer, Assistenz- Assistenten, Pyromanen, Philosophen, Agitatoren, Geschlechtskranke, Pazifisten und sonstiges Gesindel, sowie- das wollen wir nicht vergessen- nat\u00fcrlich an die Jungs vom (holl\u00e4ndischen)Verfassungsschutz. PROVO \u2013 das ist Widerstand gegen Kapitalismus, Kommunismus, Faschismus, Militarismus, B\u00fcrokratie, Expertentum, Dogmatismus, Sexismus, Autorit\u00e4t, B\u00fcrgertum und Arroganz.<br \/>\nPROVO steht vor der Wahl: entweder den verzweifelten Aufstand zu wagen oder sich passiv von der B\u00fchne des Geschehens zu verabschieden. PROVO ruft auf zum Widerstand, wann immer, wo immer er m\u00f6glich<br \/>\nist. PROVO wei\u00df, die Sieger werden letztlich die anderen sein.Trotzdem wird sich PROVO die Chance nicht entgehen lassen, diese Gesellschaft noch einmal zu provozieren. PROVO betrachtet den Anarchismus als inspirierende Quelle des Aufstands. PROVO will den traditionellen Anarchismus erneuern und unter der Jugend verbreiten. PROVO, denn PROVO-Verhalten in der heutigen Gesellschaft ist noch das einzig Annehmbare.<br \/>\n<span style=\"font-weight: bold;\">Texthinweis:<\/span><br \/>\nRoel van Duyns Agitationspoeme \u201eEinleitung ins provozierende Denken\u201c und \u201eAufruf an das internationale Provotariat\u201c erschienen erstmals 1965 in der Amsterdamer Zeitschrift \u201ePROVO\u201c. Die vorliegende Ausgabe folgt der leider unvollst\u00e4ndigen deutschen Erst\u00fcbersetzung aus dem Englischen von C. Krasser und J. Schm\u00fcck und wurde nochmals frei \u00fcberarbeitet. Aber als Einf\u00fchrung in das Konzept der Provokation ist die Brosch\u00fcre allemal lesenswert.<br \/>\n<span style=\"font-weight: bold;\">Zum Autor: <\/span>Roel van Duyn war ein R\u00e4delsf\u00fchrer der Provos und Kabouters. W\u00e4hrend die Provos wild und individualistisch waren, verstanden sich die Kabouters als konstruktive, \u00f6kologisch orientierte Bewegung. Bei den Amsterdamer Gemeindewahlen kamen sie mit 12% und 5 Sitzen in den Gemeinderat und chaotisierten erfolgreich das Parlament. Nach Gr\u00fcndung der PPR, Radikale Partei, wurde Roel van Duyn sogar B\u00fcrgermeister, 1976 wurde er durch ein Mistrauensvotum von Kommunisten und Sozialisten gest\u00fcrzt. Van Duyn geriet vor allem wegen seiner radikalen Antiatompolitik und der Forderung nach einer \u00d6kosteuer zur Finanzierung regenerativer Energien in die Kritik. Sp\u00e4ter war er einige Jahre lang Biobauer, und blieb ansonsten der Provokation treu.<br \/>\n<\/small><\/span><\/p>\n","protected":false},"excerpt":{"rendered":"<p>Roel van Duyn: PROVO. Einleitung ins provozierende Denken. Aus der [&hellip;] &hellip; <a href=\"https:\/\/www.packpapierverlag.de\/?product=roel-van-duyn-ik-ben-provo\">Weiterlesen <span class=\"meta-nav\">&rarr;<\/span><\/a><\/p>\n","protected":false},"featured_media":4431,"template":"","meta":[],"product_brand":[],"product_cat":[9,6,3,4],"product_tag":[],"class_list":{"0":"post-823","1":"product","2":"type-product","3":"status-publish","4":"has-post-thumbnail","6":"product_cat-bewegung-widerstand","7":"product_cat-politik-und-geschichte","8":"product_cat-produkte","9":"product_cat-projekte-utopie-chaos","11":"first","12":"instock","13":"shipping-taxable","14":"purchasable","15":"product-type-simple"},"_links":{"self":[{"href":"https:\/\/www.packpapierverlag.de\/index.php?rest_route=\/wp\/v2\/product\/823","targetHints":{"allow":["GET"]}}],"collection":[{"href":"https:\/\/www.packpapierverlag.de\/index.php?rest_route=\/wp\/v2\/product"}],"about":[{"href":"https:\/\/www.packpapierverlag.de\/index.php?rest_route=\/wp\/v2\/types\/product"}],"wp:featuredmedia":[{"embeddable":true,"href":"https:\/\/www.packpapierverlag.de\/index.php?rest_route=\/wp\/v2\/media\/4431"}],"wp:attachment":[{"href":"https:\/\/www.packpapierverlag.de\/index.php?rest_route=%2Fwp%2Fv2%2Fmedia&parent=823"}],"wp:term":[{"taxonomy":"product_brand","embeddable":true,"href":"https:\/\/www.packpapierverlag.de\/index.php?rest_route=%2Fwp%2Fv2%2Fproduct_brand&post=823"},{"taxonomy":"product_cat","embeddable":true,"href":"https:\/\/www.packpapierverlag.de\/index.php?rest_route=%2Fwp%2Fv2%2Fproduct_cat&post=823"},{"taxonomy":"product_tag","embeddable":true,"href":"https:\/\/www.packpapierverlag.de\/index.php?rest_route=%2Fwp%2Fv2%2Fproduct_tag&post=823"}],"curies":[{"name":"wp","href":"https:\/\/api.w.org\/{rel}","templated":true}]}}