{"id":8503,"date":"2018-06-15T17:47:49","date_gmt":"2018-06-15T15:47:49","guid":{"rendered":"http:\/\/www.packpapierverlag.de\/?post_type=product&#038;p=8503"},"modified":"2019-05-04T22:50:17","modified_gmt":"2019-05-04T20:50:17","slug":"aufnaeher-sich-fuegen-heisst-luegen-erich-muehsam","status":"publish","type":"product","link":"https:\/\/www.packpapierverlag.de\/?product=aufnaeher-sich-fuegen-heisst-luegen-erich-muehsam","title":{"rendered":"Aufn\u00e4her Sich f\u00fcgen hei\u00dft l\u00fcgen ! Erich M\u00fchsam (k155)"},"content":{"rendered":"<p><a href=\"https:\/\/www.packpapierverlag.de\/wp-content\/uploads\/2018\/06\/Aufn\u00e4her-M\u00fchsam.jpg\" rel=\"attachment wp-att-8499\"><img loading=\"lazy\" decoding=\"async\" class=\"size-medium wp-image-8499 alignleft\" src=\"https:\/\/www.packpapierverlag.de\/wp-content\/uploads\/2018\/06\/Aufn\u00e4her-M\u00fchsam-209x300.jpg\" alt=\"Aufn\u00e4her M\u00fchsam\" width=\"209\" height=\"300\" srcset=\"https:\/\/www.packpapierverlag.de\/wp-content\/uploads\/2018\/06\/Aufn\u00e4her-M\u00fchsam-209x300.jpg 209w, https:\/\/www.packpapierverlag.de\/wp-content\/uploads\/2018\/06\/Aufn\u00e4her-M\u00fchsam-300x430.jpg 300w, https:\/\/www.packpapierverlag.de\/wp-content\/uploads\/2018\/06\/Aufn\u00e4her-M\u00fchsam-768x1101.jpg 768w, https:\/\/www.packpapierverlag.de\/wp-content\/uploads\/2018\/06\/Aufn\u00e4her-M\u00fchsam-714x1024.jpg 714w, https:\/\/www.packpapierverlag.de\/wp-content\/uploads\/2018\/06\/Aufn\u00e4her-M\u00fchsam.jpg 1024w\" sizes=\"auto, (max-width: 209px) 100vw, 209px\" \/><\/a>Stoffaufn\u00e4her, Siebdruck von Martin<\/p>\n<p>Sich f\u00fcgen hei\u00dft l\u00fcgen!<\/p>\n<p>Zeitloses vom Anarchisten, K\u00fcnstler, Bohemien Erich M\u00fchsam (1878-1934)<\/p>\n<p>Farbe: Schwarz auf wei\u00dfem Stoff, Motivma\u00dfe ca. 9\u00d713 cm<\/p>\n","protected":false},"excerpt":{"rendered":"<p>Stoffaufn\u00e4her, Siebdruck von Martin Sich f\u00fcgen hei\u00dft l\u00fcgen! Zeitloses vom [&hellip;] &hellip; <a href=\"https:\/\/www.packpapierverlag.de\/?product=aufnaeher-sich-fuegen-heisst-luegen-erich-muehsam\">Weiterlesen <span class=\"meta-nav\">&rarr;<\/span><\/a><\/p>\n","protected":false},"featured_media":8499,"template":"","meta":[],"product_brand":[],"product_cat":[7,8,3],"product_tag":[],"class_list":{"0":"post-8503","1":"product","2":"type-product","3":"status-publish","4":"has-post-thumbnail","6":"product_cat-anarchie-hefte-und-bucher","7":"product_cat-aufkleber-sticker-aufnaher","8":"product_cat-produkte","10":"first","11":"instock","12":"shipping-taxable","13":"purchasable","14":"product-type-simple"},"_links":{"self":[{"href":"https:\/\/www.packpapierverlag.de\/index.php?rest_route=\/wp\/v2\/product\/8503","targetHints":{"allow":["GET"]}}],"collection":[{"href":"https:\/\/www.packpapierverlag.de\/index.php?rest_route=\/wp\/v2\/product"}],"about":[{"href":"https:\/\/www.packpapierverlag.de\/index.php?rest_route=\/wp\/v2\/types\/product"}],"wp:featuredmedia":[{"embeddable":true,"href":"https:\/\/www.packpapierverlag.de\/index.php?rest_route=\/wp\/v2\/media\/8499"}],"wp:attachment":[{"href":"https:\/\/www.packpapierverlag.de\/index.php?rest_route=%2Fwp%2Fv2%2Fmedia&parent=8503"}],"wp:term":[{"taxonomy":"product_brand","embeddable":true,"href":"https:\/\/www.packpapierverlag.de\/index.php?rest_route=%2Fwp%2Fv2%2Fproduct_brand&post=8503"},{"taxonomy":"product_cat","embeddable":true,"href":"https:\/\/www.packpapierverlag.de\/index.php?rest_route=%2Fwp%2Fv2%2Fproduct_cat&post=8503"},{"taxonomy":"product_tag","embeddable":true,"href":"https:\/\/www.packpapierverlag.de\/index.php?rest_route=%2Fwp%2Fv2%2Fproduct_tag&post=8503"}],"curies":[{"name":"wp","href":"https:\/\/api.w.org\/{rel}","templated":true}]}}