{"id":851,"date":"2010-12-17T16:02:33","date_gmt":"2010-12-17T15:02:33","guid":{"rendered":"http:\/\/www.packpapierverlag.de\/neu\/?p=851"},"modified":"2017-04-22T18:42:02","modified_gmt":"2017-04-22T16:42:02","slug":"bakunin-freiheitlicher-sozialismus-oder-marxismus","status":"publish","type":"product","link":"https:\/\/www.packpapierverlag.de\/?product=bakunin-freiheitlicher-sozialismus-oder-marxismus","title":{"rendered":"Bakunin: Freiheitlicher Sozialismus oder Marxismus (p91)"},"content":{"rendered":"<p><a href=\"https:\/\/www.packpapierverlag.de\/wp-content\/uploads\/2010\/12\/Bakunin-Sozialismus.jpg\"><img loading=\"lazy\" decoding=\"async\" class=\"alignleft size-medium wp-image-4397\" title=\"Bakunin Sozialismus\" src=\"https:\/\/www.packpapierverlag.de\/wp-content\/uploads\/2010\/12\/Bakunin-Sozialismus-202x300.jpg\" alt=\"\" width=\"202\" height=\"300\" srcset=\"https:\/\/www.packpapierverlag.de\/wp-content\/uploads\/2010\/12\/Bakunin-Sozialismus-202x300.jpg 202w, https:\/\/www.packpapierverlag.de\/wp-content\/uploads\/2010\/12\/Bakunin-Sozialismus-300x444.jpg 300w, https:\/\/www.packpapierverlag.de\/wp-content\/uploads\/2010\/12\/Bakunin-Sozialismus-691x1024.jpg 691w, https:\/\/www.packpapierverlag.de\/wp-content\/uploads\/2010\/12\/Bakunin-Sozialismus.jpg 1024w\" sizes=\"auto, (max-width: 202px) 100vw, 202px\" \/><\/a><small style=\"color: #003e00;\"><big><span style=\"font-family: Helvetica,Arial,sans-serif; font-weight: bold;\">Michael Bakunin: Freiheitlicher Sozialismus oder Marxismus<\/span><\/big><br style=\"font-family: Helvetica,Arial,sans-serif;\" \/><span style=\"font-family: Helvetica,Arial,sans-serif;\">\u00dcbersetzt von Dr. Max Nettlau (1924). Heft mit 22 Seiten, DIN A 5.\u00a0<\/span><br style=\"font-family: Helvetica,Arial,sans-serif;\" \/><span style=\"font-family: Helvetica,Arial,sans-serif;\"><span style=\"font-weight: bold;\">INHALT:<\/span> * Freiheit f\u00fcr Alle * Die Polemik zwischen Anarchisten und Marxisten \u00fcber die Idee des Staates * Die beschr\u00e4nkte Rolle des Individuums in einer Revolution * Staatlich verordnete Revolutionen m\u00fcssen scheitern * Freiheit und Gleichheit * Zielgleichheit und Methodendifferenz von autorit\u00e4ren und libert\u00e4ren Revolution\u00e4ren. Marxismus- Freiheit- Staat * Zusammenfassung der Grundideen des Revolution\u00e4ren Katechismus (1866)<\/span><\/small><\/p>\n","protected":false},"excerpt":{"rendered":"<p>Michael Bakunin: Freiheitlicher Sozialismus oder Marxismus\u00dcbersetzt von Dr. Max Nettlau [&hellip;] &hellip; <a href=\"https:\/\/www.packpapierverlag.de\/?product=bakunin-freiheitlicher-sozialismus-oder-marxismus\">Weiterlesen <span class=\"meta-nav\">&rarr;<\/span><\/a><\/p>\n","protected":false},"featured_media":4397,"template":"","meta":[],"product_brand":[],"product_cat":[7,3],"product_tag":[],"class_list":{"0":"post-851","1":"product","2":"type-product","3":"status-publish","4":"has-post-thumbnail","6":"product_cat-anarchie-hefte-und-bucher","7":"product_cat-produkte","9":"first","10":"instock","11":"shipping-taxable","12":"purchasable","13":"product-type-simple"},"_links":{"self":[{"href":"https:\/\/www.packpapierverlag.de\/index.php?rest_route=\/wp\/v2\/product\/851","targetHints":{"allow":["GET"]}}],"collection":[{"href":"https:\/\/www.packpapierverlag.de\/index.php?rest_route=\/wp\/v2\/product"}],"about":[{"href":"https:\/\/www.packpapierverlag.de\/index.php?rest_route=\/wp\/v2\/types\/product"}],"wp:featuredmedia":[{"embeddable":true,"href":"https:\/\/www.packpapierverlag.de\/index.php?rest_route=\/wp\/v2\/media\/4397"}],"wp:attachment":[{"href":"https:\/\/www.packpapierverlag.de\/index.php?rest_route=%2Fwp%2Fv2%2Fmedia&parent=851"}],"wp:term":[{"taxonomy":"product_brand","embeddable":true,"href":"https:\/\/www.packpapierverlag.de\/index.php?rest_route=%2Fwp%2Fv2%2Fproduct_brand&post=851"},{"taxonomy":"product_cat","embeddable":true,"href":"https:\/\/www.packpapierverlag.de\/index.php?rest_route=%2Fwp%2Fv2%2Fproduct_cat&post=851"},{"taxonomy":"product_tag","embeddable":true,"href":"https:\/\/www.packpapierverlag.de\/index.php?rest_route=%2Fwp%2Fv2%2Fproduct_tag&post=851"}],"curies":[{"name":"wp","href":"https:\/\/api.w.org\/{rel}","templated":true}]}}