{"id":871,"date":"2010-12-17T16:06:07","date_gmt":"2010-12-17T15:06:07","guid":{"rendered":"http:\/\/www.packpapierverlag.de\/neu\/?p=871"},"modified":"2025-05-30T22:45:00","modified_gmt":"2025-05-30T20:45:00","slug":"roel-van-duyn-heinzelmenschen","status":"publish","type":"product","link":"https:\/\/www.packpapierverlag.de\/?product=roel-van-duyn-heinzelmenschen","title":{"rendered":"Roel van Duyn: Die Botschaft eines weisen Heinzelm\u00e4nnchen (p27)"},"content":{"rendered":"<p><a href=\"https:\/\/www.packpapierverlag.de\/wp-content\/uploads\/2010\/12\/p27heinzelmensch.jpg\" rel=\"attachment wp-att-7777\"><img loading=\"lazy\" decoding=\"async\" class=\"size-medium wp-image-7777 alignleft\" src=\"https:\/\/www.packpapierverlag.de\/wp-content\/uploads\/2010\/12\/p27heinzelmensch-183x300.jpg\" alt=\"p27heinzelmensch\" width=\"183\" height=\"300\" srcset=\"https:\/\/www.packpapierverlag.de\/wp-content\/uploads\/2010\/12\/p27heinzelmensch-183x300.jpg 183w, https:\/\/www.packpapierverlag.de\/wp-content\/uploads\/2010\/12\/p27heinzelmensch-300x493.jpg 300w, https:\/\/www.packpapierverlag.de\/wp-content\/uploads\/2010\/12\/p27heinzelmensch.jpg 600w\" sizes=\"auto, (max-width: 183px) 100vw, 183px\" \/><\/a>Roel van Duyn:<br \/>\n* Die Botschaft eines weisen Heinzelm\u00e4nnchens *<br \/>\n* Das politische Konzept der Kabouter *<br \/>\nEine Betrachtung \u00fcber das philosophische Werk von Peter Kropotkin in Verbindung mit der heutigen Wahl zwischen Katastrophe und Heinzelm\u00e4nnchenstadt.<br \/>\nAus dem Holl\u00e4ndischen \u00fcbersetzt von Annalys Bokemeyer. Wuppertal: Jugenddienst- Verlag, 1971, 1. Auflage. Taschenbuch, 95 Seiten.<\/p>\n<p>\u201eEs ist die Hoffnung, nicht die Verzweiflung, die erfolgreiche Revolutionen macht.\u201c<br \/>\n(Kropotkin)<\/p>\n<p>Der \u201elanghaarige Anarchist\u201c stellt hier das politische Konzept der niederl\u00e4ndischen Kabouter vor und verkn\u00fcpft diese Einf\u00fchrung mit einer Analyse der Schriften des anarchistischen Biologen Peter Kropotkin in Hinblick auf Anarchismus und hierarchiefreie Organisation und ihre M\u00f6glichkeiten damals und heute. Dabei wird besonders Kropotkins \u201eGegenseitige Hilfe in der Tier- und Menschenwelt\u201c in Hinblick auf Altruismus und Aggression genauer betrachtet.<\/p>\n<p>Klappentext (Auszug):<br \/>\n\u201eDer neue langhaarige Anarchismus ist eine Begleiterscheinung des Massenauftritts r\u00fcckgekoppelter individueller Heinzelm\u00e4nnchen. Es liegt an uns, aus neuen Perspektiven neue Wirklichkeit werden zu lassen.<br \/>\nPeter Kropotkin war ein fr\u00fch geborenes Kulturheinzelm\u00e4nnchen. Er war stadtl\u00e4ndischer Mensch, Wohnnomade, praktischer Theoretiker, intellektueller G\u00e4rtner, altruistischer Egoist, besonnener Agitator und nicht zuletzt ein wissenschaftlicher Utopist.\u201c<\/p>\n<p>Inhalt:<br \/>\n* Leitgedanken *<br \/>\n* Ein universaler Spezialist *<br \/>\n* Wie es oben ist, so ist es auch unten *<br \/>\n* Der Pfauenaugenschmetterling oder Der Wechselstrom zwischen Zusammenarbeit und Aggression *<br \/>\n* Die Ehe zwischen Liebe und sch\u00f6pferischem Handeln *<br \/>\n* Der provozierende Mensch von Morgen ist das r\u00fcckgekoppelte Heinzelm\u00e4nnchen *<\/p>\n<p>Zum Autor:<br \/>\nRoel van Duyn war ein R\u00e4delsf\u00fchrer der Provos und Kabouters. W\u00e4hrend die Provos wild und individualistisch waren, verstanden sich die Kabouters als konstruktive, \u00f6kologisch orientierte Bewegung. Bei den Amsterdamer Gemeindewahlen kamen sie mit 12% und 5 Sitzen in den Gemeinderat und chaotisierten erfolgreich das Parlament.<br \/>\nNach Gr\u00fcndung der PPR, Radikale Partei, wurde Roel van Duyn sogar B\u00fcrgermeister, 1976 wurde er durch ein Mistrauensvotum von Kommunisten und Sozialisten gest\u00fcrzt. Van Duyn geriet vor allem wegen seiner radikalen Antiatompolitik und der Forderung nach einer \u00d6kosteuer zur Finanzierung regenerativer Energien in die Kritik. Sp\u00e4ter war er einige Jahre lang Biobauer, und blieb ansonsten der Provokation treu.<br \/>\n*************<\/p>\n","protected":false},"excerpt":{"rendered":"<p>Roel van Duyn: * Die Botschaft eines weisen Heinzelm\u00e4nnchens * [&hellip;] &hellip; <a href=\"https:\/\/www.packpapierverlag.de\/?product=roel-van-duyn-heinzelmenschen\">Weiterlesen <span class=\"meta-nav\">&rarr;<\/span><\/a><\/p>\n","protected":false},"featured_media":7777,"template":"","meta":[],"product_brand":[],"product_cat":[7,9,6,3],"product_tag":[],"class_list":{"0":"post-871","1":"product","2":"type-product","3":"status-publish","4":"has-post-thumbnail","6":"product_cat-anarchie-hefte-und-bucher","7":"product_cat-bewegung-widerstand","8":"product_cat-politik-und-geschichte","9":"product_cat-produkte","11":"first","12":"instock","13":"shipping-taxable","14":"purchasable","15":"product-type-simple"},"_links":{"self":[{"href":"https:\/\/www.packpapierverlag.de\/index.php?rest_route=\/wp\/v2\/product\/871","targetHints":{"allow":["GET"]}}],"collection":[{"href":"https:\/\/www.packpapierverlag.de\/index.php?rest_route=\/wp\/v2\/product"}],"about":[{"href":"https:\/\/www.packpapierverlag.de\/index.php?rest_route=\/wp\/v2\/types\/product"}],"wp:featuredmedia":[{"embeddable":true,"href":"https:\/\/www.packpapierverlag.de\/index.php?rest_route=\/wp\/v2\/media\/7777"}],"wp:attachment":[{"href":"https:\/\/www.packpapierverlag.de\/index.php?rest_route=%2Fwp%2Fv2%2Fmedia&parent=871"}],"wp:term":[{"taxonomy":"product_brand","embeddable":true,"href":"https:\/\/www.packpapierverlag.de\/index.php?rest_route=%2Fwp%2Fv2%2Fproduct_brand&post=871"},{"taxonomy":"product_cat","embeddable":true,"href":"https:\/\/www.packpapierverlag.de\/index.php?rest_route=%2Fwp%2Fv2%2Fproduct_cat&post=871"},{"taxonomy":"product_tag","embeddable":true,"href":"https:\/\/www.packpapierverlag.de\/index.php?rest_route=%2Fwp%2Fv2%2Fproduct_tag&post=871"}],"curies":[{"name":"wp","href":"https:\/\/api.w.org\/{rel}","templated":true}]}}