{"id":874,"date":"2010-12-17T16:06:48","date_gmt":"2010-12-17T15:06:48","guid":{"rendered":"http:\/\/www.packpapierverlag.de\/neu\/?p=874"},"modified":"2020-06-05T08:32:29","modified_gmt":"2020-06-05T06:32:29","slug":"elend-der-studenten-und-der-beginn-einer-epoche","status":"publish","type":"product","link":"https:\/\/www.packpapierverlag.de\/?product=elend-der-studenten-und-der-beginn-einer-epoche","title":{"rendered":"Das Elend der Studenten (Paris 68, Situationistische Schrift) (v46)"},"content":{"rendered":"<p><a href=\"https:\/\/www.packpapierverlag.de\/wp-content\/uploads\/2010\/12\/Elend-der-Studenten1.jpg\"><img loading=\"lazy\" decoding=\"async\" class=\"alignleft size-medium wp-image-4426\" title=\"Elend der Studenten\" src=\"https:\/\/www.packpapierverlag.de\/wp-content\/uploads\/2010\/12\/Elend-der-Studenten1-212x300.jpg\" alt=\"\" width=\"212\" height=\"300\" srcset=\"https:\/\/www.packpapierverlag.de\/wp-content\/uploads\/2010\/12\/Elend-der-Studenten1-212x300.jpg 212w, https:\/\/www.packpapierverlag.de\/wp-content\/uploads\/2010\/12\/Elend-der-Studenten1-300x423.jpg 300w, https:\/\/www.packpapierverlag.de\/wp-content\/uploads\/2010\/12\/Elend-der-Studenten1-726x1024.jpg 726w, https:\/\/www.packpapierverlag.de\/wp-content\/uploads\/2010\/12\/Elend-der-Studenten1.jpg 1024w\" sizes=\"auto, (max-width: 212px) 100vw, 212px\" \/><\/a><\/p>\n<p><span style=\"font-weight: bold; color: #660c1a; font-family: Helvetica,Arial,sans-serif;\">Das<br \/>\nElend der Studenten und der Beginn einer Epoche<\/span><small style=\"color: #1d3b3b; font-family: Helvetica,Arial,sans-serif;\"><br \/>\nHerausgegeben von der situationistischen Internationale und der<br \/>\nProjektgruppe Gegengesellschaft. D\u00fcsseldorf 1970. Heft mit 37<br \/>\nSeiten DIN A 5 Umweltpapier, mit 6 Schwarz- Wei\u00df-<br \/>\nAbbildungen\/ Photos.<br \/>\n\u201eDas Elend der Studenten\u201c l\u00f6ste 1966 den<br \/>\nSkandal von Stra\u00dfburg aus und l\u00f6st sich heute in<br \/>\neinem Skandal auf, der den Beginn einer Epoche einleitet. Die Schrift<br \/>\nist gleichzeitig Anklage und Aufruf an die Studenten, sich von ihren<br \/>\nideologischen Scheuklappen zu befreien und den revolution\u00e4ren<br \/>\nKampf in den K\u00f6pfen zu beginnen, um ihn auf die<br \/>\nStra\u00dfe tragen zu k\u00f6nnen. Hier stellt sich auch die<br \/>\nFrage, ob es politische Freiheit innerhalb akademischer Strukturen<br \/>\n\u00fcberhaupt geben kann. Eine doch sicherlich IMMER sehr aktuelle<br \/>\nFrage&#8230;<br \/>\n<span style=\"font-weight: bold;\">Inhalt:<\/span> Die<br \/>\nSchmach durch ihre Ver\u00f6ffentlichung noch schmachvoller machen.<br \/>\n&#8212; Es gen\u00fcgt nicht, dass der Gedanke zur Verwirklichung<br \/>\ndr\u00e4ngt, die Wirklichkeit muss sich selbst zum Gedanken<br \/>\ndr\u00e4ngen. &#8212; Gegen die Hierarchie und Diktatur von Wirtschaft<br \/>\nund Staat. &#8212; Endlich die Situation schaffen, die jede Umkehr<br \/>\nunm\u00f6glich macht. &#8212; Der Beginn einer Epoche. &#8212;<br \/>\nVorschl\u00e4ge an alle Zivilisierten zur generalisierten<br \/>\nSelbstverwaltung. &#8212; Und die der Lust angelegten Z\u00fcgel erregen<br \/>\ndie Lust, z\u00fcgellos zu leben. &#8212; Die Zeit dr\u00e4ngt. Wir<br \/>\nm\u00fcssen und trennen. Zur\u00fcck zur Langeweile, zum<br \/>\nLeerlauf, in den Scho\u00df der L\u00fcgen und Familien, zur<br \/>\nArbeit.<br \/>\n<span style=\"font-weight: bold;\">Auszug:<\/span><br \/>\n\u201eWie ein stoischer Sklave glaubt sich der Student umso<br \/>\nfreier, je mehr ihn die Ketten der Autorit\u00e4t zu Boden ziehen.<br \/>\nGenau wie seine neue Familie, die Universit\u00e4t, h\u00e4lt<br \/>\ner sich f\u00fcr das gesellschaftliche Wesen mit<br \/>\ngr\u00f6\u00dfter \u201eAutonomie\u201c,<br \/>\nw\u00e4hrend er doch gleichzeitig und unmittelbar von den zwei<br \/>\nm\u00e4chtigsten Autorit\u00e4tssystemen abh\u00e4ngt: der<br \/>\nFamilie und dem Staat. Nach der Logik des angepassten Kindes nimmt er<br \/>\nan allen Werten und Mystifikationen des Systems teil. Was einst den<br \/>\nLohnabh\u00e4ngigen aufgezwungene Illusionen waren, sind heute von<br \/>\nder Masse unterer F\u00fchrungskr\u00e4fte getragene,<br \/>\nverinnerlichte Ideologien.\u201c<\/small><\/p>\n","protected":false},"excerpt":{"rendered":"<p>Das Elend der Studenten und der Beginn einer Epoche Herausgegeben [&hellip;] &hellip; <a href=\"https:\/\/www.packpapierverlag.de\/?product=elend-der-studenten-und-der-beginn-einer-epoche\">Weiterlesen <span class=\"meta-nav\">&rarr;<\/span><\/a><\/p>\n","protected":false},"featured_media":4425,"template":"","meta":[],"product_brand":[],"product_cat":[7,3],"product_tag":[],"class_list":{"0":"post-874","1":"product","2":"type-product","3":"status-publish","4":"has-post-thumbnail","6":"product_cat-anarchie-hefte-und-bucher","7":"product_cat-produkte","9":"first","10":"instock","11":"shipping-taxable","12":"purchasable","13":"product-type-simple"},"_links":{"self":[{"href":"https:\/\/www.packpapierverlag.de\/index.php?rest_route=\/wp\/v2\/product\/874","targetHints":{"allow":["GET"]}}],"collection":[{"href":"https:\/\/www.packpapierverlag.de\/index.php?rest_route=\/wp\/v2\/product"}],"about":[{"href":"https:\/\/www.packpapierverlag.de\/index.php?rest_route=\/wp\/v2\/types\/product"}],"wp:featuredmedia":[{"embeddable":true,"href":"https:\/\/www.packpapierverlag.de\/index.php?rest_route=\/wp\/v2\/media\/4425"}],"wp:attachment":[{"href":"https:\/\/www.packpapierverlag.de\/index.php?rest_route=%2Fwp%2Fv2%2Fmedia&parent=874"}],"wp:term":[{"taxonomy":"product_brand","embeddable":true,"href":"https:\/\/www.packpapierverlag.de\/index.php?rest_route=%2Fwp%2Fv2%2Fproduct_brand&post=874"},{"taxonomy":"product_cat","embeddable":true,"href":"https:\/\/www.packpapierverlag.de\/index.php?rest_route=%2Fwp%2Fv2%2Fproduct_cat&post=874"},{"taxonomy":"product_tag","embeddable":true,"href":"https:\/\/www.packpapierverlag.de\/index.php?rest_route=%2Fwp%2Fv2%2Fproduct_tag&post=874"}],"curies":[{"name":"wp","href":"https:\/\/api.w.org\/{rel}","templated":true}]}}