{"id":875,"date":"2010-12-17T16:07:04","date_gmt":"2010-12-17T15:07:04","guid":{"rendered":"http:\/\/www.packpapierverlag.de\/neu\/?p=875"},"modified":"2017-04-25T13:08:46","modified_gmt":"2017-04-25T11:08:46","slug":"emma-goldmann-widerstand","status":"publish","type":"product","link":"https:\/\/www.packpapierverlag.de\/?product=emma-goldmann-widerstand","title":{"rendered":"Emma Goldmann: Widerstand (e10)"},"content":{"rendered":"<p><a href=\"https:\/\/www.packpapierverlag.de\/wp-content\/uploads\/2010\/12\/Goldman-Widerstand.jpg\"><img loading=\"lazy\" decoding=\"async\" class=\"alignleft size-medium wp-image-4473\" title=\"Goldman Widerstand\" src=\"https:\/\/www.packpapierverlag.de\/wp-content\/uploads\/2010\/12\/Goldman-Widerstand-206x300.jpg\" alt=\"\" width=\"206\" height=\"300\" srcset=\"https:\/\/www.packpapierverlag.de\/wp-content\/uploads\/2010\/12\/Goldman-Widerstand-206x300.jpg 206w, https:\/\/www.packpapierverlag.de\/wp-content\/uploads\/2010\/12\/Goldman-Widerstand-300x436.jpg 300w, https:\/\/www.packpapierverlag.de\/wp-content\/uploads\/2010\/12\/Goldman-Widerstand-704x1024.jpg 704w, https:\/\/www.packpapierverlag.de\/wp-content\/uploads\/2010\/12\/Goldman-Widerstand.jpg 1024w\" sizes=\"auto, (max-width: 206px) 100vw, 206px\" \/><\/a><span style=\"font-weight: bold; font-family: Helvetica,Arial,sans-serif; color: #6f3d77;\">Emma Goldman: Widerstand.<\/span><small style=\"font-family: Helvetica,Arial,sans-serif; color: #2e5922;\"><br \/>\nDeutsche Erst\u00fcbersetzung durch die Anarchistische Vereinigung Norddeutschlands. Brosch\u00fcre mit 40 Seiten DIN A5,Umweltpapier.<br \/>\nIn dieser Brosch\u00fcre sind folgende Aufs\u00e4tze enthalten:<br \/>\n* Ein Leben * Widerstand. * Was ich denke&#8230; \u00fcber das Eigentum, die Regierung, den Militarismus, die Rede- und Pressefreiheit, die Kirche, \u00fcber Ehe und Liebe, \u00fcber Gewalttaten. * Die wirkliche Bedeutung des Anarchismus. * Syndikalismus: Theorie und Praxis. * Sozialismus: Gefangen in der Falle der Politik.<br \/>\n<span style=\"font-weight: bold;\">Zur Person: <\/span>Als ebenso unerschrockene wie wortm\u00e4chtige Anw\u00e4ltin libert\u00e4rer Tendenzen war die aus Russland stammende, aber fr\u00fch nach Amerika gekommene Emma Goldman eine der eigenwilligsten und bekanntesten Pers\u00f6nlichkeiten der anarchistischen Bewegung. 1886 brach sie im Alter von 17 Jahren aus dem russisch- j\u00fcdischen Bildungsb\u00fcrgertum ihrer Familie aus und folgte ihrer Schwester Helene in die Staaten. Unter dem Eindruck der Hinrichtung mehrerer Anarchisten (angebliche Bombenattent\u00e4ter, das Gericht blieb den Beweis schuldig und ging stattdessen durch Todesurteile gegen die starke anarchistische Bewegung, die u.a. den 8- Stunden- Tag forderte vor ) wurde Emma Goldman zur militanten Anarchistin. Sie wurde mehrfach inhaftiert oder musste \u201euntertauchen\u201c, etwa nach Bergmanns gescheiterten Attentat auf Frick. Von 1906 bis 1917 gab Emma Goldman die anarchistische Zeitschrift \u201eMother Earth\u201c heraus und wurde neben Berkman der anarchistische Motor des amerikanischen Anarchismus. Emma Goldman trat ein f\u00fcr eine individuelle revolution\u00e4re Selbstbefreiung vor allem der Arbeiter und f\u00fcr die Gleichberechtigung der Frauen, f\u00fcr eine freie Sexualmoral, und sie bek\u00e4mpfte jede Form des Militarismus. Wie viele andere Anarchisten und Kommunisten ging sie nach der Revolution nach Russland und wurde entt\u00e4uscht von der bolschewistischen Diktatur, die sie als \u201eb\u00fcrokratisches Monstrum\u201c bezeichnete. Wie so viele Anarchisten (etwa Proudhon) sprach sie bei Lenin vor, um sich gegen die Verfolgung der Anarchisten durch die Bolschewisten zu wenden- nat\u00fcrlich ohne Erfolg. Nach dem Verlassen Russlands 1921 erschien ein Jahr sp\u00e4ter ihre Schrift: \u201eDie Ursachen des Niedergangs der russischen Revolution\u201c. Durch Russland desillusioniert wanderte sie erst nach England, sp\u00e4ter nach Kanada aus, wo sie 1940 starb.<br \/>\n<span style=\"font-weight: bold;\">In dem vorliegenden Heft <\/span>nun \u00e4u\u00dfert sich diese bemerkenswerte Frau zu den Fragen der Freiheit, der Frauen- und Familienemanzipation, \u00fcber den Anarchismus, den Syndikalismus und gegen eine Staatspolitik, die die Ideen und Energien einer freiheitlichen, anarchistischen Gesellschaftsvorstellung erstickt.\u00a0<\/small><\/p>\n","protected":false},"excerpt":{"rendered":"<p>Emma Goldman: Widerstand. Deutsche Erst\u00fcbersetzung durch die Anarchistische Vereinigung Norddeutschlands. [&hellip;] &hellip; <a href=\"https:\/\/www.packpapierverlag.de\/?product=emma-goldmann-widerstand\">Weiterlesen <span class=\"meta-nav\">&rarr;<\/span><\/a><\/p>\n","protected":false},"featured_media":4473,"template":"","meta":[],"product_brand":[],"product_cat":[7,3],"product_tag":[],"class_list":{"0":"post-875","1":"product","2":"type-product","3":"status-publish","4":"has-post-thumbnail","6":"product_cat-anarchie-hefte-und-bucher","7":"product_cat-produkte","9":"first","10":"instock","11":"shipping-taxable","12":"purchasable","13":"product-type-simple"},"_links":{"self":[{"href":"https:\/\/www.packpapierverlag.de\/index.php?rest_route=\/wp\/v2\/product\/875","targetHints":{"allow":["GET"]}}],"collection":[{"href":"https:\/\/www.packpapierverlag.de\/index.php?rest_route=\/wp\/v2\/product"}],"about":[{"href":"https:\/\/www.packpapierverlag.de\/index.php?rest_route=\/wp\/v2\/types\/product"}],"wp:featuredmedia":[{"embeddable":true,"href":"https:\/\/www.packpapierverlag.de\/index.php?rest_route=\/wp\/v2\/media\/4473"}],"wp:attachment":[{"href":"https:\/\/www.packpapierverlag.de\/index.php?rest_route=%2Fwp%2Fv2%2Fmedia&parent=875"}],"wp:term":[{"taxonomy":"product_brand","embeddable":true,"href":"https:\/\/www.packpapierverlag.de\/index.php?rest_route=%2Fwp%2Fv2%2Fproduct_brand&post=875"},{"taxonomy":"product_cat","embeddable":true,"href":"https:\/\/www.packpapierverlag.de\/index.php?rest_route=%2Fwp%2Fv2%2Fproduct_cat&post=875"},{"taxonomy":"product_tag","embeddable":true,"href":"https:\/\/www.packpapierverlag.de\/index.php?rest_route=%2Fwp%2Fv2%2Fproduct_tag&post=875"}],"curies":[{"name":"wp","href":"https:\/\/api.w.org\/{rel}","templated":true}]}}