{"id":876,"date":"2010-12-17T16:07:23","date_gmt":"2010-12-17T15:07:23","guid":{"rendered":"http:\/\/www.packpapierverlag.de\/neu\/?p=876"},"modified":"2017-04-25T13:13:17","modified_gmt":"2017-04-25T11:13:17","slug":"paul-goodman-erziehung-zwangsjacke-oder-freiheit","status":"publish","type":"product","link":"https:\/\/www.packpapierverlag.de\/?product=paul-goodman-erziehung-zwangsjacke-oder-freiheit","title":{"rendered":"Paul Goodman: Erziehung &#8211; Zwangsjacke oder Freiheit (e11)"},"content":{"rendered":"<p><a href=\"https:\/\/www.packpapierverlag.de\/wp-content\/uploads\/2010\/12\/Goodman-Erziehung.jpg\"><img loading=\"lazy\" decoding=\"async\" class=\"alignleft size-medium wp-image-4388\" title=\"Goodman Erziehung\" src=\"https:\/\/www.packpapierverlag.de\/wp-content\/uploads\/2010\/12\/Goodman-Erziehung-220x300.jpg\" alt=\"\" width=\"220\" height=\"300\" srcset=\"https:\/\/www.packpapierverlag.de\/wp-content\/uploads\/2010\/12\/Goodman-Erziehung-220x300.jpg 220w, https:\/\/www.packpapierverlag.de\/wp-content\/uploads\/2010\/12\/Goodman-Erziehung-300x409.jpg 300w, https:\/\/www.packpapierverlag.de\/wp-content\/uploads\/2010\/12\/Goodman-Erziehung-751x1024.jpg 751w, https:\/\/www.packpapierverlag.de\/wp-content\/uploads\/2010\/12\/Goodman-Erziehung.jpg 1024w\" sizes=\"auto, (max-width: 220px) 100vw, 220px\" \/><\/a><small style=\"color: #142f2f;\"><big style=\"font-weight: bold; color: #235454;\"><span style=\"font-family: Helvetica,Arial,sans-serif;\">Paul Goodman: Erziehung \u2013 Zwangsjacke oder Freiheit? Zwei Aufs\u00e4tze gegen die Schule<\/span><\/big><br style=\"font-family: Helvetica,Arial,sans-serif;\" \/><span style=\"font-family: Helvetica,Arial,sans-serif;\">Hrsg.: Anarchistische Vereinigung Norddeutschland. Heft mit 35 Seiten, DIN A 5<\/span><br style=\"font-family: Helvetica,Arial,sans-serif;\" \/><span style=\"font-family: Helvetica,Arial,sans-serif;\"><span style=\"font-weight: bold;\">INHALT:<\/span> * Vorwort von Stefan Blankertz \/ Beil\u00e4ufige Erziehung versus Schulp\u00e4dagogik (1969) \/ Lernen in Freiheit (1968) \/ Bibliographie Paul Goodman \/ Liste deutscher \u00dcbersetzungen \/ Literaturliste zur radikalen Schulkritik<\/span><br style=\"font-family: Helvetica,Arial,sans-serif;\" \/><span style=\"font-family: Helvetica,Arial,sans-serif;\"><span style=\"font-weight: bold;\">ZUM HEFT<\/span>: Goodman stellt im ersten Aufsatz die direkte P\u00e4dagogik (Schule) der beil\u00e4ufigen Erziehung (die eine nat\u00fcrliche Funktion gesellschaftlichen Lebens darstellt) gegen\u00fcber. Im zweiten Aufsatz zeigt Goodman die Auswirkungen der Institution Schule auf Individuum und Gesellschaft auf und schl\u00e4gt Alternativen vor; dabei geht er immer von dem Grundsatz aus, dass es nicht darauf ankommt, ein neues monolithisches System zu entwerfen, sondern eine gro\u00dfe Vielheit von M\u00f6glichkeiten.<\/span><br style=\"font-family: Helvetica,Arial,sans-serif;\" \/><span style=\"font-family: Helvetica,Arial,sans-serif;\"><span style=\"font-weight: bold;\">ZUM AUTOR<\/span>: Paul Goodman schrieb philosophische, psychologische und politische Abhandlungen, Romane, Gedichte und Literaturkritiken. Pr\u00e4gend f\u00fcr Goodman war u.a. \u201eder Geist der amerikanischen Tradition\u201c, die Schriften des russischen Anarchisten Peter Kropotkin und der deutsche Philosoph Immanuel Kant (eine interessante Mischung). Goodman war Kritiker der amerikanischen Sozialwissenschaft (v.a. der quantitativen Datensammlung). Er kritisierte deren \u201eDatenfriedh\u00f6fe\u201c und die durch sie vorangetriebene Entm\u00fcndigung der Menschen. Paul Goodman, j\u00fcdischer Abstammung, wurde 1911 in Greenwich Village, New York, geboren. Er studierte englische Literatur, wurde Lehrkraft an der University of Chicago. 1940 entlie\u00df man ihn wegen seiner Homosexualit\u00e4t. Ende der 40er Jahre gr\u00fcndete er zusammen mit Fritz Perls das \u201eInstitute for Gestalt Therapy\u201c. Goodman lebte jahrelang in Armut am Rande der Gesellschaft, bis er in den 60er Jahren Mitstreiter und Mentor der rebellierenden Jugend (\u201emy crazy young allies\u201c) wurde. Er nahm unter anderem Teil am \u201eFree Speech Movement\u201c (antirassistisch, antimilitaristisch,&#8230;), an der Sabotage des Wehrdienstes, der Steuerverweigerungsbewegung gegen den Vietnam- Krieg und an Kampagnen gegen das Schul- Establishment. Paul Goodman starb 1972.<\/span><\/small><\/p>\n","protected":false},"excerpt":{"rendered":"<p>Paul Goodman: Erziehung \u2013 Zwangsjacke oder Freiheit? Zwei Aufs\u00e4tze gegen [&hellip;] &hellip; <a href=\"https:\/\/www.packpapierverlag.de\/?product=paul-goodman-erziehung-zwangsjacke-oder-freiheit\">Weiterlesen <span class=\"meta-nav\">&rarr;<\/span><\/a><\/p>\n","protected":false},"featured_media":4388,"template":"","meta":[],"product_brand":[],"product_cat":[7,10,3],"product_tag":[],"class_list":{"0":"post-876","1":"product","2":"type-product","3":"status-publish","4":"has-post-thumbnail","6":"product_cat-anarchie-hefte-und-bucher","7":"product_cat-erziehung","8":"product_cat-produkte","10":"first","11":"instock","12":"shipping-taxable","13":"purchasable","14":"product-type-simple"},"_links":{"self":[{"href":"https:\/\/www.packpapierverlag.de\/index.php?rest_route=\/wp\/v2\/product\/876","targetHints":{"allow":["GET"]}}],"collection":[{"href":"https:\/\/www.packpapierverlag.de\/index.php?rest_route=\/wp\/v2\/product"}],"about":[{"href":"https:\/\/www.packpapierverlag.de\/index.php?rest_route=\/wp\/v2\/types\/product"}],"wp:featuredmedia":[{"embeddable":true,"href":"https:\/\/www.packpapierverlag.de\/index.php?rest_route=\/wp\/v2\/media\/4388"}],"wp:attachment":[{"href":"https:\/\/www.packpapierverlag.de\/index.php?rest_route=%2Fwp%2Fv2%2Fmedia&parent=876"}],"wp:term":[{"taxonomy":"product_brand","embeddable":true,"href":"https:\/\/www.packpapierverlag.de\/index.php?rest_route=%2Fwp%2Fv2%2Fproduct_brand&post=876"},{"taxonomy":"product_cat","embeddable":true,"href":"https:\/\/www.packpapierverlag.de\/index.php?rest_route=%2Fwp%2Fv2%2Fproduct_cat&post=876"},{"taxonomy":"product_tag","embeddable":true,"href":"https:\/\/www.packpapierverlag.de\/index.php?rest_route=%2Fwp%2Fv2%2Fproduct_tag&post=876"}],"curies":[{"name":"wp","href":"https:\/\/api.w.org\/{rel}","templated":true}]}}