{"id":900,"date":"2010-12-17T16:10:02","date_gmt":"2010-12-17T15:10:02","guid":{"rendered":"http:\/\/www.packpapierverlag.de\/neu\/?p=900"},"modified":"2017-04-15T18:12:34","modified_gmt":"2017-04-15T16:12:34","slug":"kropotkin-die-freie-vereinbarung","status":"publish","type":"product","link":"https:\/\/www.packpapierverlag.de\/?product=kropotkin-die-freie-vereinbarung","title":{"rendered":"Kropotkin: Die freie Vereinbarung (p01)"},"content":{"rendered":"<p><a href=\"https:\/\/www.packpapierverlag.de\/wp-content\/uploads\/2010\/12\/Kropotkin-Vereinbarung.jpg\"><img loading=\"lazy\" decoding=\"async\" class=\"alignleft size-medium wp-image-3866\" title=\"Kropotkin Vereinbarung\" src=\"https:\/\/www.packpapierverlag.de\/wp-content\/uploads\/2010\/12\/Kropotkin-Vereinbarung-227x300.jpg\" alt=\"\" width=\"227\" height=\"300\" srcset=\"https:\/\/www.packpapierverlag.de\/wp-content\/uploads\/2010\/12\/Kropotkin-Vereinbarung-227x300.jpg 227w, https:\/\/www.packpapierverlag.de\/wp-content\/uploads\/2010\/12\/Kropotkin-Vereinbarung-300x396.jpg 300w, https:\/\/www.packpapierverlag.de\/wp-content\/uploads\/2010\/12\/Kropotkin-Vereinbarung-775x1024.jpg 775w, https:\/\/www.packpapierverlag.de\/wp-content\/uploads\/2010\/12\/Kropotkin-Vereinbarung.jpg 1024w\" sizes=\"auto, (max-width: 227px) 100vw, 227px\" \/><\/a><small style=\"color: #003400; font-family: Helvetica,Arial,sans-serif;\"><span style=\"font-weight: bold; color: #244848;\">Peter Kropotkin: Die freie Vereinbarung<\/span><br \/>\nHeft mit 18 Seiten, DIN A5, auf Umweltpapier gedruckt. Packpapier- Verlag.<br \/>\nEin grundlegendes anarchistisches Organisationsprinzip, das auf freiwilliger Gegenseitigkeit beruht. Der Naturwissenschaftler und Anarchist Kropotkin hatte mit seinen Schriften auch gro\u00dfen Einfluss auf die revolution\u00e4re Bewegung in Russland.<\/small><\/p>\n<p><small style=\"color: #003400; font-family: Helvetica,Arial,sans-serif;\"><span style=\"font-weight: bold;\">Textauszug:<\/span> &#8222;Durch erhebliche Vorurteile, durch falsche Erziehung und Belehrung gew\u00f6hnt, \u00fcberall nur die Regierung, die Gesetzgebung und die Magistratur zu sehen, sind wir zu dem Glauben gekommen, dass die Menschen sich wie wilde Tiere zerrei\u00dfen w\u00fcrden, wo der Polizist nicht mehr sein Auge auf uns gerichtet h\u00e4lt, (&#8230;).Und doch stehen wir (&#8230;) tausend und abertausend menschlichen Gruppierungen gegen\u00fcber, die sich in freier Weise gebildet haben und bilden- OHNE die Intervention eines Gesetzes, und die unendlich viel H\u00f6heres vollbringen, als solche, die unter gouvernementale Oberherrschaft zu Stande kommen. (&#8230;)&#8220;<\/small><\/p>\n","protected":false},"excerpt":{"rendered":"<p>Peter Kropotkin: Die freie Vereinbarung Heft mit 18 Seiten, DIN [&hellip;] &hellip; <a href=\"https:\/\/www.packpapierverlag.de\/?product=kropotkin-die-freie-vereinbarung\">Weiterlesen <span class=\"meta-nav\">&rarr;<\/span><\/a><\/p>\n","protected":false},"featured_media":3866,"template":"","meta":[],"product_brand":[],"product_cat":[7,3],"product_tag":[],"class_list":{"0":"post-900","1":"product","2":"type-product","3":"status-publish","4":"has-post-thumbnail","6":"product_cat-anarchie-hefte-und-bucher","7":"product_cat-produkte","9":"first","10":"instock","11":"shipping-taxable","12":"purchasable","13":"product-type-simple"},"_links":{"self":[{"href":"https:\/\/www.packpapierverlag.de\/index.php?rest_route=\/wp\/v2\/product\/900","targetHints":{"allow":["GET"]}}],"collection":[{"href":"https:\/\/www.packpapierverlag.de\/index.php?rest_route=\/wp\/v2\/product"}],"about":[{"href":"https:\/\/www.packpapierverlag.de\/index.php?rest_route=\/wp\/v2\/types\/product"}],"wp:featuredmedia":[{"embeddable":true,"href":"https:\/\/www.packpapierverlag.de\/index.php?rest_route=\/wp\/v2\/media\/3866"}],"wp:attachment":[{"href":"https:\/\/www.packpapierverlag.de\/index.php?rest_route=%2Fwp%2Fv2%2Fmedia&parent=900"}],"wp:term":[{"taxonomy":"product_brand","embeddable":true,"href":"https:\/\/www.packpapierverlag.de\/index.php?rest_route=%2Fwp%2Fv2%2Fproduct_brand&post=900"},{"taxonomy":"product_cat","embeddable":true,"href":"https:\/\/www.packpapierverlag.de\/index.php?rest_route=%2Fwp%2Fv2%2Fproduct_cat&post=900"},{"taxonomy":"product_tag","embeddable":true,"href":"https:\/\/www.packpapierverlag.de\/index.php?rest_route=%2Fwp%2Fv2%2Fproduct_tag&post=900"}],"curies":[{"name":"wp","href":"https:\/\/api.w.org\/{rel}","templated":true}]}}