{"id":902,"date":"2010-12-17T16:10:41","date_gmt":"2010-12-17T15:10:41","guid":{"rendered":"http:\/\/www.packpapierverlag.de\/neu\/?p=902"},"modified":"2022-01-01T16:59:16","modified_gmt":"2022-01-01T15:59:16","slug":"kropotkin-landwirtschaft","status":"publish","type":"product","link":"https:\/\/www.packpapierverlag.de\/?product=kropotkin-landwirtschaft","title":{"rendered":"Kropotkin: Landwirtschaft, Industrie und Handwerk (p10)"},"content":{"rendered":"<p><img loading=\"lazy\" decoding=\"async\" class=\"alignleft wp-image-15575 size-medium\" src=\"https:\/\/www.packpapierverlag.de\/wp-content\/uploads\/2021\/12\/p10kropotLandwirtschaft-211x300.jpg\" alt=\"\" width=\"211\" height=\"300\" srcset=\"https:\/\/www.packpapierverlag.de\/wp-content\/uploads\/2021\/12\/p10kropotLandwirtschaft-211x300.jpg 211w, https:\/\/www.packpapierverlag.de\/wp-content\/uploads\/2021\/12\/p10kropotLandwirtschaft-300x427.jpg 300w, https:\/\/www.packpapierverlag.de\/wp-content\/uploads\/2021\/12\/p10kropotLandwirtschaft.jpg 640w\" sizes=\"auto, (max-width: 211px) 100vw, 211px\" \/>Peter Kropotkin: Landwirtschaft Industrie und Handwerk, 227 Seiten, 16,-\u20ac (p10)<br \/>\n1. -2. Kapitel: Die Dezentralisation der Industrien \u2014 Arbeitsteilung und Erg\u00e4nzung. \u2014 Die Ausbreitung der industriellen Fertigkeiten. \u2014 Jede Nation ihr eigener Hersteller von Bedarfsartikeln. \u2014 Gro\u00dfbritannien. \u2014 Frankreich. \u2014 Deutschland. \u2014 Ru\u00dfland. \u2014 \u201eDeutscher Wetteifer.\u201c \u2014 Italien und Spanien. \u2014 Indien. \u2014 Japan. \u2014 Die Vereinigten Staaten. \u2014 Baumwoll-, Woll- und Seidenindustrie. \u2014 Die wachsende Notwendigkeit f\u00fcr jedes Land, sich haupts\u00e4chlich auf den heimischen Verbraucher zu st\u00fctzen.<br \/>\n3.-5. Kapitel: Die M\u00f6glichkeiten der Landwirtschaft \u2014 Die Entwicklung der Landwirtschaft. \u2014 Das Vorurteil der \u00dcberbev\u00f6lkerung. \u2014 Reicht der Boden in Gro\u00dfbritannien zur Ern\u00e4hrung seiner Bewohner aus? \u2014 Britische Landwirtschaft. \u2014 Vergleich mit der Landwirtschaft in Frankreich; in Belgien; in D\u00e4nemark. \u2014 Handelsg\u00e4rtnerei: ihre Vervollkommnung. \u2014 Ist es vorteilhaft, in Gro\u00dfbritannien Weizen zu bauen? \u2014 Amerikanische Landwirtschaft: intensive Kultur in den Vereinigten Staaten. \u2014 Malthus\u2018 Lehre. \u2014 Fortschritte im Weizenbau. \u2014 Ostflandern. \u2014 Die Kanal-Inseln. \u2014 Kartoffelernten in Vergangenheit und Gegenwart. \u2014 Bew\u00e4sserung. \u2014 Major Hallett\u2018s Versuche. \u2014 Gepflanzter Weizen. \u2014 Ausdehnung der Handelsg\u00e4rtnerei und des Obstbaues: in Frankreich; in den Vereinigten Staaten. \u2014 Kultur unter Glas. \u2014 Gem\u00fcseg\u00e4rten unter Glas. \u2014 Treibhauskulturen in Guernsey und Jersey; in Belgien.<br \/>\n6-7. Kapitel:. Kleinindustrien und Industried\u00f6rfer \u2014 Industrie und Landwirtschaft. \u2014 Die Kleinindustrie. \u2014 Verschiedene Typen. \u2014 Kleingewerbe in Gro\u00dfbritannien: Sheffield, Leeds, Lake District, Birmingham. \u2014 Statistische Angaben. \u2014 Kleingewerbe in Frankreich: Weberei und verschiedene andere Gewerbe. \u2014 Der Unikreis Lyons. \u2014 Paris, der Handelsplatz des Kleingewerbes. \u2014 Ergebnisse der Volksz\u00e4hlung von 1896. \u2014 Kleingewerbe in Deutschland: Untersuchung und Schlu\u00dffolgerung. \u2014 Ergebnisse der Volksz\u00e4hlung in den Jahren 1882, 1895 und 1907. \u2014 Kleingewerbe in Ru\u00dfland. \u2014 Schlu\u00dffolgerungen.<br \/>\n8. Kapitel: Geistige Arbeit und k\u00f6rperliche Arbeit \u2014 Trennung von Wissenschaft und Handwerk. \u2014 Technische Erziehung. \u2014 Vollkommene Erziehung. \u2014 Das Moskauer System: Anwendung in Chicago, Boston, Aberdeen. \u2014 Anschaulicher Unterricht. \u2014 Gegenw\u00e4rtige Zeitverschwendung. \u2014 Wissenschaft und Technik. \u2014 Vorteile, die die Wissenschaft aus einer Verbindung von geistiger Arbeit mit k\u00f6rperlicher Arbeit ableiten kann.<\/p>\n","protected":false},"excerpt":{"rendered":"<p>Peter Kropotkin: Landwirtschaft Industrie und Handwerk, 227 Seiten, 16,-\u20ac (p10) [&hellip;] &hellip; <a href=\"https:\/\/www.packpapierverlag.de\/?product=kropotkin-landwirtschaft\">Weiterlesen <span class=\"meta-nav\">&rarr;<\/span><\/a><\/p>\n","protected":false},"featured_media":15575,"template":"","meta":[],"product_brand":[],"product_cat":[7,17,6],"product_tag":[],"class_list":{"0":"post-902","1":"product","2":"type-product","3":"status-publish","4":"has-post-thumbnail","6":"product_cat-anarchie-hefte-und-bucher","7":"product_cat-land-garten-anders-leben","8":"product_cat-politik-und-geschichte","10":"first","11":"instock","12":"shipping-taxable","13":"purchasable","14":"product-type-simple"},"_links":{"self":[{"href":"https:\/\/www.packpapierverlag.de\/index.php?rest_route=\/wp\/v2\/product\/902","targetHints":{"allow":["GET"]}}],"collection":[{"href":"https:\/\/www.packpapierverlag.de\/index.php?rest_route=\/wp\/v2\/product"}],"about":[{"href":"https:\/\/www.packpapierverlag.de\/index.php?rest_route=\/wp\/v2\/types\/product"}],"wp:featuredmedia":[{"embeddable":true,"href":"https:\/\/www.packpapierverlag.de\/index.php?rest_route=\/wp\/v2\/media\/15575"}],"wp:attachment":[{"href":"https:\/\/www.packpapierverlag.de\/index.php?rest_route=%2Fwp%2Fv2%2Fmedia&parent=902"}],"wp:term":[{"taxonomy":"product_brand","embeddable":true,"href":"https:\/\/www.packpapierverlag.de\/index.php?rest_route=%2Fwp%2Fv2%2Fproduct_brand&post=902"},{"taxonomy":"product_cat","embeddable":true,"href":"https:\/\/www.packpapierverlag.de\/index.php?rest_route=%2Fwp%2Fv2%2Fproduct_cat&post=902"},{"taxonomy":"product_tag","embeddable":true,"href":"https:\/\/www.packpapierverlag.de\/index.php?rest_route=%2Fwp%2Fv2%2Fproduct_tag&post=902"}],"curies":[{"name":"wp","href":"https:\/\/api.w.org\/{rel}","templated":true}]}}