{"id":903,"date":"2010-12-17T16:10:56","date_gmt":"2010-12-17T15:10:56","guid":{"rendered":"http:\/\/www.packpapierverlag.de\/neu\/?p=903"},"modified":"2017-04-25T13:11:48","modified_gmt":"2017-04-25T11:11:48","slug":"kropotkin-der-anarchismus","status":"publish","type":"product","link":"https:\/\/www.packpapierverlag.de\/?product=kropotkin-der-anarchismus","title":{"rendered":"Kropotkin: Der Anarchismus Philosophie &#038; Ideale (e07)"},"content":{"rendered":"<p><a href=\"https:\/\/www.packpapierverlag.de\/wp-content\/uploads\/2010\/12\/Kropotkin-Philosophie.jpg\"><img loading=\"lazy\" decoding=\"async\" class=\"alignleft size-medium wp-image-5062\" title=\"Kropotkin Philosophie\" src=\"https:\/\/www.packpapierverlag.de\/wp-content\/uploads\/2010\/12\/Kropotkin-Philosophie-209x300.jpg\" alt=\"\" width=\"209\" height=\"300\" srcset=\"https:\/\/www.packpapierverlag.de\/wp-content\/uploads\/2010\/12\/Kropotkin-Philosophie-209x300.jpg 209w, https:\/\/www.packpapierverlag.de\/wp-content\/uploads\/2010\/12\/Kropotkin-Philosophie-300x429.jpg 300w, https:\/\/www.packpapierverlag.de\/wp-content\/uploads\/2010\/12\/Kropotkin-Philosophie-715x1024.jpg 715w, https:\/\/www.packpapierverlag.de\/wp-content\/uploads\/2010\/12\/Kropotkin-Philosophie.jpg 1024w\" sizes=\"auto, (max-width: 209px) 100vw, 209px\" \/><\/a><br \/>\n<small style=\"color: #1a3434;\"><big style=\"color: #316363;\"><span style=\"font-family: Helvetica,Arial,sans-serif; font-weight: bold;\">Peter Kropotkin: Der Anarchismus\u00a0 &#8211;\u00a0 Philosophie und Ideale<\/span><\/big><br style=\"font-family: Helvetica,Arial,sans-serif;\" \/><span style=\"font-family: Helvetica,Arial,sans-serif;\">Texte zur Theorie und Praxis des Anarchismus und Syndikalismus. Band 13. Brosch\u00fcre mit 48 Seiten, DIN A 5.<\/span><br style=\"font-family: Helvetica,Arial,sans-serif;\" \/><span style=\"font-family: Helvetica,Arial,sans-serif;\">\u00dcbersetzung eines Vortrages, der am 6. M\u00e4rz 1896 im Tivoli- Vauxhall zu Paris gehalten werden sollte.<\/span><br style=\"font-family: Helvetica,Arial,sans-serif;\" \/><span style=\"font-family: Helvetica,Arial,sans-serif;\">Der Naturwissenschaftler und Anarchist, der auch auf die revolution\u00e4re Bewegung in Russland gro\u00dfen Einfluss hatte, stellt hier die grundlegenden Prinzipien des Anarchismus vor. Kropotkin m\u00f6chte vor allem durch ein gute Darlegung seiner politischen Ideale und Ziele mit einem Vorurteil aufr\u00e4umen, das wir heute wohl auch noch kennen, n\u00e4mlich, dass der anarchistische \u201eHaufen von Zukunftsvisionen nur ein (&#8230;)Vorsto\u00df auf die Zerst\u00f6rung der ganzen gegenw\u00e4rtigen Zivilisation\u201c und die \u201eeinzige Philosophie des Anarchisten (&#8230;) die Zerst\u00f6rung, sein einziges Argument die Gewalt\u201c seien.<\/span><br style=\"font-family: Helvetica,Arial,sans-serif;\" \/><span style=\"font-family: Helvetica,Arial,sans-serif;\">Nat\u00fcrlich haben solche Stereotype wenig mit dem tats\u00e4chlichen \u201eZiel\u201c des (kropotkinschen) Anarchismus zu tun, der nicht etwa im Moment einer Revolution aufflammt, um hernach wieder zu verblassen, sondern der sich als freiheitliches gesellschaftlich- politisches Modell langfristig und dauerhaft etablieren m\u00f6chte, hierbei aber weder an Parteienpolitik noch an einer Hierarchisierung der Gesellschaft interessiert ist, sondern an der Emanzipation und Teilhabe des Einzelnen wie der Gesellschaft insgesamt. Es geht um Kooperation statt Kampf (mithin Kropotkin vs. Darwin), Verantwortung statt Parlamentarismus, Freiheit statt Hierarchie, Anarchie statt Staatsapparat.<\/span><\/small><\/p>\n","protected":false},"excerpt":{"rendered":"<p>Peter Kropotkin: Der Anarchismus\u00a0 &#8211;\u00a0 Philosophie und IdealeTexte zur Theorie [&hellip;] &hellip; <a href=\"https:\/\/www.packpapierverlag.de\/?product=kropotkin-der-anarchismus\">Weiterlesen <span class=\"meta-nav\">&rarr;<\/span><\/a><\/p>\n","protected":false},"featured_media":5062,"template":"","meta":[],"product_brand":[],"product_cat":[7,3],"product_tag":[],"class_list":{"0":"post-903","1":"product","2":"type-product","3":"status-publish","4":"has-post-thumbnail","6":"product_cat-anarchie-hefte-und-bucher","7":"product_cat-produkte","9":"first","10":"instock","11":"shipping-taxable","12":"purchasable","13":"product-type-simple"},"_links":{"self":[{"href":"https:\/\/www.packpapierverlag.de\/index.php?rest_route=\/wp\/v2\/product\/903","targetHints":{"allow":["GET"]}}],"collection":[{"href":"https:\/\/www.packpapierverlag.de\/index.php?rest_route=\/wp\/v2\/product"}],"about":[{"href":"https:\/\/www.packpapierverlag.de\/index.php?rest_route=\/wp\/v2\/types\/product"}],"wp:featuredmedia":[{"embeddable":true,"href":"https:\/\/www.packpapierverlag.de\/index.php?rest_route=\/wp\/v2\/media\/5062"}],"wp:attachment":[{"href":"https:\/\/www.packpapierverlag.de\/index.php?rest_route=%2Fwp%2Fv2%2Fmedia&parent=903"}],"wp:term":[{"taxonomy":"product_brand","embeddable":true,"href":"https:\/\/www.packpapierverlag.de\/index.php?rest_route=%2Fwp%2Fv2%2Fproduct_brand&post=903"},{"taxonomy":"product_cat","embeddable":true,"href":"https:\/\/www.packpapierverlag.de\/index.php?rest_route=%2Fwp%2Fv2%2Fproduct_cat&post=903"},{"taxonomy":"product_tag","embeddable":true,"href":"https:\/\/www.packpapierverlag.de\/index.php?rest_route=%2Fwp%2Fv2%2Fproduct_tag&post=903"}],"curies":[{"name":"wp","href":"https:\/\/api.w.org\/{rel}","templated":true}]}}