{"id":906,"date":"2010-12-17T16:11:30","date_gmt":"2010-12-17T15:11:30","guid":{"rendered":"http:\/\/www.packpapierverlag.de\/neu\/?p=906"},"modified":"2017-04-25T13:10:04","modified_gmt":"2017-04-25T11:10:04","slug":"kropotkin-der-wohlstand-fur-alle","status":"publish","type":"product","link":"https:\/\/www.packpapierverlag.de\/?product=kropotkin-der-wohlstand-fur-alle","title":{"rendered":"Kropotkin: Der Wohlstand f\u00fcr alle (e17)"},"content":{"rendered":"<p><a href=\"https:\/\/www.packpapierverlag.de\/wp-content\/uploads\/2010\/12\/Kropotkin-Wohlstand.jpg\"><img loading=\"lazy\" decoding=\"async\" class=\"alignleft size-medium wp-image-4475\" title=\"Kropotkin Wohlstand\" src=\"https:\/\/www.packpapierverlag.de\/wp-content\/uploads\/2010\/12\/Kropotkin-Wohlstand-208x300.jpg\" alt=\"\" width=\"208\" height=\"300\" srcset=\"https:\/\/www.packpapierverlag.de\/wp-content\/uploads\/2010\/12\/Kropotkin-Wohlstand-208x300.jpg 208w, https:\/\/www.packpapierverlag.de\/wp-content\/uploads\/2010\/12\/Kropotkin-Wohlstand-300x431.jpg 300w, https:\/\/www.packpapierverlag.de\/wp-content\/uploads\/2010\/12\/Kropotkin-Wohlstand-712x1024.jpg 712w, https:\/\/www.packpapierverlag.de\/wp-content\/uploads\/2010\/12\/Kropotkin-Wohlstand.jpg 1024w\" sizes=\"auto, (max-width: 208px) 100vw, 208px\" \/><\/a><br \/>\n<small style=\"color: #345633;\"><big style=\"font-weight: bold; color: #457b7c;\"><span style=\"font-family: Helvetica,Arial,sans-serif;\">Peter Kropotkin: Der Wohlstand f\u00fcr alle.<\/span><\/big><br style=\"font-family: Helvetica,Arial,sans-serif;\" \/><span style=\"font-family: Helvetica,Arial,sans-serif;\">Heft mit 32 Seiten, DIN A 5, Umweltpapier. Packpapier Verlag.<\/span><br style=\"font-family: Helvetica,Arial,sans-serif;\" \/><span style=\"font-family: Helvetica,Arial,sans-serif; font-weight: bold;\">3 Kapitel: Unsere Reicht\u00fcmer. Der Wohlstand f\u00fcr alle. Freie Gesellschaft.<\/span><br style=\"font-family: Helvetica,Arial,sans-serif;\" \/><span style=\"font-family: Helvetica,Arial,sans-serif;\">Der Naturwissenschaftler und Anarchist, der auch gro\u00dfen Einfluss auf die revolution\u00e4re Bewegung in Russland hatte, legt in seinen Texten die M\u00f6glichkeiten einer g\u00e4nzlich anderen Vergesellschaftungsform dar. Einer Gesellschaftsform, die ohne das Diktat von Oben auskommt.<\/span><br style=\"font-family: Helvetica,Arial,sans-serif;\" \/><span style=\"font-family: Helvetica,Arial,sans-serif;\"><span style=\"font-weight: bold;\">Ausz\u00fcge: <\/span>*<br \/>\n\u201eWenn man sich (&#8230;) zum Leben selbst wendet, wenn man einen Blick auf die Gesellschaft wirft, so wird man betroffen sein von der unendlich geringen Rolle, welche die Regierung in Wirklichkeit spielt. &#8220;\u00a0 * \u201eMan wird einst das neunzehnte Jahrhundert als das Datum der Fehlgeburt des Parlamentarismus bezeichnen.\u201c * \u201eNachdem man lange Zeit vergeblich danach gestrebt hat, das unl\u00f6sliche Problem zu l\u00f6sen: das Problem sich eine Regierung zu schaffen, die das Individuum zum Gehorsam zwingen k\u00f6nne, ohne jemals selbst der Gesellschaft ungehorsam zu werden, sucht die Menschheit sich von jeder Art Regierung zu befreien und ihren Organisationsbed\u00fcrfnissen auf dem Wege der freien Vereinbarung zwischen den Individuen und den Gruppen mit gleichen Zielen zu gen\u00fcgen.\u201c * \u201eDas Recht auf Wohlstand hat die Sozialrevolution zum Ziel; das Recht auf Arbeit meint bestenfalls ein industrielles Bagno.\u201c (Bagno= Strafanstalt)<\/span><\/small><\/p>\n","protected":false},"excerpt":{"rendered":"<p>Peter Kropotkin: Der Wohlstand f\u00fcr alle.Heft mit 32 Seiten, DIN [&hellip;] &hellip; <a href=\"https:\/\/www.packpapierverlag.de\/?product=kropotkin-der-wohlstand-fur-alle\">Weiterlesen <span class=\"meta-nav\">&rarr;<\/span><\/a><\/p>\n","protected":false},"featured_media":4475,"template":"","meta":[],"product_brand":[],"product_cat":[7,3],"product_tag":[],"class_list":{"0":"post-906","1":"product","2":"type-product","3":"status-publish","4":"has-post-thumbnail","6":"product_cat-anarchie-hefte-und-bucher","7":"product_cat-produkte","9":"first","10":"instock","11":"shipping-taxable","12":"purchasable","13":"product-type-simple"},"_links":{"self":[{"href":"https:\/\/www.packpapierverlag.de\/index.php?rest_route=\/wp\/v2\/product\/906","targetHints":{"allow":["GET"]}}],"collection":[{"href":"https:\/\/www.packpapierverlag.de\/index.php?rest_route=\/wp\/v2\/product"}],"about":[{"href":"https:\/\/www.packpapierverlag.de\/index.php?rest_route=\/wp\/v2\/types\/product"}],"wp:featuredmedia":[{"embeddable":true,"href":"https:\/\/www.packpapierverlag.de\/index.php?rest_route=\/wp\/v2\/media\/4475"}],"wp:attachment":[{"href":"https:\/\/www.packpapierverlag.de\/index.php?rest_route=%2Fwp%2Fv2%2Fmedia&parent=906"}],"wp:term":[{"taxonomy":"product_brand","embeddable":true,"href":"https:\/\/www.packpapierverlag.de\/index.php?rest_route=%2Fwp%2Fv2%2Fproduct_brand&post=906"},{"taxonomy":"product_cat","embeddable":true,"href":"https:\/\/www.packpapierverlag.de\/index.php?rest_route=%2Fwp%2Fv2%2Fproduct_cat&post=906"},{"taxonomy":"product_tag","embeddable":true,"href":"https:\/\/www.packpapierverlag.de\/index.php?rest_route=%2Fwp%2Fv2%2Fproduct_tag&post=906"}],"curies":[{"name":"wp","href":"https:\/\/api.w.org\/{rel}","templated":true}]}}