{"id":916,"date":"2010-12-17T16:14:00","date_gmt":"2010-12-17T15:14:00","guid":{"rendered":"http:\/\/www.packpapierverlag.de\/neu\/?p=916"},"modified":"2018-03-15T09:26:29","modified_gmt":"2018-03-15T08:26:29","slug":"malatesta-anarchie","status":"publish","type":"product","link":"https:\/\/www.packpapierverlag.de\/?product=malatesta-anarchie","title":{"rendered":"Malatesta: Anarchie (e39)"},"content":{"rendered":"<p><a href=\"https:\/\/www.packpapierverlag.de\/wp-content\/uploads\/2010\/12\/Malatesta-Anarchie.jpg\"><img loading=\"lazy\" decoding=\"async\" class=\"alignleft size-medium wp-image-4459\" title=\"Malatesta Anarchie\" src=\"https:\/\/www.packpapierverlag.de\/wp-content\/uploads\/2010\/12\/Malatesta-Anarchie-217x300.jpg\" alt=\"\" width=\"217\" height=\"300\" srcset=\"https:\/\/www.packpapierverlag.de\/wp-content\/uploads\/2010\/12\/Malatesta-Anarchie-217x300.jpg 217w, https:\/\/www.packpapierverlag.de\/wp-content\/uploads\/2010\/12\/Malatesta-Anarchie-300x415.jpg 300w, https:\/\/www.packpapierverlag.de\/wp-content\/uploads\/2010\/12\/Malatesta-Anarchie-741x1024.jpg 741w, https:\/\/www.packpapierverlag.de\/wp-content\/uploads\/2010\/12\/Malatesta-Anarchie.jpg 1024w\" sizes=\"auto, (max-width: 217px) 100vw, 217px\" \/><\/a><small style=\"color: #303000; font-family: Helvetica,Arial,sans-serif;\"><big style=\"color: #751625;\"><span style=\"font-weight: bold;\">Errico Malatesta : Anarchie<\/span><\/big><br \/>\nHeft mit 74 Seiten. DIN A 6.Herausgegeben von der Anarchistischen Vereinigung Norddeutschlands.<br \/>\nMalatesta gibt hier seine Definition des Anarchismus wieder und setzt sich mit der Unzul\u00e4nglichkeit des Parlamentarismus auseinander, dem er die freiheitliche Grundidee der menschlichen Solidarit\u00e4t gegen\u00fcberstellt. Sehr gerne gelesene Einf\u00fchrung in die Prinzipien des Anarchismus.<\/small><\/p>\n","protected":false},"excerpt":{"rendered":"<p>Errico Malatesta : Anarchie Heft mit 74 Seiten. DIN A [&hellip;] &hellip; <a href=\"https:\/\/www.packpapierverlag.de\/?product=malatesta-anarchie\">Weiterlesen <span class=\"meta-nav\">&rarr;<\/span><\/a><\/p>\n","protected":false},"featured_media":4459,"template":"","meta":[],"product_brand":[],"product_cat":[7,3],"product_tag":[],"class_list":{"0":"post-916","1":"product","2":"type-product","3":"status-publish","4":"has-post-thumbnail","6":"product_cat-anarchie-hefte-und-bucher","7":"product_cat-produkte","9":"first","10":"instock","11":"shipping-taxable","12":"purchasable","13":"product-type-simple"},"_links":{"self":[{"href":"https:\/\/www.packpapierverlag.de\/index.php?rest_route=\/wp\/v2\/product\/916","targetHints":{"allow":["GET"]}}],"collection":[{"href":"https:\/\/www.packpapierverlag.de\/index.php?rest_route=\/wp\/v2\/product"}],"about":[{"href":"https:\/\/www.packpapierverlag.de\/index.php?rest_route=\/wp\/v2\/types\/product"}],"wp:featuredmedia":[{"embeddable":true,"href":"https:\/\/www.packpapierverlag.de\/index.php?rest_route=\/wp\/v2\/media\/4459"}],"wp:attachment":[{"href":"https:\/\/www.packpapierverlag.de\/index.php?rest_route=%2Fwp%2Fv2%2Fmedia&parent=916"}],"wp:term":[{"taxonomy":"product_brand","embeddable":true,"href":"https:\/\/www.packpapierverlag.de\/index.php?rest_route=%2Fwp%2Fv2%2Fproduct_brand&post=916"},{"taxonomy":"product_cat","embeddable":true,"href":"https:\/\/www.packpapierverlag.de\/index.php?rest_route=%2Fwp%2Fv2%2Fproduct_cat&post=916"},{"taxonomy":"product_tag","embeddable":true,"href":"https:\/\/www.packpapierverlag.de\/index.php?rest_route=%2Fwp%2Fv2%2Fproduct_tag&post=916"}],"curies":[{"name":"wp","href":"https:\/\/api.w.org\/{rel}","templated":true}]}}