{"id":935,"date":"2010-12-17T16:15:19","date_gmt":"2010-12-17T15:15:19","guid":{"rendered":"http:\/\/www.packpapierverlag.de\/neu\/?p=935"},"modified":"2022-01-16T11:40:31","modified_gmt":"2022-01-16T10:40:31","slug":"majakowski-150-millionen","status":"publish","type":"product","link":"https:\/\/www.packpapierverlag.de\/?product=majakowski-150-millionen","title":{"rendered":"Wladimir Majakowski : 150 Millionen 3,-\u20ac (v16)"},"content":{"rendered":"<p><a href=\"https:\/\/www.packpapierverlag.de\/wp-content\/uploads\/2010\/12\/Majakowski-150-Millionen.jpg\"><img loading=\"lazy\" decoding=\"async\" class=\"alignleft size-medium wp-image-6496\" title=\"Majakowski 150 Millionen\" src=\"https:\/\/www.packpapierverlag.de\/wp-content\/uploads\/2010\/12\/Majakowski-150-Millionen-204x300.jpg\" alt=\"\" width=\"204\" height=\"300\" srcset=\"https:\/\/www.packpapierverlag.de\/wp-content\/uploads\/2010\/12\/Majakowski-150-Millionen-204x300.jpg 204w, https:\/\/www.packpapierverlag.de\/wp-content\/uploads\/2010\/12\/Majakowski-150-Millionen-300x440.jpg 300w, https:\/\/www.packpapierverlag.de\/wp-content\/uploads\/2010\/12\/Majakowski-150-Millionen-697x1024.jpg 697w, https:\/\/www.packpapierverlag.de\/wp-content\/uploads\/2010\/12\/Majakowski-150-Millionen.jpg 1024w\" sizes=\"auto, (max-width: 204px) 100vw, 204px\" \/><\/a><small style=\"color: #162f2f;\"><big style=\"color: #141b2f;\"><span style=\"font-family: Helvetica,Arial,sans-serif; font-weight: bold;\">Wladimir Majakowski:<\/span><br style=\"font-family: Helvetica,Arial,sans-serif; font-weight: bold;\" \/><span style=\"font-family: Helvetica,Arial,sans-serif; font-weight: bold;\">150 Millionen, <small>64 Seiten<\/small> 3,-\u20ac (v16)<\/span><\/big><br style=\"font-family: Helvetica,Arial,sans-serif;\" \/><span style=\"font-family: Helvetica,Arial,sans-serif;\">Neuherausgabe des Revolutionspoems von 1921, mit einem revolutionskritischen Nachwort.<br \/>\nAusz\u00fcge:<br \/>\n\u201eEs erhob sich &#8211; Der ausgemergelte, &#8211; Der hundertm\u00e4ulige, &#8211; Der mit Millionen Z\u00e4hnen bewehrte &#8211; Hunger.\u201c<br \/>\n\u201eEin Besuch, mein Herr! &#8211; Unangemeldet. &#8211; Ich rufe mir selbst das &#8222;Herein!&#8220;. &#8211; Da stehe ich vor dir &#8211; cholerakrank. &#8211; Da stehe ich vor dir &#8211; typhuskrank. &#8211; Von Aasfliegen umschw\u00e4rmt, &#8211; Bl\u00fche ich auf vor dir, &#8211; Pestbeulig, &#8211; Ein Gew\u00e4chs aus Kot.\u201c<br \/>\n\u201eWeder Trotzki widme ich dieses Gedicht, &#8211; Noch beweihr\u00e4uchere ich darin Lenin. &#8211; Ein Millionen-Volk preise ich.\u201c <\/span><\/small><\/p>\n","protected":false},"excerpt":{"rendered":"<p>Wladimir Majakowski:150 Millionen, 64 Seiten 3,-\u20ac (v16)Neuherausgabe des Revolutionspoems von [&hellip;] &hellip; <a href=\"https:\/\/www.packpapierverlag.de\/?product=majakowski-150-millionen\">Weiterlesen <span class=\"meta-nav\">&rarr;<\/span><\/a><\/p>\n","protected":false},"featured_media":6496,"template":"","meta":[],"product_brand":[],"product_cat":[7,18,3],"product_tag":[],"class_list":{"0":"post-935","1":"product","2":"type-product","3":"status-publish","4":"has-post-thumbnail","6":"product_cat-anarchie-hefte-und-bucher","7":"product_cat-literatur","8":"product_cat-produkte","10":"first","11":"instock","12":"shipping-taxable","13":"purchasable","14":"product-type-simple"},"_links":{"self":[{"href":"https:\/\/www.packpapierverlag.de\/index.php?rest_route=\/wp\/v2\/product\/935","targetHints":{"allow":["GET"]}}],"collection":[{"href":"https:\/\/www.packpapierverlag.de\/index.php?rest_route=\/wp\/v2\/product"}],"about":[{"href":"https:\/\/www.packpapierverlag.de\/index.php?rest_route=\/wp\/v2\/types\/product"}],"wp:featuredmedia":[{"embeddable":true,"href":"https:\/\/www.packpapierverlag.de\/index.php?rest_route=\/wp\/v2\/media\/6496"}],"wp:attachment":[{"href":"https:\/\/www.packpapierverlag.de\/index.php?rest_route=%2Fwp%2Fv2%2Fmedia&parent=935"}],"wp:term":[{"taxonomy":"product_brand","embeddable":true,"href":"https:\/\/www.packpapierverlag.de\/index.php?rest_route=%2Fwp%2Fv2%2Fproduct_brand&post=935"},{"taxonomy":"product_cat","embeddable":true,"href":"https:\/\/www.packpapierverlag.de\/index.php?rest_route=%2Fwp%2Fv2%2Fproduct_cat&post=935"},{"taxonomy":"product_tag","embeddable":true,"href":"https:\/\/www.packpapierverlag.de\/index.php?rest_route=%2Fwp%2Fv2%2Fproduct_tag&post=935"}],"curies":[{"name":"wp","href":"https:\/\/api.w.org\/{rel}","templated":true}]}}