{"id":941,"date":"2010-12-17T16:16:59","date_gmt":"2010-12-17T15:16:59","guid":{"rendered":"http:\/\/www.packpapierverlag.de\/neu\/?p=941"},"modified":"2017-04-15T18:14:33","modified_gmt":"2017-04-15T16:14:33","slug":"muhsam-die-freiheit-als-gesellschaftliches-prinzip","status":"publish","type":"product","link":"https:\/\/www.packpapierverlag.de\/?product=muhsam-die-freiheit-als-gesellschaftliches-prinzip","title":{"rendered":"Erich M\u00fchsam: Die Freiheit als gesellschaftliches Prinzip (e23)"},"content":{"rendered":"<p><a href=\"https:\/\/www.packpapierverlag.de\/wp-content\/uploads\/2010\/12\/M\u00fchsam-Freiheit.jpg\"><img loading=\"lazy\" decoding=\"async\" class=\"alignleft size-medium wp-image-4462\" title=\"M\u00fchsam Freiheit\" src=\"https:\/\/www.packpapierverlag.de\/wp-content\/uploads\/2010\/12\/M\u00fchsam-Freiheit-205x300.jpg\" alt=\"\" width=\"205\" height=\"300\" srcset=\"https:\/\/www.packpapierverlag.de\/wp-content\/uploads\/2010\/12\/M\u00fchsam-Freiheit-205x300.jpg 205w, https:\/\/www.packpapierverlag.de\/wp-content\/uploads\/2010\/12\/M\u00fchsam-Freiheit-300x437.jpg 300w, https:\/\/www.packpapierverlag.de\/wp-content\/uploads\/2010\/12\/M\u00fchsam-Freiheit-702x1024.jpg 702w, https:\/\/www.packpapierverlag.de\/wp-content\/uploads\/2010\/12\/M\u00fchsam-Freiheit.jpg 1024w\" sizes=\"auto, (max-width: 205px) 100vw, 205px\" \/><\/a><small style=\"color: #244848;\"><big style=\"font-weight: bold; color: #671233;\"><span style=\"font-family: Helvetica,Arial,sans-serif;\">Erich M\u00fchsam : Die Freiheit als gesellschaftliches Prinzip<\/span><\/big><br style=\"font-family: Helvetica,Arial,sans-serif;\" \/><span style=\"font-family: Helvetica,Arial,sans-serif;\">Antiautorit\u00e4t auf umweltpapiernen 21 Seiten, Heftchen in Format DIN A 6.<\/span><br style=\"font-family: Helvetica,Arial,sans-serif;\" \/><span style=\"font-family: Helvetica,Arial,sans-serif;\">Vortrag, gehalten vor dem S\u00fcdwestdeutschen Rundfunk am 7. November 1929. Nachdruck auf 21 Seiten, DIN A 6, Umweltpapier. Ebenfalls erschienen in M\u00fchsams Zeitschrift FANAL (Organ der anarchistischen Vereinigung).<\/span><br style=\"font-family: Helvetica,Arial,sans-serif;\" \/><span style=\"font-family: Helvetica,Arial,sans-serif;\">Auszug: \u201eIn allen Zeiten, bei allen V\u00f6lkern, wo Meinung gegen Meinung, Losung gegen Losung stand und steht, empfehlen sich die Besch\u00fctzer des Alten wie die Pioniere des Neuen als die Sachwalter der Freiheit. (&#8230;) Das Versprechen: wir werden euch, das Volk, den Staat, die Gesellschaft, die Menschen befreien! Die Aufforderung: befreit euch, das Volk, den Staat, die Gesellschaft, die Menschen! hat mit Freiheit nur in sofern zu tun, als in diesen Parolen ihr Nichtvorhandensein anerkannt und als \u00dcbel festgestellt wird. (&#8230;)und die Einen wie die anderen lassen die Darstellung der Unfreiheit des Bek\u00e4mpften als \u00dcberzeugungsgrund daf\u00fcr gelten, dass die von ihnen gew\u00fcnschten oder verteidigten Werte den Charakter der Freiheit an sich tr\u00fcgen\u201c.<\/span><br style=\"font-family: Helvetica,Arial,sans-serif;\" \/><span style=\"font-family: Helvetica,Arial,sans-serif;\">Letztlich stellt f\u00fcr M\u00fchsam die Freiheit weniger ein reines Politikum, denn ein menschliches Grundbed\u00fcrfnis dar, das es individuell, vor allem aber gesellschaftlich zu verwirklichen gilt.\u00a0<\/span><\/small><\/p>\n","protected":false},"excerpt":{"rendered":"<p>Erich M\u00fchsam : Die Freiheit als gesellschaftliches PrinzipAntiautorit\u00e4t auf umweltpapiernen [&hellip;] &hellip; <a href=\"https:\/\/www.packpapierverlag.de\/?product=muhsam-die-freiheit-als-gesellschaftliches-prinzip\">Weiterlesen <span class=\"meta-nav\">&rarr;<\/span><\/a><\/p>\n","protected":false},"featured_media":4462,"template":"","meta":[],"product_brand":[],"product_cat":[7,3],"product_tag":[],"class_list":{"0":"post-941","1":"product","2":"type-product","3":"status-publish","4":"has-post-thumbnail","6":"product_cat-anarchie-hefte-und-bucher","7":"product_cat-produkte","9":"first","10":"instock","11":"shipping-taxable","12":"purchasable","13":"product-type-simple"},"_links":{"self":[{"href":"https:\/\/www.packpapierverlag.de\/index.php?rest_route=\/wp\/v2\/product\/941","targetHints":{"allow":["GET"]}}],"collection":[{"href":"https:\/\/www.packpapierverlag.de\/index.php?rest_route=\/wp\/v2\/product"}],"about":[{"href":"https:\/\/www.packpapierverlag.de\/index.php?rest_route=\/wp\/v2\/types\/product"}],"wp:featuredmedia":[{"embeddable":true,"href":"https:\/\/www.packpapierverlag.de\/index.php?rest_route=\/wp\/v2\/media\/4462"}],"wp:attachment":[{"href":"https:\/\/www.packpapierverlag.de\/index.php?rest_route=%2Fwp%2Fv2%2Fmedia&parent=941"}],"wp:term":[{"taxonomy":"product_brand","embeddable":true,"href":"https:\/\/www.packpapierverlag.de\/index.php?rest_route=%2Fwp%2Fv2%2Fproduct_brand&post=941"},{"taxonomy":"product_cat","embeddable":true,"href":"https:\/\/www.packpapierverlag.de\/index.php?rest_route=%2Fwp%2Fv2%2Fproduct_cat&post=941"},{"taxonomy":"product_tag","embeddable":true,"href":"https:\/\/www.packpapierverlag.de\/index.php?rest_route=%2Fwp%2Fv2%2Fproduct_tag&post=941"}],"curies":[{"name":"wp","href":"https:\/\/api.w.org\/{rel}","templated":true}]}}