{"id":943,"date":"2010-12-17T16:17:32","date_gmt":"2010-12-17T15:17:32","guid":{"rendered":"http:\/\/www.packpapierverlag.de\/neu\/?p=943"},"modified":"2017-08-02T13:01:19","modified_gmt":"2017-08-02T11:01:19","slug":"muhsam-humbug-der-wahlenparlamentarismus","status":"publish","type":"product","link":"https:\/\/www.packpapierverlag.de\/?product=muhsam-humbug-der-wahlenparlamentarismus","title":{"rendered":"Erich M\u00fchsam: Humbug der Wahlen + Parlamentarismus + Naturgeschichte des W\u00e4hlers + Staatsverneinung (e18)"},"content":{"rendered":"<p><a href=\"https:\/\/www.packpapierverlag.de\/wp-content\/uploads\/2010\/12\/M\u00fchsam-Wahlen.jpg\"><img loading=\"lazy\" decoding=\"async\" class=\"alignleft size-medium wp-image-4465\" title=\"M\u00fchsam Wahlen\" src=\"https:\/\/www.packpapierverlag.de\/wp-content\/uploads\/2010\/12\/M\u00fchsam-Wahlen-213x300.jpg\" alt=\"\" width=\"213\" height=\"300\" srcset=\"https:\/\/www.packpapierverlag.de\/wp-content\/uploads\/2010\/12\/M\u00fchsam-Wahlen-213x300.jpg 213w, https:\/\/www.packpapierverlag.de\/wp-content\/uploads\/2010\/12\/M\u00fchsam-Wahlen-300x422.jpg 300w, https:\/\/www.packpapierverlag.de\/wp-content\/uploads\/2010\/12\/M\u00fchsam-Wahlen-728x1024.jpg 728w, https:\/\/www.packpapierverlag.de\/wp-content\/uploads\/2010\/12\/M\u00fchsam-Wahlen.jpg 1024w\" sizes=\"auto, (max-width: 213px) 100vw, 213px\" \/><\/a><small style=\"color: #1d3b3b;\"><span style=\"font-family: Helvetica,Arial,sans-serif;\">56seitiges Heft (DIN A 6) mit vier Texten vom Anarchisten Erich M\u00fchsam:<\/span><br style=\"font-family: Helvetica,Arial,sans-serif;\" \/><span style=\"font-family: Helvetica,Arial,sans-serif;\"><big style=\"color: #741c3e;\"><span style=\"font-weight: bold;\">\u201eDer Humbug der Wahlen\u201c<\/span><\/big> (erschien 1912 im \u201eKain\u201c)<\/span><br style=\"font-family: Helvetica,Arial,sans-serif;\" \/><span style=\"font-family: Helvetica,Arial,sans-serif;\"><big style=\"color: #741c3e;\"><span style=\"font-weight: bold;\">\u201eParlamentarismus\u201c<\/span><\/big> (erschien 1928 im \u201eFanal\u201c) <strong>&#8222;Zur Naturgeschichte des W\u00e4hlers<\/strong>&#8220; (erschien in der &#8222;Fackel&#8220; 1907) <strong>&#8222;Staatsverneinung&#8220;<\/strong> (erschien im &#8222;Fanal&#8220; 1926)<\/span><br style=\"font-family: Helvetica,Arial,sans-serif;\" \/><span style=\"font-family: Helvetica,Arial,sans-serif;\">Immer wieder (gerne) enttarnt Erich M\u00fchsam das System der Wahlen als der politischen Freiheit entgegenstehend, entlarvt die Herrschaftsgl\u00e4ubigkeit des Parlamentarismus und \u00fcbt herbe Kritik an der KPD, die sich durch ihre Parteienpolitik gegen den Kampf der Arbeiter und gegen das R\u00e4tesystem als Organisationsform der Gesellschaft stellt. Und auch die Sozialdemokraten kommen hier nicht gut weg, fast schon mu\u00df M\u00fchsam sie bemitleiden, wie sie versuchen, ihren Verrat (auch sich selbst gegen\u00fcber) plausibel zu machen. <\/span><\/small><\/p>\n","protected":false},"excerpt":{"rendered":"<p>56seitiges Heft (DIN A 6) mit vier Texten vom Anarchisten [&hellip;] &hellip; <a href=\"https:\/\/www.packpapierverlag.de\/?product=muhsam-humbug-der-wahlenparlamentarismus\">Weiterlesen <span class=\"meta-nav\">&rarr;<\/span><\/a><\/p>\n","protected":false},"featured_media":4465,"template":"","meta":[],"product_brand":[],"product_cat":[7,3],"product_tag":[],"class_list":{"0":"post-943","1":"product","2":"type-product","3":"status-publish","4":"has-post-thumbnail","6":"product_cat-anarchie-hefte-und-bucher","7":"product_cat-produkte","9":"first","10":"instock","11":"shipping-taxable","12":"purchasable","13":"product-type-simple"},"_links":{"self":[{"href":"https:\/\/www.packpapierverlag.de\/index.php?rest_route=\/wp\/v2\/product\/943","targetHints":{"allow":["GET"]}}],"collection":[{"href":"https:\/\/www.packpapierverlag.de\/index.php?rest_route=\/wp\/v2\/product"}],"about":[{"href":"https:\/\/www.packpapierverlag.de\/index.php?rest_route=\/wp\/v2\/types\/product"}],"wp:featuredmedia":[{"embeddable":true,"href":"https:\/\/www.packpapierverlag.de\/index.php?rest_route=\/wp\/v2\/media\/4465"}],"wp:attachment":[{"href":"https:\/\/www.packpapierverlag.de\/index.php?rest_route=%2Fwp%2Fv2%2Fmedia&parent=943"}],"wp:term":[{"taxonomy":"product_brand","embeddable":true,"href":"https:\/\/www.packpapierverlag.de\/index.php?rest_route=%2Fwp%2Fv2%2Fproduct_brand&post=943"},{"taxonomy":"product_cat","embeddable":true,"href":"https:\/\/www.packpapierverlag.de\/index.php?rest_route=%2Fwp%2Fv2%2Fproduct_cat&post=943"},{"taxonomy":"product_tag","embeddable":true,"href":"https:\/\/www.packpapierverlag.de\/index.php?rest_route=%2Fwp%2Fv2%2Fproduct_tag&post=943"}],"curies":[{"name":"wp","href":"https:\/\/api.w.org\/{rel}","templated":true}]}}