{"id":946,"date":"2010-12-17T16:18:11","date_gmt":"2010-12-17T15:18:11","guid":{"rendered":"http:\/\/www.packpapierverlag.de\/neu\/?p=946"},"modified":"2020-06-05T08:35:26","modified_gmt":"2020-06-05T06:35:26","slug":"muller-das-ratesystem-in-deutschland-von-1918","status":"publish","type":"product","link":"https:\/\/www.packpapierverlag.de\/?product=muller-das-ratesystem-in-deutschland-von-1918","title":{"rendered":"M\u00fcller: Das R\u00e4tesystem in Deutschland 1918 (v47)"},"content":{"rendered":"<p>Demokratie oder R\u00e4tesystem? Illustiert, 28 Seiten, DinA5 &#8211; Nr.v47<\/p>\n","protected":false},"excerpt":{"rendered":"<p>Demokratie oder R\u00e4tesystem? Illustiert, 28 Seiten, DinA5 &#8211; Nr.v47<\/p>\n","protected":false},"featured_media":0,"template":"","meta":[],"product_brand":[],"product_cat":[7,3],"product_tag":[],"class_list":{"0":"post-946","1":"product","2":"type-product","3":"status-publish","5":"product_cat-anarchie-hefte-und-bucher","6":"product_cat-produkte","8":"first","9":"instock","10":"shipping-taxable","11":"purchasable","12":"product-type-simple"},"_links":{"self":[{"href":"https:\/\/www.packpapierverlag.de\/index.php?rest_route=\/wp\/v2\/product\/946","targetHints":{"allow":["GET"]}}],"collection":[{"href":"https:\/\/www.packpapierverlag.de\/index.php?rest_route=\/wp\/v2\/product"}],"about":[{"href":"https:\/\/www.packpapierverlag.de\/index.php?rest_route=\/wp\/v2\/types\/product"}],"wp:attachment":[{"href":"https:\/\/www.packpapierverlag.de\/index.php?rest_route=%2Fwp%2Fv2%2Fmedia&parent=946"}],"wp:term":[{"taxonomy":"product_brand","embeddable":true,"href":"https:\/\/www.packpapierverlag.de\/index.php?rest_route=%2Fwp%2Fv2%2Fproduct_brand&post=946"},{"taxonomy":"product_cat","embeddable":true,"href":"https:\/\/www.packpapierverlag.de\/index.php?rest_route=%2Fwp%2Fv2%2Fproduct_cat&post=946"},{"taxonomy":"product_tag","embeddable":true,"href":"https:\/\/www.packpapierverlag.de\/index.php?rest_route=%2Fwp%2Fv2%2Fproduct_tag&post=946"}],"curies":[{"name":"wp","href":"https:\/\/api.w.org\/{rel}","templated":true}]}}