{"id":947,"date":"2010-12-17T16:18:32","date_gmt":"2010-12-17T15:18:32","guid":{"rendered":"http:\/\/www.packpapierverlag.de\/neu\/?p=947"},"modified":"2020-05-05T11:27:19","modified_gmt":"2020-05-05T09:27:19","slug":"muhsam-fur-max-holz","status":"publish","type":"product","link":"https:\/\/www.packpapierverlag.de\/?product=muhsam-fur-max-holz","title":{"rendered":"Erich M\u00fchsam: Gerechtigkeit f\u00fcr Max H\u00f6lz ! (e30)"},"content":{"rendered":"<p><a href=\"https:\/\/www.packpapierverlag.de\/wp-content\/uploads\/2010\/12\/M\u00fchsam-Max-H\u00f6lz.jpg\" rel=\"attachment wp-att-7823\"><img loading=\"lazy\" decoding=\"async\" class=\"size-medium wp-image-7823 alignleft\" src=\"https:\/\/www.packpapierverlag.de\/wp-content\/uploads\/2010\/12\/M\u00fchsam-Max-H\u00f6lz-201x300.jpg\" alt=\"M\u00fchsam Max H\u00f6lz\" width=\"201\" height=\"300\" srcset=\"https:\/\/www.packpapierverlag.de\/wp-content\/uploads\/2010\/12\/M\u00fchsam-Max-H\u00f6lz-201x300.jpg 201w, https:\/\/www.packpapierverlag.de\/wp-content\/uploads\/2010\/12\/M\u00fchsam-Max-H\u00f6lz-300x448.jpg 300w, https:\/\/www.packpapierverlag.de\/wp-content\/uploads\/2010\/12\/M\u00fchsam-Max-H\u00f6lz-768x1148.jpg 768w, https:\/\/www.packpapierverlag.de\/wp-content\/uploads\/2010\/12\/M\u00fchsam-Max-H\u00f6lz-685x1024.jpg 685w, https:\/\/www.packpapierverlag.de\/wp-content\/uploads\/2010\/12\/M\u00fchsam-Max-H\u00f6lz.jpg 1024w\" sizes=\"auto, (max-width: 201px) 100vw, 201px\" \/><\/a>Erich M\u00fchsam: Gerechtigkeit f\u00fcr Max H\u00f6lz!<\/p>\n<p>76 Seiten 5,-\u20ac &#8211; Diese Ausgabe folgt der dritten Auflage des 1926 im Verlag Rote Hilfe ver\u00f6ffentlichen Textes mit dem Nachwort Arthur Dombrowskis und wurde zum besseren Verst\u00e4ndnis mit einem neuen Nachwort, vielen Anmerkungen und einem Anhang versehen.<\/p>\n<p>&#8222;Wenn ich von der b\u00fcrgerlichen Gesellschaft Gerechtigkeit verlange, so bedeutet das noch nicht, da\u00df ich sie auch erwarte.&#8220; (&#8230;kommentierte Erich M\u00fchsam den Titel seiner Schrift sarkastisch)<\/p>\n<p>Das Nachwort kann hier separat als PDF geladen werden: <a href=\"https:\/\/www.packpapierverlag.de\/wp-content\/uploads\/2020\/05\/Nachwort-M\u00fchsam.Hoelz_.pdf\" target=\"_blank\" rel=\"noopener noreferrer\">Nachwort<\/a><\/p>\n","protected":false},"excerpt":{"rendered":"<p>Erich M\u00fchsam: Gerechtigkeit f\u00fcr Max H\u00f6lz! 76 Seiten 5,-\u20ac &#8211; [&hellip;] &hellip; <a href=\"https:\/\/www.packpapierverlag.de\/?product=muhsam-fur-max-holz\">Weiterlesen <span class=\"meta-nav\">&rarr;<\/span><\/a><\/p>\n","protected":false},"featured_media":7823,"template":"","meta":[],"product_brand":[],"product_cat":[7,3],"product_tag":[],"class_list":{"0":"post-947","1":"product","2":"type-product","3":"status-publish","4":"has-post-thumbnail","6":"product_cat-anarchie-hefte-und-bucher","7":"product_cat-produkte","9":"first","10":"instock","11":"shipping-taxable","12":"purchasable","13":"product-type-simple"},"_links":{"self":[{"href":"https:\/\/www.packpapierverlag.de\/index.php?rest_route=\/wp\/v2\/product\/947","targetHints":{"allow":["GET"]}}],"collection":[{"href":"https:\/\/www.packpapierverlag.de\/index.php?rest_route=\/wp\/v2\/product"}],"about":[{"href":"https:\/\/www.packpapierverlag.de\/index.php?rest_route=\/wp\/v2\/types\/product"}],"wp:featuredmedia":[{"embeddable":true,"href":"https:\/\/www.packpapierverlag.de\/index.php?rest_route=\/wp\/v2\/media\/7823"}],"wp:attachment":[{"href":"https:\/\/www.packpapierverlag.de\/index.php?rest_route=%2Fwp%2Fv2%2Fmedia&parent=947"}],"wp:term":[{"taxonomy":"product_brand","embeddable":true,"href":"https:\/\/www.packpapierverlag.de\/index.php?rest_route=%2Fwp%2Fv2%2Fproduct_brand&post=947"},{"taxonomy":"product_cat","embeddable":true,"href":"https:\/\/www.packpapierverlag.de\/index.php?rest_route=%2Fwp%2Fv2%2Fproduct_cat&post=947"},{"taxonomy":"product_tag","embeddable":true,"href":"https:\/\/www.packpapierverlag.de\/index.php?rest_route=%2Fwp%2Fv2%2Fproduct_tag&post=947"}],"curies":[{"name":"wp","href":"https:\/\/api.w.org\/{rel}","templated":true}]}}