{"id":974,"date":"2010-12-17T16:23:35","date_gmt":"2010-12-17T15:23:35","guid":{"rendered":"http:\/\/www.packpapierverlag.de\/neu\/?p=974"},"modified":"2020-01-29T21:27:37","modified_gmt":"2020-01-29T20:27:37","slug":"11-september-ground-zero","status":"publish","type":"product","link":"https:\/\/www.packpapierverlag.de\/?product=11-september-ground-zero","title":{"rendered":"Ground Zero &#8211; 11. September (p126)"},"content":{"rendered":"<p><a href=\"https:\/\/www.packpapierverlag.de\/wp-content\/uploads\/2010\/12\/ground-zero.jpg\"><img loading=\"lazy\" decoding=\"async\" class=\"alignleft size-medium wp-image-5220\" title=\"ground zero\" src=\"https:\/\/www.packpapierverlag.de\/wp-content\/uploads\/2010\/12\/ground-zero-228x300.jpg\" alt=\"\" width=\"228\" height=\"300\" srcset=\"https:\/\/www.packpapierverlag.de\/wp-content\/uploads\/2010\/12\/ground-zero-228x300.jpg 228w, https:\/\/www.packpapierverlag.de\/wp-content\/uploads\/2010\/12\/ground-zero-300x393.jpg 300w, https:\/\/www.packpapierverlag.de\/wp-content\/uploads\/2010\/12\/ground-zero-781x1024.jpg 781w, https:\/\/www.packpapierverlag.de\/wp-content\/uploads\/2010\/12\/ground-zero.jpg 1024w\" sizes=\"auto, (max-width: 228px) 100vw, 228px\" \/><\/a><small style=\"color: #183030;\"><big style=\"color: #2e5d5d;\"><span style=\"font-family: Helvetica,Arial,sans-serif; font-weight: bold;\">T` error. Ground Zero. 11. September 2001.<\/span><\/big><br style=\"font-family: Helvetica,Arial,sans-serif;\" \/><span style=\"font-family: Helvetica,Arial,sans-serif;\">Materialien zur politischen Bewusstseinserweiterung. Zusammengestellt vom Antikriegsforum Steinfurt. Heft mit 80 Seiten auf DIN A 6, gedruckt auf Umweltpapier.<\/span><br style=\"font-family: Helvetica,Arial,sans-serif;\" \/><span style=\"font-family: Helvetica,Arial,sans-serif;\">Immer wieder gut, andere (amerikanische) Stimmen zu h\u00f6ren! Wobei ja interessanterweise gerade in New York der Unmut \u00fcber den Irakkrieg mit am gr\u00f6\u00dften war.<\/span><br style=\"font-family: Helvetica,Arial,sans-serif;\" \/><span style=\"font-family: Helvetica,Arial,sans-serif;\"><span style=\"font-weight: bold;\">Texte folgender Autoren sind zu finden:<\/span> * Ignacio Ramonet: Der Gegner. * Gabriele Gillen: Der Preis der L\u00fcge oder: Die Schatten der Geschichte. * Phyllis und Orlando Rodriguez: &#8230;lasst uns der Unmenschlichkeit nichts hinzuf\u00fcgen. Andere Stimmen: Presseausschnitte. * Susan Sonntag: Unsere St\u00e4rke wird uns nicht helfen. * War Resister League: Manhattan im Belagerungszustand. * Herrmann Cropp: Opposition in den USA. * Christian Sigrist (Interview): Dezentraler Terrorismus. * Tariq Ali: Eine politische, nicht eine milit\u00e4rische L\u00f6sung. * Uri Avnery: Twin Towers, 15. September 2001. * Edward S. Herman: Die da drau\u00dfen haben einen \u201eWiderwillen gegen die Westliche Zivilisation und ihre kulturellen Werte\u201c * Der Schwarze Radikale Kongress: Die Terror- Attacken. * Michael Albert: Unheilvolle Perspektive. * Noam Chomsky: Ein Geschenk f\u00fcr die Rechte. * Howard Zinn: RACHE. * Erkl\u00e4rung der RAW zu den Terroranschl\u00e4gen. * P.M.: Krieg gegen Terror? Sie versuchen es noch einmal. * Robert Fisk: Die Grausamkeiten k\u00f6nnten dazu dienen, Amerika zu einem kostspieligen milit\u00e4rischen Abendteuer zu verleiten. * Friedenskundgebung: Wut und Trauer \u00fcber die Terroropfer d\u00fcrfen nicht zu noch mehr Opfern f\u00fchren. * Erkl\u00e4rung von Friedensorganisationen: Br\u00fccken bauen, Gewaltspirale durchbrechen! * Linkliste * Klaus der Geiger: Perverse F\u00fchrer.<\/span><\/small><\/p>\n","protected":false},"excerpt":{"rendered":"<p>T` error. Ground Zero. 11. September 2001.Materialien zur politischen Bewusstseinserweiterung. [&hellip;] &hellip; <a href=\"https:\/\/www.packpapierverlag.de\/?product=11-september-ground-zero\">Weiterlesen <span class=\"meta-nav\">&rarr;<\/span><\/a><\/p>\n","protected":false},"featured_media":5220,"template":"","meta":[],"product_brand":[],"product_cat":[9,3],"product_tag":[],"class_list":{"0":"post-974","1":"product","2":"type-product","3":"status-publish","4":"has-post-thumbnail","6":"product_cat-bewegung-widerstand","7":"product_cat-produkte","9":"first","10":"instock","11":"shipping-taxable","12":"purchasable","13":"product-type-simple"},"_links":{"self":[{"href":"https:\/\/www.packpapierverlag.de\/index.php?rest_route=\/wp\/v2\/product\/974","targetHints":{"allow":["GET"]}}],"collection":[{"href":"https:\/\/www.packpapierverlag.de\/index.php?rest_route=\/wp\/v2\/product"}],"about":[{"href":"https:\/\/www.packpapierverlag.de\/index.php?rest_route=\/wp\/v2\/types\/product"}],"wp:featuredmedia":[{"embeddable":true,"href":"https:\/\/www.packpapierverlag.de\/index.php?rest_route=\/wp\/v2\/media\/5220"}],"wp:attachment":[{"href":"https:\/\/www.packpapierverlag.de\/index.php?rest_route=%2Fwp%2Fv2%2Fmedia&parent=974"}],"wp:term":[{"taxonomy":"product_brand","embeddable":true,"href":"https:\/\/www.packpapierverlag.de\/index.php?rest_route=%2Fwp%2Fv2%2Fproduct_brand&post=974"},{"taxonomy":"product_cat","embeddable":true,"href":"https:\/\/www.packpapierverlag.de\/index.php?rest_route=%2Fwp%2Fv2%2Fproduct_cat&post=974"},{"taxonomy":"product_tag","embeddable":true,"href":"https:\/\/www.packpapierverlag.de\/index.php?rest_route=%2Fwp%2Fv2%2Fproduct_tag&post=974"}],"curies":[{"name":"wp","href":"https:\/\/api.w.org\/{rel}","templated":true}]}}